{"id":1164,"date":"2016-03-07T01:23:12","date_gmt":"2016-03-07T00:23:12","guid":{"rendered":"http:\/\/www.stara-baska-apartments.com\/de\/?page_id=1164"},"modified":"2016-03-07T15:13:31","modified_gmt":"2016-03-07T14:13:31","slug":"stara-baska-apartments","status":"publish","type":"page","link":"https:\/\/www.stara-baska-apartments.com\/de\/","title":{"rendered":"Home"},"content":{"rendered":"<h3>Willkommen in Stara Baska Apartments Website<\/h3>\n<p>Stara Baska Apartments liegen in einer kleinen Bucht auf der <a href=\"http:\/\/www.stara-baska-apartments.com\/de\/die-insel-krk\/\">Insel Krk<\/a>, im <a href=\"http:\/\/www.stara-baska-apartments.com\/de\/stara-baska\/\">Dorf Stara Ba\u0161ka<\/a>, wo die Zeit stehen zu bleiben scheint. Das Leben im Dorf ist ziemlich einfach, so wie halt das Leben auf der Inselt ist. Die uns umgebenden reichlichen Gaben sind ein selbstloses Geschenk der Mutter Natur, mit der wir im Einklang leben und der gegen\u00fcber wir viel Achtung zeigen. Die Tage sind sonnig und heiter, das klare Meer erstreckt sich \u00fcberall wohin unser Blick reicht. Die N\u00e4chte sind demgegen\u00fcber ruhig und sorgen f\u00fcr einen herrlichen und entspannten Urlaub. Es ist h\u00f6chste Zeit, in den schon l\u00e4ngst verdienten Urlaub zu fahren!<\/p>\n<p><a href=\"http:\/\/www.stara-baska-apartments.com\/wp-content\/uploads\/2016\/01\/StaraBaskaHouse02.jpg\" rel=\"fancybox[1164]\" rel=\"attachment wp-att-897\"><img loading=\"lazy\" decoding=\"async\" class=\"alignleft wp-image-897 size-medium\" src=\"http:\/\/www.stara-baska-apartments.com\/wp-content\/uploads\/2016\/01\/StaraBaskaHouse02-300x111.jpg\" alt=\"Stara Baska Apartments\" width=\"300\" height=\"111\" srcset=\"https:\/\/www.stara-baska-apartments.com\/wp-content\/uploads\/2016\/01\/StaraBaskaHouse02-300x111.jpg 300w, https:\/\/www.stara-baska-apartments.com\/wp-content\/uploads\/2016\/01\/StaraBaskaHouse02-768x283.jpg 768w, https:\/\/www.stara-baska-apartments.com\/wp-content\/uploads\/2016\/01\/StaraBaskaHouse02-920x343.jpg 920w, https:\/\/www.stara-baska-apartments.com\/wp-content\/uploads\/2016\/01\/StaraBaskaHouse02.jpg 930w\" sizes=\"auto, (max-width: 300px) 100vw, 300px\" \/><\/a><\/p>\n<blockquote><p>Zwei ger\u00e4umige und sch\u00f6n gestaltete Apartments, \u201eGalun\u201c und \u201eRosso\u201c genannt, sind Teile unseres Hauses im Dorf Stara Ba\u0161ka, in der unmittelbaren N\u00e4he der Str\u00e4nde. Eine perfekte Unterkunft f\u00fcr Sie, Ihre Familie und Freunde.<br \/>\n&nbsp;<\/p><\/blockquote>\n<p><iframe loading=\"lazy\" src=\"https:\/\/www.youtube.com\/embed\/xLVsKqYebtY?rel=0\" width=\"560\" height=\"315\" frameborder=\"0\" allowfullscreen=\"allowfullscreen\"><\/iframe><\/p>\n<p>Stellen sie sich nur vor, sie erwachen nach einem langen und tiefen Schlaf. Sie begeben sich auf die ger\u00e4umige Terrasse und atmen die frische Morgenluft ein. Das Erste was sie mit ihrem Blick einfangen ist das endlose blaue Meer, dessen Wellen in Richtung des kleinen Insel Galun schimmern. Diese Szene k\u00f6nnen sie in unseren Apartments wirklich erleben. Egal ob sie auf der Suche nach einer spannungsvollen Reise mit viel Unterhaltung oder eher nach Ruhe auf <a href=\"http:\/\/www.stara-baska-apartments.com\/de\/der-strand-von-stara-baska\/\">einem stillen und sonnigen Strand sind<\/a>, sind sie bei uns richtig. In der Nacht beginnt die Wandlung von Stara Ba\u0161ka und die Sch\u00f6nheit des Ortes am Tageslicht bekommt eine neue Dimension. Ein Glas Wein mit der Person, die uns naheliegt, ein Horizont in der anbrechenden D\u00e4mmerung, der Himmel und das Meer vereinigt in Purpurfarbe. Die Natur sorgt f\u00fcr eine herrliche, musikalische Kulisse mit dem Zwitschern der Grillen in der warmen Sommerbrise und dem Wellenger\u00e4usch vom Strand in der N\u00e4he.<\/p>\n<p><div id='gallery-1' class='gallery galleryid-1164 gallery-columns-8 gallery-size-ci_featgal_small_thumb'><figure class='gallery-item'>\n\t\t\t<div class='gallery-icon portrait'>\n\t\t\t\t<a href='https:\/\/www.stara-baska-apartments.com\/wp-content\/uploads\/2015\/12\/StaraBaskaGalun0667.jpg' rel=\"fancybox[1164]\" rel=\"fancybox[1164]\"><img loading=\"lazy\" decoding=\"async\" width=\"100\" height=\"100\" src=\"https:\/\/www.stara-baska-apartments.com\/wp-content\/uploads\/2015\/12\/StaraBaskaGalun0667-100x100.jpg\" class=\"attachment-ci_featgal_small_thumb size-ci_featgal_small_thumb\" alt=\"\" srcset=\"https:\/\/www.stara-baska-apartments.com\/wp-content\/uploads\/2015\/12\/StaraBaskaGalun0667-100x100.jpg 100w, https:\/\/www.stara-baska-apartments.com\/wp-content\/uploads\/2015\/12\/StaraBaskaGalun0667-150x150.jpg 150w\" sizes=\"auto, (max-width: 100px) 100vw, 100px\" \/><\/a>\n\t\t\t<\/div><\/figure><figure class='gallery-item'>\n\t\t\t<div class='gallery-icon portrait'>\n\t\t\t\t<a href='https:\/\/www.stara-baska-apartments.com\/wp-content\/uploads\/2015\/12\/StaraBaskaGalun58.jpg' rel=\"fancybox[1164]\" rel=\"fancybox[1164]\"><img loading=\"lazy\" decoding=\"async\" width=\"100\" height=\"100\" src=\"https:\/\/www.stara-baska-apartments.com\/wp-content\/uploads\/2015\/12\/StaraBaskaGalun58-100x100.jpg\" class=\"attachment-ci_featgal_small_thumb size-ci_featgal_small_thumb\" alt=\"\" srcset=\"https:\/\/www.stara-baska-apartments.com\/wp-content\/uploads\/2015\/12\/StaraBaskaGalun58-100x100.jpg 100w, https:\/\/www.stara-baska-apartments.com\/wp-content\/uploads\/2015\/12\/StaraBaskaGalun58-150x150.jpg 150w\" sizes=\"auto, (max-width: 100px) 100vw, 100px\" \/><\/a>\n\t\t\t<\/div><\/figure><figure class='gallery-item'>\n\t\t\t<div class='gallery-icon portrait'>\n\t\t\t\t<a href='https:\/\/www.stara-baska-apartments.com\/wp-content\/uploads\/2015\/12\/StaraBaskaGalun0666.jpg' rel=\"fancybox[1164]\" rel=\"fancybox[1164]\"><img loading=\"lazy\" decoding=\"async\" width=\"100\" height=\"100\" src=\"https:\/\/www.stara-baska-apartments.com\/wp-content\/uploads\/2015\/12\/StaraBaskaGalun0666-100x100.jpg\" class=\"attachment-ci_featgal_small_thumb size-ci_featgal_small_thumb\" alt=\"\" srcset=\"https:\/\/www.stara-baska-apartments.com\/wp-content\/uploads\/2015\/12\/StaraBaskaGalun0666-100x100.jpg 100w, https:\/\/www.stara-baska-apartments.com\/wp-content\/uploads\/2015\/12\/StaraBaskaGalun0666-150x150.jpg 150w\" sizes=\"auto, (max-width: 100px) 100vw, 100px\" \/><\/a>\n\t\t\t<\/div><\/figure><figure class='gallery-item'>\n\t\t\t<div class='gallery-icon portrait'>\n\t\t\t\t<a href='https:\/\/www.stara-baska-apartments.com\/wp-content\/uploads\/2016\/01\/StaraBaskaPlace03.jpg' rel=\"fancybox[1164]\" rel=\"fancybox[1164]\"><img loading=\"lazy\" decoding=\"async\" width=\"100\" height=\"100\" src=\"https:\/\/www.stara-baska-apartments.com\/wp-content\/uploads\/2016\/01\/StaraBaskaPlace03-100x100.jpg\" class=\"attachment-ci_featgal_small_thumb size-ci_featgal_small_thumb\" alt=\"View of Stara Baska\" srcset=\"https:\/\/www.stara-baska-apartments.com\/wp-content\/uploads\/2016\/01\/StaraBaskaPlace03-100x100.jpg 100w, https:\/\/www.stara-baska-apartments.com\/wp-content\/uploads\/2016\/01\/StaraBaskaPlace03-150x150.jpg 150w\" sizes=\"auto, (max-width: 100px) 100vw, 100px\" \/><\/a>\n\t\t\t<\/div><\/figure><figure class='gallery-item'>\n\t\t\t<div class='gallery-icon portrait'>\n\t\t\t\t<a href='https:\/\/www.stara-baska-apartments.com\/wp-content\/uploads\/2015\/12\/StaraBaskaBeach53.jpg' rel=\"fancybox[1164]\" rel=\"fancybox[1164]\"><img loading=\"lazy\" decoding=\"async\" width=\"100\" height=\"100\" src=\"https:\/\/www.stara-baska-apartments.com\/wp-content\/uploads\/2015\/12\/StaraBaskaBeach53-100x100.jpg\" class=\"attachment-ci_featgal_small_thumb size-ci_featgal_small_thumb\" alt=\"\" srcset=\"https:\/\/www.stara-baska-apartments.com\/wp-content\/uploads\/2015\/12\/StaraBaskaBeach53-100x100.jpg 100w, https:\/\/www.stara-baska-apartments.com\/wp-content\/uploads\/2015\/12\/StaraBaskaBeach53-150x150.jpg 150w\" sizes=\"auto, (max-width: 100px) 100vw, 100px\" \/><\/a>\n\t\t\t<\/div><\/figure><figure class='gallery-item'>\n\t\t\t<div class='gallery-icon portrait'>\n\t\t\t\t<a href='https:\/\/www.stara-baska-apartments.com\/wp-content\/uploads\/2012\/07\/StaraBaskaPlace22.jpg' rel=\"fancybox[1164]\" rel=\"fancybox[1164]\"><img loading=\"lazy\" decoding=\"async\" width=\"100\" height=\"100\" src=\"https:\/\/www.stara-baska-apartments.com\/wp-content\/uploads\/2012\/07\/StaraBaskaPlace22-100x100.jpg\" class=\"attachment-ci_featgal_small_thumb size-ci_featgal_small_thumb\" alt=\"\" srcset=\"https:\/\/www.stara-baska-apartments.com\/wp-content\/uploads\/2012\/07\/StaraBaskaPlace22-100x100.jpg 100w, https:\/\/www.stara-baska-apartments.com\/wp-content\/uploads\/2012\/07\/StaraBaskaPlace22-150x150.jpg 150w\" sizes=\"auto, (max-width: 100px) 100vw, 100px\" \/><\/a>\n\t\t\t<\/div><\/figure><figure class='gallery-item'>\n\t\t\t<div class='gallery-icon landscape'>\n\t\t\t\t<a href='https:\/\/www.stara-baska-apartments.com\/wp-content\/uploads\/2016\/01\/StaraBaskaPlace08.jpg' rel=\"fancybox[1164]\" rel=\"fancybox[1164]\"><img loading=\"lazy\" decoding=\"async\" width=\"100\" height=\"100\" src=\"https:\/\/www.stara-baska-apartments.com\/wp-content\/uploads\/2016\/01\/StaraBaskaPlace08-100x100.jpg\" class=\"attachment-ci_featgal_small_thumb size-ci_featgal_small_thumb\" alt=\"\" srcset=\"https:\/\/www.stara-baska-apartments.com\/wp-content\/uploads\/2016\/01\/StaraBaskaPlace08-100x100.jpg 100w, https:\/\/www.stara-baska-apartments.com\/wp-content\/uploads\/2016\/01\/StaraBaskaPlace08-150x150.jpg 150w\" sizes=\"auto, (max-width: 100px) 100vw, 100px\" \/><\/a>\n\t\t\t<\/div><\/figure><figure class='gallery-item'>\n\t\t\t<div class='gallery-icon landscape'>\n\t\t\t\t<a href='https:\/\/www.stara-baska-apartments.com\/wp-content\/uploads\/2016\/01\/StaraBaskaPlace09.jpg' rel=\"fancybox[1164]\" rel=\"fancybox[1164]\"><img loading=\"lazy\" decoding=\"async\" width=\"100\" height=\"100\" src=\"https:\/\/www.stara-baska-apartments.com\/wp-content\/uploads\/2016\/01\/StaraBaskaPlace09-100x100.jpg\" class=\"attachment-ci_featgal_small_thumb size-ci_featgal_small_thumb\" alt=\"sunset\" srcset=\"https:\/\/www.stara-baska-apartments.com\/wp-content\/uploads\/2016\/01\/StaraBaskaPlace09-100x100.jpg 100w, https:\/\/www.stara-baska-apartments.com\/wp-content\/uploads\/2016\/01\/StaraBaskaPlace09-150x150.jpg 150w\" sizes=\"auto, (max-width: 100px) 100vw, 100px\" \/><\/a>\n\t\t\t<\/div><\/figure>\n\t\t<\/div>\n<br \/>\n&nbsp;<br \/>\n&nbsp;<br \/>\n&nbsp;<br \/>\n&nbsp;<br \/>\n&nbsp;<\/p>\n","protected":false},"excerpt":{"rendered":"<p>Willkommen in Stara Baska Apartments Website Stara Baska Apartments liegen in einer kleinen Bucht auf der Insel Krk, im Dorf Stara Ba\u0161ka, wo die Zeit stehen zu bleiben scheint. Das Leben im Dorf ist ziemlich einfach, so wie halt das Leben auf der Inselt ist. Die uns umgebenden reichlichen Gaben[&#8230;]<\/p>\n","protected":false},"author":1,"featured_media":0,"parent":0,"menu_order":0,"comment_status":"open","ping_status":"open","template":"template-front.php","meta":{"sfsi_plus_gutenberg_text_before_share":"","sfsi_plus_gutenberg_show_text_before_share":"","sfsi_plus_gutenberg_icon_type":"","sfsi_plus_gutenberg_icon_alignemt":"","sfsi_plus_gutenburg_max_per_row":"","footnotes":""},"class_list":["post-1164","page","type-page","status-publish","hentry"],"yoast_head":"<!-- This site is optimized with the Yoast SEO plugin v26.9 - https:\/\/yoast.com\/product\/yoast-seo-wordpress\/ -->\n<title>Home - Stara Ba\u0161ka Apartments<\/title>\n<meta name=\"description\" content=\"Die Stara Ba\u0161ka Apartments befinden sich in unserem wundersch\u00f6nen Haus im Dorf Stara Ba\u0161ka, nahe dem Strand. Das ist die perfekte Unterkunft f\u00fcr sie!\" \/>\n<meta name=\"robots\" content=\"index, follow, max-snippet:-1, max-image-preview:large, max-video-preview:-1\" \/>\n<link rel=\"canonical\" href=\"https:\/\/www.stara-baska-apartments.com\/de\/\" \/>\n<meta property=\"og:locale\" content=\"de_DE\" \/>\n<meta property=\"og:type\" content=\"article\" \/>\n<meta property=\"og:title\" content=\"Home - Stara Ba\u0161ka Apartments\" \/>\n<meta property=\"og:description\" content=\"Die Stara Ba\u0161ka Apartments befinden sich in unserem wundersch\u00f6nen Haus im Dorf Stara Ba\u0161ka, nahe dem Strand. Das ist die perfekte Unterkunft f\u00fcr sie!\" \/>\n<meta property=\"og:url\" content=\"https:\/\/www.stara-baska-apartments.com\/de\/\" \/>\n<meta property=\"og:site_name\" content=\"Stara Ba\u0161ka Apartments\" \/>\n<meta property=\"article:modified_time\" content=\"2016-03-07T14:13:31+00:00\" \/>\n<meta property=\"og:image\" content=\"https:\/\/www.stara-baska-apartments.com\/wp-content\/uploads\/2015\/12\/StaraBaskaGalun0667-100x100.jpg\" \/>\n<meta name=\"twitter:card\" content=\"summary_large_image\" \/>\n<meta name=\"twitter:label1\" content=\"Gesch\u00e4tzte Lesezeit\" \/>\n\t<meta name=\"twitter:data1\" content=\"2\u00a0Minuten\" \/>\n<script type=\"application\/ld+json\" class=\"yoast-schema-graph\">{\"@context\":\"https:\/\/schema.org\",\"@graph\":[{\"@type\":\"WebPage\",\"@id\":\"https:\/\/www.stara-baska-apartments.com\/de\/\",\"url\":\"https:\/\/www.stara-baska-apartments.com\/de\/\",\"name\":\"Home - Stara Ba\u0161ka Apartments\",\"isPartOf\":{\"@id\":\"https:\/\/www.stara-baska-apartments.com\/de\/#website\"},\"primaryImageOfPage\":{\"@id\":\"https:\/\/www.stara-baska-apartments.com\/de\/#primaryimage\"},\"image\":{\"@id\":\"https:\/\/www.stara-baska-apartments.com\/de\/#primaryimage\"},\"thumbnailUrl\":\"http:\/\/www.stara-baska-apartments.com\/wp-content\/uploads\/2016\/01\/StaraBaskaHouse02-300x111.jpg\",\"datePublished\":\"2016-03-07T00:23:12+00:00\",\"dateModified\":\"2016-03-07T14:13:31+00:00\",\"description\":\"Die Stara Ba\u0161ka Apartments befinden sich in unserem wundersch\u00f6nen Haus im Dorf Stara Ba\u0161ka, nahe dem Strand. Das ist die perfekte Unterkunft f\u00fcr sie!\",\"breadcrumb\":{\"@id\":\"https:\/\/www.stara-baska-apartments.com\/de\/#breadcrumb\"},\"inLanguage\":\"de\",\"potentialAction\":[{\"@type\":\"ReadAction\",\"target\":[\"https:\/\/www.stara-baska-apartments.com\/de\/\"]}]},{\"@type\":\"ImageObject\",\"inLanguage\":\"de\",\"@id\":\"https:\/\/www.stara-baska-apartments.com\/de\/#primaryimage\",\"url\":\"http:\/\/www.stara-baska-apartments.com\/wp-content\/uploads\/2016\/01\/StaraBaskaHouse02-300x111.jpg\",\"contentUrl\":\"http:\/\/www.stara-baska-apartments.com\/wp-content\/uploads\/2016\/01\/StaraBaskaHouse02-300x111.jpg\"},{\"@type\":\"BreadcrumbList\",\"@id\":\"https:\/\/www.stara-baska-apartments.com\/de\/#breadcrumb\",\"itemListElement\":[{\"@type\":\"ListItem\",\"position\":1,\"name\":\"Home\",\"item\":\"https:\/\/www.stara-baska-apartments.com\/de\/\"},{\"@type\":\"ListItem\",\"position\":2,\"name\":\"Home\"}]},{\"@type\":\"WebSite\",\"@id\":\"https:\/\/www.stara-baska-apartments.com\/de\/#website\",\"url\":\"https:\/\/www.stara-baska-apartments.com\/de\/\",\"name\":\"Stara Ba\u0161ka Apartments\",\"description\":\"The most beautiful place in Island of Krk\",\"publisher\":{\"@id\":\"https:\/\/www.stara-baska-apartments.com\/de\/#\/schema\/person\/120af8770dbc486d4cb500abe5530bcc\"},\"potentialAction\":[{\"@type\":\"SearchAction\",\"target\":{\"@type\":\"EntryPoint\",\"urlTemplate\":\"https:\/\/www.stara-baska-apartments.com\/de\/?s={search_term_string}\"},\"query-input\":{\"@type\":\"PropertyValueSpecification\",\"valueRequired\":true,\"valueName\":\"search_term_string\"}}],\"inLanguage\":\"de\"},{\"@type\":[\"Person\",\"Organization\"],\"@id\":\"https:\/\/www.stara-baska-apartments.com\/de\/#\/schema\/person\/120af8770dbc486d4cb500abe5530bcc\",\"name\":\"jeva\",\"image\":{\"@type\":\"ImageObject\",\"inLanguage\":\"de\",\"@id\":\"https:\/\/www.stara-baska-apartments.com\/de\/#\/schema\/person\/image\/\",\"url\":\"https:\/\/secure.gravatar.com\/avatar\/55f1bddcac228ed6431966f123da9a710604f3bdc2ca8190637ee6aa9f669d58?s=96&d=mm&r=g\",\"contentUrl\":\"https:\/\/secure.gravatar.com\/avatar\/55f1bddcac228ed6431966f123da9a710604f3bdc2ca8190637ee6aa9f669d58?s=96&d=mm&r=g\",\"caption\":\"jeva\"},\"logo\":{\"@id\":\"https:\/\/www.stara-baska-apartments.com\/de\/#\/schema\/person\/image\/\"}}]}<\/script>\n<!-- \/ Yoast SEO plugin. -->","yoast_head_json":{"title":"Home - Stara Ba\u0161ka Apartments","description":"Die Stara Ba\u0161ka Apartments befinden sich in unserem wundersch\u00f6nen Haus im Dorf Stara Ba\u0161ka, nahe dem Strand. Das ist die perfekte Unterkunft f\u00fcr sie!","robots":{"index":"index","follow":"follow","max-snippet":"max-snippet:-1","max-image-preview":"max-image-preview:large","max-video-preview":"max-video-preview:-1"},"canonical":"https:\/\/www.stara-baska-apartments.com\/de\/","og_locale":"de_DE","og_type":"article","og_title":"Home - Stara Ba\u0161ka Apartments","og_description":"Die Stara Ba\u0161ka Apartments befinden sich in unserem wundersch\u00f6nen Haus im Dorf Stara Ba\u0161ka, nahe dem Strand. Das ist die perfekte Unterkunft f\u00fcr sie!","og_url":"https:\/\/www.stara-baska-apartments.com\/de\/","og_site_name":"Stara Ba\u0161ka Apartments","article_modified_time":"2016-03-07T14:13:31+00:00","og_image":[{"url":"https:\/\/www.stara-baska-apartments.com\/wp-content\/uploads\/2015\/12\/StaraBaskaGalun0667-100x100.jpg","type":"","width":"","height":""}],"twitter_card":"summary_large_image","twitter_misc":{"Gesch\u00e4tzte Lesezeit":"2\u00a0Minuten"},"schema":{"@context":"https:\/\/schema.org","@graph":[{"@type":"WebPage","@id":"https:\/\/www.stara-baska-apartments.com\/de\/","url":"https:\/\/www.stara-baska-apartments.com\/de\/","name":"Home - Stara Ba\u0161ka Apartments","isPartOf":{"@id":"https:\/\/www.stara-baska-apartments.com\/de\/#website"},"primaryImageOfPage":{"@id":"https:\/\/www.stara-baska-apartments.com\/de\/#primaryimage"},"image":{"@id":"https:\/\/www.stara-baska-apartments.com\/de\/#primaryimage"},"thumbnailUrl":"http:\/\/www.stara-baska-apartments.com\/wp-content\/uploads\/2016\/01\/StaraBaskaHouse02-300x111.jpg","datePublished":"2016-03-07T00:23:12+00:00","dateModified":"2016-03-07T14:13:31+00:00","description":"Die Stara Ba\u0161ka Apartments befinden sich in unserem wundersch\u00f6nen Haus im Dorf Stara Ba\u0161ka, nahe dem Strand. Das ist die perfekte Unterkunft f\u00fcr sie!","breadcrumb":{"@id":"https:\/\/www.stara-baska-apartments.com\/de\/#breadcrumb"},"inLanguage":"de","potentialAction":[{"@type":"ReadAction","target":["https:\/\/www.stara-baska-apartments.com\/de\/"]}]},{"@type":"ImageObject","inLanguage":"de","@id":"https:\/\/www.stara-baska-apartments.com\/de\/#primaryimage","url":"http:\/\/www.stara-baska-apartments.com\/wp-content\/uploads\/2016\/01\/StaraBaskaHouse02-300x111.jpg","contentUrl":"http:\/\/www.stara-baska-apartments.com\/wp-content\/uploads\/2016\/01\/StaraBaskaHouse02-300x111.jpg"},{"@type":"BreadcrumbList","@id":"https:\/\/www.stara-baska-apartments.com\/de\/#breadcrumb","itemListElement":[{"@type":"ListItem","position":1,"name":"Home","item":"https:\/\/www.stara-baska-apartments.com\/de\/"},{"@type":"ListItem","position":2,"name":"Home"}]},{"@type":"WebSite","@id":"https:\/\/www.stara-baska-apartments.com\/de\/#website","url":"https:\/\/www.stara-baska-apartments.com\/de\/","name":"Stara Ba\u0161ka Apartments","description":"The most beautiful place in Island of Krk","publisher":{"@id":"https:\/\/www.stara-baska-apartments.com\/de\/#\/schema\/person\/120af8770dbc486d4cb500abe5530bcc"},"potentialAction":[{"@type":"SearchAction","target":{"@type":"EntryPoint","urlTemplate":"https:\/\/www.stara-baska-apartments.com\/de\/?s={search_term_string}"},"query-input":{"@type":"PropertyValueSpecification","valueRequired":true,"valueName":"search_term_string"}}],"inLanguage":"de"},{"@type":["Person","Organization"],"@id":"https:\/\/www.stara-baska-apartments.com\/de\/#\/schema\/person\/120af8770dbc486d4cb500abe5530bcc","name":"jeva","image":{"@type":"ImageObject","inLanguage":"de","@id":"https:\/\/www.stara-baska-apartments.com\/de\/#\/schema\/person\/image\/","url":"https:\/\/secure.gravatar.com\/avatar\/55f1bddcac228ed6431966f123da9a710604f3bdc2ca8190637ee6aa9f669d58?s=96&d=mm&r=g","contentUrl":"https:\/\/secure.gravatar.com\/avatar\/55f1bddcac228ed6431966f123da9a710604f3bdc2ca8190637ee6aa9f669d58?s=96&d=mm&r=g","caption":"jeva"},"logo":{"@id":"https:\/\/www.stara-baska-apartments.com\/de\/#\/schema\/person\/image\/"}}]}},"_links":{"self":[{"href":"https:\/\/www.stara-baska-apartments.com\/de\/wp-json\/wp\/v2\/pages\/1164","targetHints":{"allow":["GET"]}}],"collection":[{"href":"https:\/\/www.stara-baska-apartments.com\/de\/wp-json\/wp\/v2\/pages"}],"about":[{"href":"https:\/\/www.stara-baska-apartments.com\/de\/wp-json\/wp\/v2\/types\/page"}],"author":[{"embeddable":true,"href":"https:\/\/www.stara-baska-apartments.com\/de\/wp-json\/wp\/v2\/users\/1"}],"replies":[{"embeddable":true,"href":"https:\/\/www.stara-baska-apartments.com\/de\/wp-json\/wp\/v2\/comments?post=1164"}],"version-history":[{"count":0,"href":"https:\/\/www.stara-baska-apartments.com\/de\/wp-json\/wp\/v2\/pages\/1164\/revisions"}],"wp:attachment":[{"href":"https:\/\/www.stara-baska-apartments.com\/de\/wp-json\/wp\/v2\/media?parent=1164"}],"curies":[{"name":"wp","href":"https:\/\/api.w.org\/{rel}","templated":true}]}}