{"id":1197,"date":"2016-03-07T03:23:09","date_gmt":"2016-03-07T02:23:09","guid":{"rendered":"http:\/\/www.stara-baska-apartments.com\/de\/?page_id=1197"},"modified":"2016-03-07T03:23:09","modified_gmt":"2016-03-07T02:23:09","slug":"die-insel-krk","status":"publish","type":"page","link":"https:\/\/www.stara-baska-apartments.com\/de\/die-insel-krk\/","title":{"rendered":"Die Insel Krk"},"content":{"rendered":"<div>\n<h4>Die Insel Krk ist, nebst der in Nachbarschaft liegenden Insel Cres, die gr\u00f6\u00dfte Insel in Kroatien. Von 1980 ist sie mit dem Festland mit einer Br\u00fccke verbunden, wodurch sie an Attraktivit\u00e4t sowohl f\u00fcrs Leben als auch f\u00fcr die Entwicklung des Tourismus viel gewonnen hat.<\/h4>\n<p>&nbsp;<\/p>\n<\/div>\n<p><a href=\"http:\/\/www.stara-baska-apartments.com\/wp-content\/uploads\/2016\/01\/Krk-Bridge.jpg\" rel=\"fancybox[1197]\" rel=\"attachment wp-att-1001\"><img loading=\"lazy\" decoding=\"async\" class=\"aligncenter size-large wp-image-1001\" src=\"http:\/\/www.stara-baska-apartments.com\/wp-content\/uploads\/2016\/01\/Krk-Bridge-1024x245.jpg\" alt=\"Krk-Bridge\" width=\"640\" height=\"153\" srcset=\"https:\/\/www.stara-baska-apartments.com\/wp-content\/uploads\/2016\/01\/Krk-Bridge-1024x245.jpg 1024w, https:\/\/www.stara-baska-apartments.com\/wp-content\/uploads\/2016\/01\/Krk-Bridge-300x72.jpg 300w, https:\/\/www.stara-baska-apartments.com\/wp-content\/uploads\/2016\/01\/Krk-Bridge-768x183.jpg 768w, https:\/\/www.stara-baska-apartments.com\/wp-content\/uploads\/2016\/01\/Krk-Bridge-630x150.jpg 630w, https:\/\/www.stara-baska-apartments.com\/wp-content\/uploads\/2016\/01\/Krk-Bridge.jpg 1260w\" sizes=\"auto, (max-width: 640px) 100vw, 640px\" \/><\/a><\/p>\n<blockquote><p>Auf der Insel befindet sich ein Flughafen, der durch das ganze Jahr betrieben wird.<\/p><\/blockquote>\n<p>Wegen ihrer landwirtschaflichen Vielf\u00e4ltigkeit sowie einem reichen Angebot an Meerspeisen, des milden Klimas und auf der Insel lebenden Leuten, ist Krk seit der Antike als \u201edie goldene Insel\u201c bekannt.<\/p>\n<p>Mehr Information erhalten sie sehr bald. In der Zwischenzeit besuchen sie die <a href=\"http:\/\/www.krk.hr\/\">offizielle Webseite der Krk Zentrale f\u00fcr Tourismus<\/a>.<\/p>\n","protected":false},"excerpt":{"rendered":"<p>Die Insel Krk ist, nebst der in Nachbarschaft liegenden Insel Cres, die gr\u00f6\u00dfte Insel in Kroatien. Von 1980 ist sie mit dem Festland mit einer Br\u00fccke verbunden, wodurch sie an Attraktivit\u00e4t sowohl f\u00fcrs Leben als auch f\u00fcr die Entwicklung des Tourismus viel gewonnen hat. &nbsp; Auf der Insel befindet sich[&#8230;]<\/p>\n","protected":false},"author":1,"featured_media":0,"parent":0,"menu_order":0,"comment_status":"closed","ping_status":"closed","template":"","meta":{"sfsi_plus_gutenberg_text_before_share":"","sfsi_plus_gutenberg_show_text_before_share":"","sfsi_plus_gutenberg_icon_type":"","sfsi_plus_gutenberg_icon_alignemt":"","sfsi_plus_gutenburg_max_per_row":"","footnotes":""},"class_list":["post-1197","page","type-page","status-publish","hentry"],"yoast_head":"<!-- This site is optimized with the Yoast SEO plugin v26.9 - https:\/\/yoast.com\/product\/yoast-seo-wordpress\/ -->\n<title>Die Insel Krk - Stara Ba\u0161ka Apartments<\/title>\n<meta name=\"description\" content=\"Die Insel Krk ist zusammen mit der benachbarten Insel Cres, die gr\u00f6\u00dfte Insel Kroatiens. Seit 1980 ist sie durch eine Br\u00fccke mit dem Festland verbunden.\" \/>\n<meta name=\"robots\" content=\"index, follow, max-snippet:-1, max-image-preview:large, max-video-preview:-1\" \/>\n<link rel=\"canonical\" href=\"https:\/\/www.stara-baska-apartments.com\/de\/die-insel-krk\/\" \/>\n<meta property=\"og:locale\" content=\"de_DE\" \/>\n<meta property=\"og:type\" content=\"article\" \/>\n<meta property=\"og:title\" content=\"Die Insel Krk - Stara Ba\u0161ka Apartments\" \/>\n<meta property=\"og:description\" content=\"Die Insel Krk ist zusammen mit der benachbarten Insel Cres, die gr\u00f6\u00dfte Insel Kroatiens. Seit 1980 ist sie durch eine Br\u00fccke mit dem Festland verbunden.\" \/>\n<meta property=\"og:url\" content=\"https:\/\/www.stara-baska-apartments.com\/de\/die-insel-krk\/\" \/>\n<meta property=\"og:site_name\" content=\"Stara Ba\u0161ka Apartments\" \/>\n<meta property=\"og:image\" content=\"http:\/\/www.stara-baska-apartments.com\/wp-content\/uploads\/2016\/01\/Krk-Bridge-1024x245.jpg\" \/>\n<meta name=\"twitter:card\" content=\"summary_large_image\" \/>\n<meta name=\"twitter:label1\" content=\"Gesch\u00e4tzte Lesezeit\" \/>\n\t<meta name=\"twitter:data1\" content=\"1\u00a0Minute\" \/>\n<script type=\"application\/ld+json\" class=\"yoast-schema-graph\">{\"@context\":\"https:\/\/schema.org\",\"@graph\":[{\"@type\":\"WebPage\",\"@id\":\"https:\/\/www.stara-baska-apartments.com\/de\/die-insel-krk\/\",\"url\":\"https:\/\/www.stara-baska-apartments.com\/de\/die-insel-krk\/\",\"name\":\"Die Insel Krk - Stara Ba\u0161ka Apartments\",\"isPartOf\":{\"@id\":\"https:\/\/www.stara-baska-apartments.com\/de\/#website\"},\"primaryImageOfPage\":{\"@id\":\"https:\/\/www.stara-baska-apartments.com\/de\/die-insel-krk\/#primaryimage\"},\"image\":{\"@id\":\"https:\/\/www.stara-baska-apartments.com\/de\/die-insel-krk\/#primaryimage\"},\"thumbnailUrl\":\"http:\/\/www.stara-baska-apartments.com\/wp-content\/uploads\/2016\/01\/Krk-Bridge-1024x245.jpg\",\"datePublished\":\"2016-03-07T02:23:09+00:00\",\"description\":\"Die Insel Krk ist zusammen mit der benachbarten Insel Cres, die gr\u00f6\u00dfte Insel Kroatiens. Seit 1980 ist sie durch eine Br\u00fccke mit dem Festland verbunden.\",\"breadcrumb\":{\"@id\":\"https:\/\/www.stara-baska-apartments.com\/de\/die-insel-krk\/#breadcrumb\"},\"inLanguage\":\"de\",\"potentialAction\":[{\"@type\":\"ReadAction\",\"target\":[\"https:\/\/www.stara-baska-apartments.com\/de\/die-insel-krk\/\"]}]},{\"@type\":\"ImageObject\",\"inLanguage\":\"de\",\"@id\":\"https:\/\/www.stara-baska-apartments.com\/de\/die-insel-krk\/#primaryimage\",\"url\":\"http:\/\/www.stara-baska-apartments.com\/wp-content\/uploads\/2016\/01\/Krk-Bridge-1024x245.jpg\",\"contentUrl\":\"http:\/\/www.stara-baska-apartments.com\/wp-content\/uploads\/2016\/01\/Krk-Bridge-1024x245.jpg\"},{\"@type\":\"BreadcrumbList\",\"@id\":\"https:\/\/www.stara-baska-apartments.com\/de\/die-insel-krk\/#breadcrumb\",\"itemListElement\":[{\"@type\":\"ListItem\",\"position\":1,\"name\":\"Home\",\"item\":\"https:\/\/www.stara-baska-apartments.com\/de\/\"},{\"@type\":\"ListItem\",\"position\":2,\"name\":\"Die Insel Krk\"}]},{\"@type\":\"WebSite\",\"@id\":\"https:\/\/www.stara-baska-apartments.com\/de\/#website\",\"url\":\"https:\/\/www.stara-baska-apartments.com\/de\/\",\"name\":\"Stara Ba\u0161ka Apartments\",\"description\":\"The most beautiful place in Island of Krk\",\"publisher\":{\"@id\":\"https:\/\/www.stara-baska-apartments.com\/de\/#\/schema\/person\/120af8770dbc486d4cb500abe5530bcc\"},\"potentialAction\":[{\"@type\":\"SearchAction\",\"target\":{\"@type\":\"EntryPoint\",\"urlTemplate\":\"https:\/\/www.stara-baska-apartments.com\/de\/?s={search_term_string}\"},\"query-input\":{\"@type\":\"PropertyValueSpecification\",\"valueRequired\":true,\"valueName\":\"search_term_string\"}}],\"inLanguage\":\"de\"},{\"@type\":[\"Person\",\"Organization\"],\"@id\":\"https:\/\/www.stara-baska-apartments.com\/de\/#\/schema\/person\/120af8770dbc486d4cb500abe5530bcc\",\"name\":\"jeva\",\"image\":{\"@type\":\"ImageObject\",\"inLanguage\":\"de\",\"@id\":\"https:\/\/www.stara-baska-apartments.com\/de\/#\/schema\/person\/image\/\",\"url\":\"https:\/\/secure.gravatar.com\/avatar\/55f1bddcac228ed6431966f123da9a710604f3bdc2ca8190637ee6aa9f669d58?s=96&d=mm&r=g\",\"contentUrl\":\"https:\/\/secure.gravatar.com\/avatar\/55f1bddcac228ed6431966f123da9a710604f3bdc2ca8190637ee6aa9f669d58?s=96&d=mm&r=g\",\"caption\":\"jeva\"},\"logo\":{\"@id\":\"https:\/\/www.stara-baska-apartments.com\/de\/#\/schema\/person\/image\/\"}}]}<\/script>\n<!-- \/ Yoast SEO plugin. -->","yoast_head_json":{"title":"Die Insel Krk - Stara Ba\u0161ka Apartments","description":"Die Insel Krk ist zusammen mit der benachbarten Insel Cres, die gr\u00f6\u00dfte Insel Kroatiens. Seit 1980 ist sie durch eine Br\u00fccke mit dem Festland verbunden.","robots":{"index":"index","follow":"follow","max-snippet":"max-snippet:-1","max-image-preview":"max-image-preview:large","max-video-preview":"max-video-preview:-1"},"canonical":"https:\/\/www.stara-baska-apartments.com\/de\/die-insel-krk\/","og_locale":"de_DE","og_type":"article","og_title":"Die Insel Krk - Stara Ba\u0161ka Apartments","og_description":"Die Insel Krk ist zusammen mit der benachbarten Insel Cres, die gr\u00f6\u00dfte Insel Kroatiens. Seit 1980 ist sie durch eine Br\u00fccke mit dem Festland verbunden.","og_url":"https:\/\/www.stara-baska-apartments.com\/de\/die-insel-krk\/","og_site_name":"Stara Ba\u0161ka Apartments","og_image":[{"url":"http:\/\/www.stara-baska-apartments.com\/wp-content\/uploads\/2016\/01\/Krk-Bridge-1024x245.jpg","type":"","width":"","height":""}],"twitter_card":"summary_large_image","twitter_misc":{"Gesch\u00e4tzte Lesezeit":"1\u00a0Minute"},"schema":{"@context":"https:\/\/schema.org","@graph":[{"@type":"WebPage","@id":"https:\/\/www.stara-baska-apartments.com\/de\/die-insel-krk\/","url":"https:\/\/www.stara-baska-apartments.com\/de\/die-insel-krk\/","name":"Die Insel Krk - Stara Ba\u0161ka Apartments","isPartOf":{"@id":"https:\/\/www.stara-baska-apartments.com\/de\/#website"},"primaryImageOfPage":{"@id":"https:\/\/www.stara-baska-apartments.com\/de\/die-insel-krk\/#primaryimage"},"image":{"@id":"https:\/\/www.stara-baska-apartments.com\/de\/die-insel-krk\/#primaryimage"},"thumbnailUrl":"http:\/\/www.stara-baska-apartments.com\/wp-content\/uploads\/2016\/01\/Krk-Bridge-1024x245.jpg","datePublished":"2016-03-07T02:23:09+00:00","description":"Die Insel Krk ist zusammen mit der benachbarten Insel Cres, die gr\u00f6\u00dfte Insel Kroatiens. Seit 1980 ist sie durch eine Br\u00fccke mit dem Festland verbunden.","breadcrumb":{"@id":"https:\/\/www.stara-baska-apartments.com\/de\/die-insel-krk\/#breadcrumb"},"inLanguage":"de","potentialAction":[{"@type":"ReadAction","target":["https:\/\/www.stara-baska-apartments.com\/de\/die-insel-krk\/"]}]},{"@type":"ImageObject","inLanguage":"de","@id":"https:\/\/www.stara-baska-apartments.com\/de\/die-insel-krk\/#primaryimage","url":"http:\/\/www.stara-baska-apartments.com\/wp-content\/uploads\/2016\/01\/Krk-Bridge-1024x245.jpg","contentUrl":"http:\/\/www.stara-baska-apartments.com\/wp-content\/uploads\/2016\/01\/Krk-Bridge-1024x245.jpg"},{"@type":"BreadcrumbList","@id":"https:\/\/www.stara-baska-apartments.com\/de\/die-insel-krk\/#breadcrumb","itemListElement":[{"@type":"ListItem","position":1,"name":"Home","item":"https:\/\/www.stara-baska-apartments.com\/de\/"},{"@type":"ListItem","position":2,"name":"Die Insel Krk"}]},{"@type":"WebSite","@id":"https:\/\/www.stara-baska-apartments.com\/de\/#website","url":"https:\/\/www.stara-baska-apartments.com\/de\/","name":"Stara Ba\u0161ka Apartments","description":"The most beautiful place in Island of Krk","publisher":{"@id":"https:\/\/www.stara-baska-apartments.com\/de\/#\/schema\/person\/120af8770dbc486d4cb500abe5530bcc"},"potentialAction":[{"@type":"SearchAction","target":{"@type":"EntryPoint","urlTemplate":"https:\/\/www.stara-baska-apartments.com\/de\/?s={search_term_string}"},"query-input":{"@type":"PropertyValueSpecification","valueRequired":true,"valueName":"search_term_string"}}],"inLanguage":"de"},{"@type":["Person","Organization"],"@id":"https:\/\/www.stara-baska-apartments.com\/de\/#\/schema\/person\/120af8770dbc486d4cb500abe5530bcc","name":"jeva","image":{"@type":"ImageObject","inLanguage":"de","@id":"https:\/\/www.stara-baska-apartments.com\/de\/#\/schema\/person\/image\/","url":"https:\/\/secure.gravatar.com\/avatar\/55f1bddcac228ed6431966f123da9a710604f3bdc2ca8190637ee6aa9f669d58?s=96&d=mm&r=g","contentUrl":"https:\/\/secure.gravatar.com\/avatar\/55f1bddcac228ed6431966f123da9a710604f3bdc2ca8190637ee6aa9f669d58?s=96&d=mm&r=g","caption":"jeva"},"logo":{"@id":"https:\/\/www.stara-baska-apartments.com\/de\/#\/schema\/person\/image\/"}}]}},"_links":{"self":[{"href":"https:\/\/www.stara-baska-apartments.com\/de\/wp-json\/wp\/v2\/pages\/1197","targetHints":{"allow":["GET"]}}],"collection":[{"href":"https:\/\/www.stara-baska-apartments.com\/de\/wp-json\/wp\/v2\/pages"}],"about":[{"href":"https:\/\/www.stara-baska-apartments.com\/de\/wp-json\/wp\/v2\/types\/page"}],"author":[{"embeddable":true,"href":"https:\/\/www.stara-baska-apartments.com\/de\/wp-json\/wp\/v2\/users\/1"}],"replies":[{"embeddable":true,"href":"https:\/\/www.stara-baska-apartments.com\/de\/wp-json\/wp\/v2\/comments?post=1197"}],"version-history":[{"count":0,"href":"https:\/\/www.stara-baska-apartments.com\/de\/wp-json\/wp\/v2\/pages\/1197\/revisions"}],"wp:attachment":[{"href":"https:\/\/www.stara-baska-apartments.com\/de\/wp-json\/wp\/v2\/media?parent=1197"}],"curies":[{"name":"wp","href":"https:\/\/api.w.org\/{rel}","templated":true}]}}