{"id":1200,"date":"2016-03-07T03:33:38","date_gmt":"2016-03-07T02:33:38","guid":{"rendered":"http:\/\/www.stara-baska-apartments.com\/de\/?page_id=1200"},"modified":"2016-03-14T01:33:19","modified_gmt":"2016-03-14T00:33:19","slug":"die-lagen-von-unseren-apartments-galun-rosso","status":"publish","type":"page","link":"https:\/\/www.stara-baska-apartments.com\/de\/die-lagen-von-unseren-apartments-galun-rosso\/","title":{"rendered":"Standort"},"content":{"rendered":"<div>\n<h3 class=\"excerpt\">Stara Ba\u0161ka ist ungef\u00e4hr 2 Kilometer lang. Wir befinden uns ungef\u00e4hr 500 Meter vom Dorfeingang. Unser Privatparkplatz liegt nur 100 Meter vom Apartment entfernt, direkt neben der Kirche und dem kleinen Laden.<\/h3>\n<\/div>\n<p>&nbsp;<br \/>\n<iframe loading=\"lazy\" src=\"https:\/\/www.google.com\/maps\/d\/u\/0\/embed?mid=zg9I7bYko7lI.k2450bDo23LQ\" width=\"100%\" height=\"480\"><\/iframe><\/p>\n<p><a href=\"http:\/\/www.stara-baska-apartments.com\/wp-content\/uploads\/2012\/07\/Motor_drive.jpg\" rel=\"fancybox[1200]\"><img loading=\"lazy\" decoding=\"async\" class=\"wp-image-808 size-medium alignleft\" src=\"http:\/\/www.stara-baska-apartments.com\/wp-content\/uploads\/2012\/07\/Motor_drive-300x121.jpg\" alt=\"Motor_drive\" width=\"300\" height=\"121\" srcset=\"https:\/\/www.stara-baska-apartments.com\/wp-content\/uploads\/2012\/07\/Motor_drive-300x121.jpg 300w, https:\/\/www.stara-baska-apartments.com\/wp-content\/uploads\/2012\/07\/Motor_drive-768x310.jpg 768w, https:\/\/www.stara-baska-apartments.com\/wp-content\/uploads\/2012\/07\/Motor_drive-1024x413.jpg 1024w, https:\/\/www.stara-baska-apartments.com\/wp-content\/uploads\/2012\/07\/Motor_drive.jpg 1854w\" sizes=\"auto, (max-width: 300px) 100vw, 300px\" \/><\/a><\/p>\n<blockquote><p>Sie erreichen uns sehr einfach, wenn sie sich bei uns vor der Ankunft noch anmelden, per E-Mail oder SMS Nachricht. Sie k\u00f6nnen uns auch telefonisch erreichen, damit wir Sie pers\u00f6nlich empfangen. Nat\u00fcrlich k\u00f6nnen sie leicht zu uns auch selbst kommen \ud83d\ude42<\/p><\/blockquote>\n<p>&nbsp;<br \/>\nIn diesem kurzen Video k\u00f6nnen sie erfahren, wie sie schnell vom Dorfeingang zu unserem Privatparkplatz finden.<\/p>\n<p><iframe loading=\"lazy\" src=\"https:\/\/www.youtube.com\/embed\/XG3g3g8Tyjk?rel=0\" width=\"560\" height=\"315\" frameborder=\"0\" allowfullscreen=\"allowfullscreen\"><\/iframe><\/p>\n<p><img loading=\"lazy\" decoding=\"async\" class=\"aligncenter wp-image-897 size-full\" src=\"http:\/\/www.stara-baska-apartments.com\/wp-content\/uploads\/2016\/01\/StaraBaskaHouse02.jpg\" alt=\"Location of our house\" width=\"930\" height=\"343\" srcset=\"https:\/\/www.stara-baska-apartments.com\/wp-content\/uploads\/2016\/01\/StaraBaskaHouse02.jpg 930w, https:\/\/www.stara-baska-apartments.com\/wp-content\/uploads\/2016\/01\/StaraBaskaHouse02-300x111.jpg 300w, https:\/\/www.stara-baska-apartments.com\/wp-content\/uploads\/2016\/01\/StaraBaskaHouse02-768x283.jpg 768w\" sizes=\"auto, (max-width: 930px) 100vw, 930px\" \/><\/p>\n<table style=\"text-align: center;\">\n<tbody>\n<tr>\n<th style=\"text-align: center;\" colspan=\"3\">Im Norden der Adria, die Insel Krk ist mit dem Festland mit einer Br\u00fccke verbunden. Dank der h\u00e4ufigen F\u00e4hrelinien sind auch andere benachbarte Insel zug\u00e4nglich. Es gibt mehrere M\u00f6glichkeiten auf die Insel Krk zu gelangen; mit dem Auto \u00fcber die Krk-Br\u00fccke, mit Flug direkt zum Flughafen oder mit der F\u00e4hre von der Insel Cres oder Rab.<\/th>\n<\/tr>\n<tr>\n<td><img loading=\"lazy\" decoding=\"async\" class=\"aligncenter wp-image-785 size-full\" src=\"http:\/\/www.stara-baska-apartments.com\/wp-content\/uploads\/2012\/07\/car_gray.jpg\" alt=\"car_gray\" width=\"163\" height=\"163\" srcset=\"https:\/\/www.stara-baska-apartments.com\/wp-content\/uploads\/2012\/07\/car_gray.jpg 163w, https:\/\/www.stara-baska-apartments.com\/wp-content\/uploads\/2012\/07\/car_gray-150x150.jpg 150w, https:\/\/www.stara-baska-apartments.com\/wp-content\/uploads\/2012\/07\/car_gray-100x100.jpg 100w\" sizes=\"auto, (max-width: 163px) 100vw, 163px\" \/><\/td>\n<td><img loading=\"lazy\" decoding=\"async\" class=\"aligncenter wp-image-791 size-full\" src=\"http:\/\/www.stara-baska-apartments.com\/wp-content\/uploads\/2012\/07\/plane_gray.jpg\" alt=\"plane_gray\" width=\"163\" height=\"163\" srcset=\"https:\/\/www.stara-baska-apartments.com\/wp-content\/uploads\/2012\/07\/plane_gray.jpg 163w, https:\/\/www.stara-baska-apartments.com\/wp-content\/uploads\/2012\/07\/plane_gray-150x150.jpg 150w, https:\/\/www.stara-baska-apartments.com\/wp-content\/uploads\/2012\/07\/plane_gray-100x100.jpg 100w\" sizes=\"auto, (max-width: 163px) 100vw, 163px\" \/><\/td>\n<td><img loading=\"lazy\" decoding=\"async\" class=\"size-full wp-image-798 aligncenter\" src=\"http:\/\/www.stara-baska-apartments.com\/wp-content\/uploads\/2012\/07\/farry_gray.jpg\" alt=\"farry_gray\" width=\"163\" height=\"163\" srcset=\"https:\/\/www.stara-baska-apartments.com\/wp-content\/uploads\/2012\/07\/farry_gray.jpg 163w, https:\/\/www.stara-baska-apartments.com\/wp-content\/uploads\/2012\/07\/farry_gray-150x150.jpg 150w, https:\/\/www.stara-baska-apartments.com\/wp-content\/uploads\/2012\/07\/farry_gray-100x100.jpg 100w\" sizes=\"auto, (max-width: 163px) 100vw, 163px\" \/><\/td>\n<\/tr>\n<tr>\n<td>Ein gro\u00dfer Vorteil der Insel Krk ist, dass die <a href=http:\/\/hac.hr\/en\/toll-rates\/pricelist\/krcki-most-340>Krk-Br\u00fccke<\/a> direkt mit der Autobahn verbunden ist. Eine Geb\u00fchr ist nur einmal zu bezahlen, und das aus Richtung Festland zu der Insel. Bei der Zur\u00fcckreise m\u00fcssen sie die erneut nicht bezahlen.<\/td>\n<td>Stara Ba\u0161ka ist nur 38 Kilometer entfernt vom Flughafen. Einen Mietwagen oder Taxi k\u00f6nnen sie auch benutzen, um an den Ort auf der Insel zu gelangen. F\u00fcr mehr Information \u00fcber die Verkehrsm\u00f6glichkeiten besuchen sie die <a href=\"http:\/\/www.rijeka-airport.hr\/\">offizielle Webseite vom Flughafen<\/a>.<br \/>\nIm Rahmen der Unterkunftsbesprechung k\u00f6nnen sie auch pr\u00fcfen, ob wir ihnen einen Privattransport vom Flughafen bis Stara Ba\u0161ka zur Verf\u00fcgung stellen. <\/p>\n<td>Die Insel Krk ist mit F\u00e4hrelinien gut verbunden mit den benachbarten Inseln Cres und Rab. Die F\u00e4hre von Valbiska nach Cres verkehrt durch das ganze Jahr. F\u00fcr mehr Information besuchen sie: <a href=\"http:\/\/www.jadrolinija.hr\">http:\/\/www.jadrolinija.hr<\/a><\/td>\n<\/tr>\n<\/tbody>\n<\/table>\n","protected":false},"excerpt":{"rendered":"<p>Stara Ba\u0161ka ist ungef\u00e4hr 2 Kilometer lang. Wir befinden uns ungef\u00e4hr 500 Meter vom Dorfeingang. Unser Privatparkplatz liegt nur 100 Meter vom Apartment entfernt, direkt neben der Kirche und dem kleinen Laden. &nbsp; Sie erreichen uns sehr einfach, wenn sie sich bei uns vor der Ankunft noch anmelden, per E-Mail[&#8230;]<\/p>\n","protected":false},"author":1,"featured_media":0,"parent":0,"menu_order":0,"comment_status":"closed","ping_status":"closed","template":"template-full.php","meta":{"sfsi_plus_gutenberg_text_before_share":"","sfsi_plus_gutenberg_show_text_before_share":"","sfsi_plus_gutenberg_icon_type":"","sfsi_plus_gutenberg_icon_alignemt":"","sfsi_plus_gutenburg_max_per_row":"","footnotes":""},"class_list":["post-1200","page","type-page","status-publish","hentry"],"yoast_head":"<!-- This site is optimized with the Yoast SEO plugin v26.9 - https:\/\/yoast.com\/product\/yoast-seo-wordpress\/ -->\n<title>Standort - Stara Ba\u0161ka Apartments<\/title>\n<meta name=\"description\" content=\"Wir befinden uns ungef\u00e4hr 500 Meter vom Dorfeingang zu StaraBa\u0161ka. Der Privatparkplatz ist nur 100 Meter von den Apartments entfernt.\" \/>\n<meta name=\"robots\" content=\"index, follow, max-snippet:-1, max-image-preview:large, max-video-preview:-1\" \/>\n<link rel=\"canonical\" href=\"https:\/\/www.stara-baska-apartments.com\/de\/die-lagen-von-unseren-apartments-galun-rosso\/\" \/>\n<meta property=\"og:locale\" content=\"de_DE\" \/>\n<meta property=\"og:type\" content=\"article\" \/>\n<meta property=\"og:title\" content=\"Standort - Stara Ba\u0161ka Apartments\" \/>\n<meta property=\"og:description\" content=\"Wir befinden uns ungef\u00e4hr 500 Meter vom Dorfeingang zu StaraBa\u0161ka. Der Privatparkplatz ist nur 100 Meter von den Apartments entfernt.\" \/>\n<meta property=\"og:url\" content=\"https:\/\/www.stara-baska-apartments.com\/de\/die-lagen-von-unseren-apartments-galun-rosso\/\" \/>\n<meta property=\"og:site_name\" content=\"Stara Ba\u0161ka Apartments\" \/>\n<meta property=\"article:modified_time\" content=\"2016-03-14T00:33:19+00:00\" \/>\n<meta property=\"og:image\" content=\"http:\/\/www.stara-baska-apartments.com\/wp-content\/uploads\/2012\/07\/Motor_drive-300x121.jpg\" \/>\n<meta name=\"twitter:card\" content=\"summary_large_image\" \/>\n<meta name=\"twitter:label1\" content=\"Gesch\u00e4tzte Lesezeit\" \/>\n\t<meta name=\"twitter:data1\" content=\"2\u00a0Minuten\" \/>\n<script type=\"application\/ld+json\" class=\"yoast-schema-graph\">{\"@context\":\"https:\/\/schema.org\",\"@graph\":[{\"@type\":\"WebPage\",\"@id\":\"https:\/\/www.stara-baska-apartments.com\/de\/die-lagen-von-unseren-apartments-galun-rosso\/\",\"url\":\"https:\/\/www.stara-baska-apartments.com\/de\/die-lagen-von-unseren-apartments-galun-rosso\/\",\"name\":\"Standort - Stara Ba\u0161ka Apartments\",\"isPartOf\":{\"@id\":\"https:\/\/www.stara-baska-apartments.com\/de\/#website\"},\"primaryImageOfPage\":{\"@id\":\"https:\/\/www.stara-baska-apartments.com\/de\/die-lagen-von-unseren-apartments-galun-rosso\/#primaryimage\"},\"image\":{\"@id\":\"https:\/\/www.stara-baska-apartments.com\/de\/die-lagen-von-unseren-apartments-galun-rosso\/#primaryimage\"},\"thumbnailUrl\":\"http:\/\/www.stara-baska-apartments.com\/wp-content\/uploads\/2012\/07\/Motor_drive-300x121.jpg\",\"datePublished\":\"2016-03-07T02:33:38+00:00\",\"dateModified\":\"2016-03-14T00:33:19+00:00\",\"description\":\"Wir befinden uns ungef\u00e4hr 500 Meter vom Dorfeingang zu StaraBa\u0161ka. Der Privatparkplatz ist nur 100 Meter von den Apartments entfernt.\",\"breadcrumb\":{\"@id\":\"https:\/\/www.stara-baska-apartments.com\/de\/die-lagen-von-unseren-apartments-galun-rosso\/#breadcrumb\"},\"inLanguage\":\"de\",\"potentialAction\":[{\"@type\":\"ReadAction\",\"target\":[\"https:\/\/www.stara-baska-apartments.com\/de\/die-lagen-von-unseren-apartments-galun-rosso\/\"]}]},{\"@type\":\"ImageObject\",\"inLanguage\":\"de\",\"@id\":\"https:\/\/www.stara-baska-apartments.com\/de\/die-lagen-von-unseren-apartments-galun-rosso\/#primaryimage\",\"url\":\"http:\/\/www.stara-baska-apartments.com\/wp-content\/uploads\/2012\/07\/Motor_drive-300x121.jpg\",\"contentUrl\":\"http:\/\/www.stara-baska-apartments.com\/wp-content\/uploads\/2012\/07\/Motor_drive-300x121.jpg\"},{\"@type\":\"BreadcrumbList\",\"@id\":\"https:\/\/www.stara-baska-apartments.com\/de\/die-lagen-von-unseren-apartments-galun-rosso\/#breadcrumb\",\"itemListElement\":[{\"@type\":\"ListItem\",\"position\":1,\"name\":\"Home\",\"item\":\"https:\/\/www.stara-baska-apartments.com\/de\/\"},{\"@type\":\"ListItem\",\"position\":2,\"name\":\"Standort\"}]},{\"@type\":\"WebSite\",\"@id\":\"https:\/\/www.stara-baska-apartments.com\/de\/#website\",\"url\":\"https:\/\/www.stara-baska-apartments.com\/de\/\",\"name\":\"Stara Ba\u0161ka Apartments\",\"description\":\"The most beautiful place in Island of Krk\",\"publisher\":{\"@id\":\"https:\/\/www.stara-baska-apartments.com\/de\/#\/schema\/person\/120af8770dbc486d4cb500abe5530bcc\"},\"potentialAction\":[{\"@type\":\"SearchAction\",\"target\":{\"@type\":\"EntryPoint\",\"urlTemplate\":\"https:\/\/www.stara-baska-apartments.com\/de\/?s={search_term_string}\"},\"query-input\":{\"@type\":\"PropertyValueSpecification\",\"valueRequired\":true,\"valueName\":\"search_term_string\"}}],\"inLanguage\":\"de\"},{\"@type\":[\"Person\",\"Organization\"],\"@id\":\"https:\/\/www.stara-baska-apartments.com\/de\/#\/schema\/person\/120af8770dbc486d4cb500abe5530bcc\",\"name\":\"jeva\",\"image\":{\"@type\":\"ImageObject\",\"inLanguage\":\"de\",\"@id\":\"https:\/\/www.stara-baska-apartments.com\/de\/#\/schema\/person\/image\/\",\"url\":\"https:\/\/secure.gravatar.com\/avatar\/55f1bddcac228ed6431966f123da9a710604f3bdc2ca8190637ee6aa9f669d58?s=96&d=mm&r=g\",\"contentUrl\":\"https:\/\/secure.gravatar.com\/avatar\/55f1bddcac228ed6431966f123da9a710604f3bdc2ca8190637ee6aa9f669d58?s=96&d=mm&r=g\",\"caption\":\"jeva\"},\"logo\":{\"@id\":\"https:\/\/www.stara-baska-apartments.com\/de\/#\/schema\/person\/image\/\"}}]}<\/script>\n<!-- \/ Yoast SEO plugin. -->","yoast_head_json":{"title":"Standort - Stara Ba\u0161ka Apartments","description":"Wir befinden uns ungef\u00e4hr 500 Meter vom Dorfeingang zu StaraBa\u0161ka. Der Privatparkplatz ist nur 100 Meter von den Apartments entfernt.","robots":{"index":"index","follow":"follow","max-snippet":"max-snippet:-1","max-image-preview":"max-image-preview:large","max-video-preview":"max-video-preview:-1"},"canonical":"https:\/\/www.stara-baska-apartments.com\/de\/die-lagen-von-unseren-apartments-galun-rosso\/","og_locale":"de_DE","og_type":"article","og_title":"Standort - Stara Ba\u0161ka Apartments","og_description":"Wir befinden uns ungef\u00e4hr 500 Meter vom Dorfeingang zu StaraBa\u0161ka. Der Privatparkplatz ist nur 100 Meter von den Apartments entfernt.","og_url":"https:\/\/www.stara-baska-apartments.com\/de\/die-lagen-von-unseren-apartments-galun-rosso\/","og_site_name":"Stara Ba\u0161ka Apartments","article_modified_time":"2016-03-14T00:33:19+00:00","og_image":[{"url":"http:\/\/www.stara-baska-apartments.com\/wp-content\/uploads\/2012\/07\/Motor_drive-300x121.jpg","type":"","width":"","height":""}],"twitter_card":"summary_large_image","twitter_misc":{"Gesch\u00e4tzte Lesezeit":"2\u00a0Minuten"},"schema":{"@context":"https:\/\/schema.org","@graph":[{"@type":"WebPage","@id":"https:\/\/www.stara-baska-apartments.com\/de\/die-lagen-von-unseren-apartments-galun-rosso\/","url":"https:\/\/www.stara-baska-apartments.com\/de\/die-lagen-von-unseren-apartments-galun-rosso\/","name":"Standort - Stara Ba\u0161ka Apartments","isPartOf":{"@id":"https:\/\/www.stara-baska-apartments.com\/de\/#website"},"primaryImageOfPage":{"@id":"https:\/\/www.stara-baska-apartments.com\/de\/die-lagen-von-unseren-apartments-galun-rosso\/#primaryimage"},"image":{"@id":"https:\/\/www.stara-baska-apartments.com\/de\/die-lagen-von-unseren-apartments-galun-rosso\/#primaryimage"},"thumbnailUrl":"http:\/\/www.stara-baska-apartments.com\/wp-content\/uploads\/2012\/07\/Motor_drive-300x121.jpg","datePublished":"2016-03-07T02:33:38+00:00","dateModified":"2016-03-14T00:33:19+00:00","description":"Wir befinden uns ungef\u00e4hr 500 Meter vom Dorfeingang zu StaraBa\u0161ka. Der Privatparkplatz ist nur 100 Meter von den Apartments entfernt.","breadcrumb":{"@id":"https:\/\/www.stara-baska-apartments.com\/de\/die-lagen-von-unseren-apartments-galun-rosso\/#breadcrumb"},"inLanguage":"de","potentialAction":[{"@type":"ReadAction","target":["https:\/\/www.stara-baska-apartments.com\/de\/die-lagen-von-unseren-apartments-galun-rosso\/"]}]},{"@type":"ImageObject","inLanguage":"de","@id":"https:\/\/www.stara-baska-apartments.com\/de\/die-lagen-von-unseren-apartments-galun-rosso\/#primaryimage","url":"http:\/\/www.stara-baska-apartments.com\/wp-content\/uploads\/2012\/07\/Motor_drive-300x121.jpg","contentUrl":"http:\/\/www.stara-baska-apartments.com\/wp-content\/uploads\/2012\/07\/Motor_drive-300x121.jpg"},{"@type":"BreadcrumbList","@id":"https:\/\/www.stara-baska-apartments.com\/de\/die-lagen-von-unseren-apartments-galun-rosso\/#breadcrumb","itemListElement":[{"@type":"ListItem","position":1,"name":"Home","item":"https:\/\/www.stara-baska-apartments.com\/de\/"},{"@type":"ListItem","position":2,"name":"Standort"}]},{"@type":"WebSite","@id":"https:\/\/www.stara-baska-apartments.com\/de\/#website","url":"https:\/\/www.stara-baska-apartments.com\/de\/","name":"Stara Ba\u0161ka Apartments","description":"The most beautiful place in Island of Krk","publisher":{"@id":"https:\/\/www.stara-baska-apartments.com\/de\/#\/schema\/person\/120af8770dbc486d4cb500abe5530bcc"},"potentialAction":[{"@type":"SearchAction","target":{"@type":"EntryPoint","urlTemplate":"https:\/\/www.stara-baska-apartments.com\/de\/?s={search_term_string}"},"query-input":{"@type":"PropertyValueSpecification","valueRequired":true,"valueName":"search_term_string"}}],"inLanguage":"de"},{"@type":["Person","Organization"],"@id":"https:\/\/www.stara-baska-apartments.com\/de\/#\/schema\/person\/120af8770dbc486d4cb500abe5530bcc","name":"jeva","image":{"@type":"ImageObject","inLanguage":"de","@id":"https:\/\/www.stara-baska-apartments.com\/de\/#\/schema\/person\/image\/","url":"https:\/\/secure.gravatar.com\/avatar\/55f1bddcac228ed6431966f123da9a710604f3bdc2ca8190637ee6aa9f669d58?s=96&d=mm&r=g","contentUrl":"https:\/\/secure.gravatar.com\/avatar\/55f1bddcac228ed6431966f123da9a710604f3bdc2ca8190637ee6aa9f669d58?s=96&d=mm&r=g","caption":"jeva"},"logo":{"@id":"https:\/\/www.stara-baska-apartments.com\/de\/#\/schema\/person\/image\/"}}]}},"_links":{"self":[{"href":"https:\/\/www.stara-baska-apartments.com\/de\/wp-json\/wp\/v2\/pages\/1200","targetHints":{"allow":["GET"]}}],"collection":[{"href":"https:\/\/www.stara-baska-apartments.com\/de\/wp-json\/wp\/v2\/pages"}],"about":[{"href":"https:\/\/www.stara-baska-apartments.com\/de\/wp-json\/wp\/v2\/types\/page"}],"author":[{"embeddable":true,"href":"https:\/\/www.stara-baska-apartments.com\/de\/wp-json\/wp\/v2\/users\/1"}],"replies":[{"embeddable":true,"href":"https:\/\/www.stara-baska-apartments.com\/de\/wp-json\/wp\/v2\/comments?post=1200"}],"version-history":[{"count":0,"href":"https:\/\/www.stara-baska-apartments.com\/de\/wp-json\/wp\/v2\/pages\/1200\/revisions"}],"wp:attachment":[{"href":"https:\/\/www.stara-baska-apartments.com\/de\/wp-json\/wp\/v2\/media?parent=1200"}],"curies":[{"name":"wp","href":"https:\/\/api.w.org\/{rel}","templated":true}]}}