{"id":1210,"date":"2016-03-07T03:55:53","date_gmt":"2016-03-07T02:55:53","guid":{"rendered":"http:\/\/www.stara-baska-apartments.com\/de\/?page_id=1210"},"modified":"2025-11-17T14:00:14","modified_gmt":"2025-11-17T13:00:14","slug":"reservierung","status":"publish","type":"page","link":"https:\/\/www.stara-baska-apartments.com\/de\/reservierung\/","title":{"rendered":"Reservierung"},"content":{"rendered":"<p class=\"excerpt\">Um eine Reservierung f\u00fcr den gew\u00fcnschten Wohnung machen f\u00fcllen Sie bitte das untenstehende Formular aus oder kontaktieren Sie uns per E-Mail: <a href=\"mailto:stara.baska.apartments@gmail.com\">stara.baska.apartments@gmail.com<\/a><\/p>\r\n<p>Eine Kaution ist f\u00fcr die Best\u00e4tigung der Reservierung f\u00e4llig. Ohne die Kaution wird ihre Reservierung nicht best\u00e4tigt, sondern wird sie nur als eine informative Anfrage angesehen. Die Kaution betr\u00e4gt 30% des gesamten Betrags, unter der Voraussetzung, dass sie minimal viermal \u00fcbernachten. F\u00fcr drei oder weniger als drei \u00dcbernachtungen betr\u00e4gt die Kaution den Preis von einer \u00dcbernachtung. Im Falle, dass sie die Reservierung mehr als 30 Tage vor der Anreise stornieren, werden wir Ihnen die Kaution zur\u00fcckbezahlen.<\/p>\r\n<p class=\"excerpt\">In der Hauptsaison (Juni, Juli und August) nehmen wir ausschlie\u00dflich Buchungen mit An- und Abreise am Wochenende (Freitag, Samstag oder Sonntag) entgegen.\r\nEs ist jede beliebige Kombination m\u00f6glich, zum Beispiel Anreise am Sonntag und Abreise am Freitag oder Samstag.<\/p>\r\n<p>Wenn Sie weitere Fragen haben, z\u00f6gern Sie nicht uns zu fragen. Wir werden so schnell wie m\u00f6glich auf Ihre Anfrage antworten (in der Regel innerhalb einer Stunde).<\/p>\r\n\r\n\r\n<div class=\"wp-block-columns is-layout-flex wp-container-core-columns-is-layout-9d6595d7 wp-block-columns-is-layout-flex\">\r\n<div class=\"wp-block-column is-layout-flow wp-block-column-is-layout-flow\">\r\n<div class=\"wp-block-contact-form-7-contact-form-selector\">\n<div class=\"wpcf7 no-js\" id=\"wpcf7-f2117-o1\" lang=\"en-US\" dir=\"ltr\" data-wpcf7-id=\"2117\">\n<div class=\"screen-reader-response\"><p role=\"status\" aria-live=\"polite\" aria-atomic=\"true\"><\/p> <ul><\/ul><\/div>\n<form action=\"\/de\/wp-json\/wp\/v2\/pages\/1210#wpcf7-f2117-o1\" method=\"post\" class=\"wpcf7-form init\" aria-label=\"Contact form\" novalidate=\"novalidate\" data-status=\"init\">\n<fieldset class=\"hidden-fields-container\"><input type=\"hidden\" name=\"_wpcf7\" value=\"2117\" \/><input type=\"hidden\" name=\"_wpcf7_version\" value=\"6.1.4\" \/><input type=\"hidden\" name=\"_wpcf7_locale\" value=\"en_US\" \/><input type=\"hidden\" name=\"_wpcf7_unit_tag\" value=\"wpcf7-f2117-o1\" \/><input type=\"hidden\" name=\"_wpcf7_container_post\" value=\"0\" \/><input type=\"hidden\" name=\"_wpcf7_posted_data_hash\" value=\"\" \/>\n<\/fieldset>\n<p><label> Dein Name<br \/>\n<span class=\"wpcf7-form-control-wrap\" data-name=\"text-600\"><input size=\"40\" maxlength=\"400\" class=\"wpcf7-form-control wpcf7-text\" aria-invalid=\"false\" value=\"\" type=\"text\" name=\"text-600\" \/><\/span> <\/label>\n<\/p>\n<p><label> Deine E-Mail<br \/>\n<span class=\"wpcf7-form-control-wrap\" data-name=\"your-email\"><input size=\"40\" maxlength=\"400\" class=\"wpcf7-form-control wpcf7-email wpcf7-validates-as-required wpcf7-text wpcf7-validates-as-email\" aria-required=\"true\" aria-invalid=\"false\" value=\"\" type=\"email\" name=\"your-email\" \/><\/span> <\/label>\n<\/p>\n<p><label> Ankunft<br \/>\n<span class=\"wpcf7-form-control-wrap\" data-name=\"date-821\"><input class=\"wpcf7-form-control wpcf7-date wpcf7-validates-as-date\" min=\"2026-04-01\" max=\"2026-11-01\" aria-invalid=\"false\" value=\"\" type=\"date\" name=\"date-821\" \/><\/span> <\/label>\n<\/p>\n<p><label> Abfahrt<br \/>\n<span class=\"wpcf7-form-control-wrap\" data-name=\"date-455\"><input class=\"wpcf7-form-control wpcf7-date wpcf7-validates-as-date\" min=\"2026-04-01\" max=\"2026-11-01\" aria-invalid=\"false\" value=\"\" type=\"date\" name=\"date-455\" \/><\/span> <\/label>\n<\/p>\n<p><label> Personen<br \/>\n<span class=\"wpcf7-form-control-wrap\" data-name=\"menu-815\"><select class=\"wpcf7-form-control wpcf7-select wpcf7-validates-as-required\" aria-required=\"true\" aria-invalid=\"false\" name=\"menu-815\"><option value=\"1\">1<\/option><option value=\"2\">2<\/option><option value=\"3\">3<\/option><option value=\"4\">4<\/option><\/select><\/span> <\/label>\n<\/p>\n<p><label> Unterkunft<br \/>\n<span class=\"wpcf7-form-control-wrap\" data-name=\"menu-781\"><select class=\"wpcf7-form-control wpcf7-select\" aria-invalid=\"false\" name=\"menu-781\"><option value=\"Apartment Rosso\">Apartment Rosso<\/option><option value=\"Apartment Galun\">Apartment Galun<\/option><option value=\"House Nova\">House Nova<\/option><\/select><\/span> <\/label>\n<\/p>\n<p><label> Ihre Nachricht (optional)<br \/>\n<span class=\"wpcf7-form-control-wrap\" data-name=\"your-message\"><textarea cols=\"40\" rows=\"10\" maxlength=\"2000\" class=\"wpcf7-form-control wpcf7-textarea\" aria-invalid=\"false\" name=\"your-message\"><\/textarea><\/span> <\/label>\n<\/p>\n<p><input class=\"wpcf7-form-control wpcf7-submit has-spinner\" type=\"submit\" value=\"Senden\" \/>\n<\/p><div class=\"wpcf7-response-output\" aria-hidden=\"true\"><\/div>\n<\/form>\n<\/div>\n<\/div>\r\n<\/div>\r\n\r\n\r\n\r\n<div class=\"wp-block-column is-layout-flow wp-block-column-is-layout-flow\"><\/div>\r\n<\/div>\r\n","protected":false},"excerpt":{"rendered":"<p>Um eine Reservierung f\u00fcr den gew\u00fcnschten Wohnung machen f\u00fcllen Sie bitte das untenstehende Formular aus oder kontaktieren Sie uns per E-Mail: stara.baska.apartments@gmail.com Eine Kaution ist f\u00fcr die Best\u00e4tigung der Reservierung f\u00e4llig. Ohne die Kaution wird ihre Reservierung nicht best\u00e4tigt, sondern wird sie nur als eine informative Anfrage angesehen. Die Kaution[&#8230;]<\/p>\n","protected":false},"author":1,"featured_media":0,"parent":0,"menu_order":0,"comment_status":"open","ping_status":"open","template":"template-full.php","meta":{"sfsi_plus_gutenberg_text_before_share":"","sfsi_plus_gutenberg_show_text_before_share":"","sfsi_plus_gutenberg_icon_type":"","sfsi_plus_gutenberg_icon_alignemt":"","sfsi_plus_gutenburg_max_per_row":"","footnotes":""},"class_list":["post-1210","page","type-page","status-publish","hentry"],"yoast_head":"<!-- This site is optimized with the Yoast SEO plugin v26.9 - https:\/\/yoast.com\/product\/yoast-seo-wordpress\/ -->\n<title>Reservierung - Stara Ba\u0161ka Apartments<\/title>\n<meta name=\"robots\" content=\"index, follow, max-snippet:-1, max-image-preview:large, max-video-preview:-1\" \/>\n<link rel=\"canonical\" href=\"https:\/\/www.stara-baska-apartments.com\/de\/reservierung\/\" \/>\n<meta property=\"og:locale\" content=\"de_DE\" \/>\n<meta property=\"og:type\" content=\"article\" \/>\n<meta property=\"og:title\" content=\"Reservierung - Stara Ba\u0161ka Apartments\" \/>\n<meta property=\"og:description\" content=\"Um eine Reservierung f\u00fcr den gew\u00fcnschten Wohnung machen f\u00fcllen Sie bitte das untenstehende Formular aus oder kontaktieren Sie uns per E-Mail: stara.baska.apartments@gmail.com Eine Kaution ist f\u00fcr die Best\u00e4tigung der Reservierung f\u00e4llig. Ohne die Kaution wird ihre Reservierung nicht best\u00e4tigt, sondern wird sie nur als eine informative Anfrage angesehen. Die Kaution[...]\" \/>\n<meta property=\"og:url\" content=\"https:\/\/www.stara-baska-apartments.com\/de\/reservierung\/\" \/>\n<meta property=\"og:site_name\" content=\"Stara Ba\u0161ka Apartments\" \/>\n<meta property=\"article:modified_time\" content=\"2025-11-17T13:00:14+00:00\" \/>\n<meta property=\"og:image\" content=\"https:\/\/www.stara-baska-apartments.com\/wp-content\/uploads\/2016\/01\/StaraBaskaBeach45.jpg\" \/>\n\t<meta property=\"og:image:width\" content=\"1200\" \/>\n\t<meta property=\"og:image:height\" content=\"900\" \/>\n\t<meta property=\"og:image:type\" content=\"image\/jpeg\" \/>\n<meta name=\"twitter:card\" content=\"summary_large_image\" \/>\n<meta name=\"twitter:label1\" content=\"Gesch\u00e4tzte Lesezeit\" \/>\n\t<meta name=\"twitter:data1\" content=\"1\u00a0Minute\" \/>\n<script type=\"application\/ld+json\" class=\"yoast-schema-graph\">{\"@context\":\"https:\/\/schema.org\",\"@graph\":[{\"@type\":\"WebPage\",\"@id\":\"https:\/\/www.stara-baska-apartments.com\/de\/reservierung\/\",\"url\":\"https:\/\/www.stara-baska-apartments.com\/de\/reservierung\/\",\"name\":\"Reservierung - Stara Ba\u0161ka Apartments\",\"isPartOf\":{\"@id\":\"https:\/\/www.stara-baska-apartments.com\/de\/#website\"},\"datePublished\":\"2016-03-07T02:55:53+00:00\",\"dateModified\":\"2025-11-17T13:00:14+00:00\",\"breadcrumb\":{\"@id\":\"https:\/\/www.stara-baska-apartments.com\/de\/reservierung\/#breadcrumb\"},\"inLanguage\":\"de\",\"potentialAction\":[{\"@type\":\"ReadAction\",\"target\":[\"https:\/\/www.stara-baska-apartments.com\/de\/reservierung\/\"]}]},{\"@type\":\"BreadcrumbList\",\"@id\":\"https:\/\/www.stara-baska-apartments.com\/de\/reservierung\/#breadcrumb\",\"itemListElement\":[{\"@type\":\"ListItem\",\"position\":1,\"name\":\"Home\",\"item\":\"https:\/\/www.stara-baska-apartments.com\/de\/\"},{\"@type\":\"ListItem\",\"position\":2,\"name\":\"Reservierung\"}]},{\"@type\":\"WebSite\",\"@id\":\"https:\/\/www.stara-baska-apartments.com\/de\/#website\",\"url\":\"https:\/\/www.stara-baska-apartments.com\/de\/\",\"name\":\"Stara Ba\u0161ka Apartments\",\"description\":\"The most beautiful place in Island of Krk\",\"publisher\":{\"@id\":\"https:\/\/www.stara-baska-apartments.com\/de\/#\/schema\/person\/120af8770dbc486d4cb500abe5530bcc\"},\"potentialAction\":[{\"@type\":\"SearchAction\",\"target\":{\"@type\":\"EntryPoint\",\"urlTemplate\":\"https:\/\/www.stara-baska-apartments.com\/de\/?s={search_term_string}\"},\"query-input\":{\"@type\":\"PropertyValueSpecification\",\"valueRequired\":true,\"valueName\":\"search_term_string\"}}],\"inLanguage\":\"de\"},{\"@type\":[\"Person\",\"Organization\"],\"@id\":\"https:\/\/www.stara-baska-apartments.com\/de\/#\/schema\/person\/120af8770dbc486d4cb500abe5530bcc\",\"name\":\"jeva\",\"image\":{\"@type\":\"ImageObject\",\"inLanguage\":\"de\",\"@id\":\"https:\/\/www.stara-baska-apartments.com\/de\/#\/schema\/person\/image\/\",\"url\":\"https:\/\/secure.gravatar.com\/avatar\/55f1bddcac228ed6431966f123da9a710604f3bdc2ca8190637ee6aa9f669d58?s=96&d=mm&r=g\",\"contentUrl\":\"https:\/\/secure.gravatar.com\/avatar\/55f1bddcac228ed6431966f123da9a710604f3bdc2ca8190637ee6aa9f669d58?s=96&d=mm&r=g\",\"caption\":\"jeva\"},\"logo\":{\"@id\":\"https:\/\/www.stara-baska-apartments.com\/de\/#\/schema\/person\/image\/\"}}]}<\/script>\n<!-- \/ Yoast SEO plugin. -->","yoast_head_json":{"title":"Reservierung - Stara Ba\u0161ka Apartments","robots":{"index":"index","follow":"follow","max-snippet":"max-snippet:-1","max-image-preview":"max-image-preview:large","max-video-preview":"max-video-preview:-1"},"canonical":"https:\/\/www.stara-baska-apartments.com\/de\/reservierung\/","og_locale":"de_DE","og_type":"article","og_title":"Reservierung - Stara Ba\u0161ka Apartments","og_description":"Um eine Reservierung f\u00fcr den gew\u00fcnschten Wohnung machen f\u00fcllen Sie bitte das untenstehende Formular aus oder kontaktieren Sie uns per E-Mail: stara.baska.apartments@gmail.com Eine Kaution ist f\u00fcr die Best\u00e4tigung der Reservierung f\u00e4llig. Ohne die Kaution wird ihre Reservierung nicht best\u00e4tigt, sondern wird sie nur als eine informative Anfrage angesehen. Die Kaution[...]","og_url":"https:\/\/www.stara-baska-apartments.com\/de\/reservierung\/","og_site_name":"Stara Ba\u0161ka Apartments","article_modified_time":"2025-11-17T13:00:14+00:00","og_image":[{"width":1200,"height":900,"url":"https:\/\/www.stara-baska-apartments.com\/wp-content\/uploads\/2016\/01\/StaraBaskaBeach45.jpg","type":"image\/jpeg"}],"twitter_card":"summary_large_image","twitter_misc":{"Gesch\u00e4tzte Lesezeit":"1\u00a0Minute"},"schema":{"@context":"https:\/\/schema.org","@graph":[{"@type":"WebPage","@id":"https:\/\/www.stara-baska-apartments.com\/de\/reservierung\/","url":"https:\/\/www.stara-baska-apartments.com\/de\/reservierung\/","name":"Reservierung - Stara Ba\u0161ka Apartments","isPartOf":{"@id":"https:\/\/www.stara-baska-apartments.com\/de\/#website"},"datePublished":"2016-03-07T02:55:53+00:00","dateModified":"2025-11-17T13:00:14+00:00","breadcrumb":{"@id":"https:\/\/www.stara-baska-apartments.com\/de\/reservierung\/#breadcrumb"},"inLanguage":"de","potentialAction":[{"@type":"ReadAction","target":["https:\/\/www.stara-baska-apartments.com\/de\/reservierung\/"]}]},{"@type":"BreadcrumbList","@id":"https:\/\/www.stara-baska-apartments.com\/de\/reservierung\/#breadcrumb","itemListElement":[{"@type":"ListItem","position":1,"name":"Home","item":"https:\/\/www.stara-baska-apartments.com\/de\/"},{"@type":"ListItem","position":2,"name":"Reservierung"}]},{"@type":"WebSite","@id":"https:\/\/www.stara-baska-apartments.com\/de\/#website","url":"https:\/\/www.stara-baska-apartments.com\/de\/","name":"Stara Ba\u0161ka Apartments","description":"The most beautiful place in Island of Krk","publisher":{"@id":"https:\/\/www.stara-baska-apartments.com\/de\/#\/schema\/person\/120af8770dbc486d4cb500abe5530bcc"},"potentialAction":[{"@type":"SearchAction","target":{"@type":"EntryPoint","urlTemplate":"https:\/\/www.stara-baska-apartments.com\/de\/?s={search_term_string}"},"query-input":{"@type":"PropertyValueSpecification","valueRequired":true,"valueName":"search_term_string"}}],"inLanguage":"de"},{"@type":["Person","Organization"],"@id":"https:\/\/www.stara-baska-apartments.com\/de\/#\/schema\/person\/120af8770dbc486d4cb500abe5530bcc","name":"jeva","image":{"@type":"ImageObject","inLanguage":"de","@id":"https:\/\/www.stara-baska-apartments.com\/de\/#\/schema\/person\/image\/","url":"https:\/\/secure.gravatar.com\/avatar\/55f1bddcac228ed6431966f123da9a710604f3bdc2ca8190637ee6aa9f669d58?s=96&d=mm&r=g","contentUrl":"https:\/\/secure.gravatar.com\/avatar\/55f1bddcac228ed6431966f123da9a710604f3bdc2ca8190637ee6aa9f669d58?s=96&d=mm&r=g","caption":"jeva"},"logo":{"@id":"https:\/\/www.stara-baska-apartments.com\/de\/#\/schema\/person\/image\/"}}]}},"_links":{"self":[{"href":"https:\/\/www.stara-baska-apartments.com\/de\/wp-json\/wp\/v2\/pages\/1210","targetHints":{"allow":["GET"]}}],"collection":[{"href":"https:\/\/www.stara-baska-apartments.com\/de\/wp-json\/wp\/v2\/pages"}],"about":[{"href":"https:\/\/www.stara-baska-apartments.com\/de\/wp-json\/wp\/v2\/types\/page"}],"author":[{"embeddable":true,"href":"https:\/\/www.stara-baska-apartments.com\/de\/wp-json\/wp\/v2\/users\/1"}],"replies":[{"embeddable":true,"href":"https:\/\/www.stara-baska-apartments.com\/de\/wp-json\/wp\/v2\/comments?post=1210"}],"version-history":[{"count":2,"href":"https:\/\/www.stara-baska-apartments.com\/de\/wp-json\/wp\/v2\/pages\/1210\/revisions"}],"predecessor-version":[{"id":3000,"href":"https:\/\/www.stara-baska-apartments.com\/de\/wp-json\/wp\/v2\/pages\/1210\/revisions\/3000"}],"wp:attachment":[{"href":"https:\/\/www.stara-baska-apartments.com\/de\/wp-json\/wp\/v2\/media?parent=1210"}],"curies":[{"name":"wp","href":"https:\/\/api.w.org\/{rel}","templated":true}]}}