{"id":1416,"date":"2016-03-13T20:35:56","date_gmt":"2016-03-13T19:35:56","guid":{"rendered":"http:\/\/www.stara-baska-apartments.com\/hr\/?page_id=1416"},"modified":"2025-11-17T13:59:34","modified_gmt":"2025-11-17T12:59:34","slug":"rezervacija","status":"publish","type":"page","link":"https:\/\/www.stara-baska-apartments.com\/hr\/rezervacija\/","title":{"rendered":"Rezervacija"},"content":{"rendered":"<p class=\"excerpt\">Za provjeru slobodnih dana i rezervacije molimo ispunite obrazac ili nam se obratite putem e-maila: <a href=\"mailto:stara.baska.apartments@gmail.com\">stara.baska.apartments@gmail.com<\/a><\/p>\r\n<p>Za potvrdu rezervacije depozit se pla\u0107a unaprijed. Bez depozita Va\u0161 zahtjev za rezervaciju ne\u0107e biti potvr\u0111en ve\u0107 se tretira kao informativni upit. Depozit iznosi 30% od ukupnog iznosa, ako je broj no\u0107enja vi\u0161e od tri. Za no\u0107enja od tri no\u0107i i manje, iznos depozita je u visini cijene jedne no\u0107i.<br \/>Ako je rezervacija otkazana vi\u0161e od 30 dana prije dolaska, vratiti \u0107emo Vam polog.<\/p>\r\n<p class=\"excerpt\">U glavnoj sezoni, LIPNJU, SRPNJU i KOLOVOZU, primamo rezervacije s prijavom i odjavom samo vikendom (petak, subota ili nedjelja).\r\nMo\u017ee biti bilo koja kombinacija, na primjer, prijava u nedjelju i odjava u petak ili subotu.<\/p>\r\n<p>Za sva dodatna pitanja slobodno nas kontaktirajte, a mi \u0107emo vam odgovoriti u najkra\u0107em roku (naj\u010de\u0161\u0107e u roku od sat vremena).<\/p>\r\n\r\n\r\n<div class=\"wp-block-columns is-layout-flex wp-container-core-columns-is-layout-9d6595d7 wp-block-columns-is-layout-flex\">\r\n<div class=\"wp-block-column is-layout-flow wp-block-column-is-layout-flow\">\r\n<div class=\"wp-block-contact-form-7-contact-form-selector\">\n<div class=\"wpcf7 no-js\" id=\"wpcf7-f2118-o1\" lang=\"en-US\" dir=\"ltr\" data-wpcf7-id=\"2118\">\n<div class=\"screen-reader-response\"><p role=\"status\" aria-live=\"polite\" aria-atomic=\"true\"><\/p> <ul><\/ul><\/div>\n<form action=\"\/hr\/wp-json\/wp\/v2\/pages\/1416#wpcf7-f2118-o1\" method=\"post\" class=\"wpcf7-form init\" aria-label=\"Contact form\" novalidate=\"novalidate\" data-status=\"init\">\n<fieldset class=\"hidden-fields-container\"><input type=\"hidden\" name=\"_wpcf7\" value=\"2118\" \/><input type=\"hidden\" name=\"_wpcf7_version\" value=\"6.1.4\" \/><input type=\"hidden\" name=\"_wpcf7_locale\" value=\"en_US\" \/><input type=\"hidden\" name=\"_wpcf7_unit_tag\" value=\"wpcf7-f2118-o1\" \/><input type=\"hidden\" name=\"_wpcf7_container_post\" value=\"0\" \/><input type=\"hidden\" name=\"_wpcf7_posted_data_hash\" value=\"\" \/>\n<\/fieldset>\n<p><label> Ime<br \/>\n<span class=\"wpcf7-form-control-wrap\" data-name=\"text-600\"><input size=\"40\" maxlength=\"400\" class=\"wpcf7-form-control wpcf7-text\" aria-invalid=\"false\" value=\"\" type=\"text\" name=\"text-600\" \/><\/span> <\/label>\n<\/p>\n<p><label> Tvoj e-mail<br \/>\n<span class=\"wpcf7-form-control-wrap\" data-name=\"your-email\"><input size=\"40\" maxlength=\"400\" class=\"wpcf7-form-control wpcf7-email wpcf7-validates-as-required wpcf7-text wpcf7-validates-as-email\" aria-required=\"true\" aria-invalid=\"false\" value=\"\" type=\"email\" name=\"your-email\" \/><\/span> <\/label>\n<\/p>\n<p><label> Dolazak<br \/>\n<span class=\"wpcf7-form-control-wrap\" data-name=\"date-821\"><input class=\"wpcf7-form-control wpcf7-date wpcf7-validates-as-date\" min=\"2026-04-01\" max=\"2026-11-01\" aria-invalid=\"false\" value=\"\" type=\"date\" name=\"date-821\" \/><\/span> <\/label>\n<\/p>\n<p><label> Odlazak<br \/>\n<span class=\"wpcf7-form-control-wrap\" data-name=\"date-455\"><input class=\"wpcf7-form-control wpcf7-date wpcf7-validates-as-date\" min=\"2026-04-01\" max=\"2026-11-01\" aria-invalid=\"false\" value=\"\" type=\"date\" name=\"date-455\" \/><\/span> <\/label>\n<\/p>\n<p><label> Osoba<br \/>\n<span class=\"wpcf7-form-control-wrap\" data-name=\"menu-815\"><select class=\"wpcf7-form-control wpcf7-select wpcf7-validates-as-required\" aria-required=\"true\" aria-invalid=\"false\" name=\"menu-815\"><option value=\"1\">1<\/option><option value=\"2\">2<\/option><option value=\"3\">3<\/option><option value=\"4\">4<\/option><\/select><\/span> <\/label>\n<\/p>\n<p><label> Smje\u0161taj<br \/>\n<span class=\"wpcf7-form-control-wrap\" data-name=\"menu-781\"><select class=\"wpcf7-form-control wpcf7-select\" aria-invalid=\"false\" name=\"menu-781\"><option value=\"Apartment Rosso\">Apartment Rosso<\/option><option value=\"Apartment Galun\">Apartment Galun<\/option><option value=\"House Nova\">House Nova<\/option><\/select><\/span> <\/label>\n<\/p>\n<p><label> Va\u0161a poruka (opcija)<br \/>\n<span class=\"wpcf7-form-control-wrap\" data-name=\"your-message\"><textarea cols=\"40\" rows=\"10\" maxlength=\"2000\" class=\"wpcf7-form-control wpcf7-textarea\" aria-invalid=\"false\" name=\"your-message\"><\/textarea><\/span> <\/label>\n<\/p>\n<p><input class=\"wpcf7-form-control wpcf7-submit has-spinner\" type=\"submit\" value=\"Po\u0161alji\" \/>\n<\/p><div class=\"wpcf7-response-output\" aria-hidden=\"true\"><\/div>\n<\/form>\n<\/div>\n<\/div>\r\n<\/div>\r\n\r\n\r\n\r\n<div class=\"wp-block-column is-layout-flow wp-block-column-is-layout-flow\"><\/div>\r\n<\/div>\r\n","protected":false},"excerpt":{"rendered":"<p>Za provjeru slobodnih dana i rezervacije molimo ispunite obrazac ili nam se obratite putem e-maila: stara.baska.apartments@gmail.com Za potvrdu rezervacije depozit se pla\u0107a unaprijed. Bez depozita Va\u0161 zahtjev za rezervaciju ne\u0107e biti potvr\u0111en ve\u0107 se tretira kao informativni upit. Depozit iznosi 30% od ukupnog iznosa, ako je broj no\u0107enja vi\u0161e od[&#8230;]<\/p>\n","protected":false},"author":1,"featured_media":0,"parent":0,"menu_order":0,"comment_status":"open","ping_status":"open","template":"template-full.php","meta":{"sfsi_plus_gutenberg_text_before_share":"","sfsi_plus_gutenberg_show_text_before_share":"","sfsi_plus_gutenberg_icon_type":"","sfsi_plus_gutenberg_icon_alignemt":"","sfsi_plus_gutenburg_max_per_row":"","footnotes":""},"class_list":["post-1416","page","type-page","status-publish","hentry"],"yoast_head":"<!-- This site is optimized with the Yoast SEO plugin v26.9 - https:\/\/yoast.com\/product\/yoast-seo-wordpress\/ -->\n<title>Rezervacija - Stara Ba\u0161ka Apartmani<\/title>\n<meta name=\"description\" content=\"Za provjeru slobodnih dana i rezervacije molimo ispunite obrazac ili nam se obratite putem e-maila: stara.baska.apartments@gmail.com\" \/>\n<meta name=\"robots\" content=\"index, follow, max-snippet:-1, max-image-preview:large, max-video-preview:-1\" \/>\n<link rel=\"canonical\" href=\"https:\/\/www.stara-baska-apartments.com\/hr\/rezervacija\/\" \/>\n<meta property=\"og:locale\" content=\"hr_HR\" \/>\n<meta property=\"og:type\" content=\"article\" \/>\n<meta property=\"og:title\" content=\"Rezervacija - Stara Ba\u0161ka Apartmani\" \/>\n<meta property=\"og:description\" content=\"Za provjeru slobodnih dana i rezervacije molimo ispunite obrazac ili nam se obratite putem e-maila: stara.baska.apartments@gmail.com\" \/>\n<meta property=\"og:url\" content=\"https:\/\/www.stara-baska-apartments.com\/hr\/rezervacija\/\" \/>\n<meta property=\"og:site_name\" content=\"Stara Ba\u0161ka Apartments\" \/>\n<meta property=\"article:modified_time\" content=\"2025-11-17T12:59:34+00:00\" \/>\n<meta property=\"og:image\" content=\"https:\/\/www.stara-baska-apartments.com\/wp-content\/uploads\/2016\/01\/StaraBaskaBeach45.jpg\" \/>\n\t<meta property=\"og:image:width\" content=\"1200\" \/>\n\t<meta property=\"og:image:height\" content=\"900\" \/>\n\t<meta property=\"og:image:type\" content=\"image\/jpeg\" \/>\n<meta name=\"twitter:card\" content=\"summary_large_image\" \/>\n<meta name=\"twitter:label1\" content=\"Procijenjeno vrijeme \u010ditanja\" \/>\n\t<meta name=\"twitter:data1\" content=\"1 minuta\" \/>\n<script type=\"application\/ld+json\" class=\"yoast-schema-graph\">{\"@context\":\"https:\/\/schema.org\",\"@graph\":[{\"@type\":\"WebPage\",\"@id\":\"https:\/\/www.stara-baska-apartments.com\/hr\/rezervacija\/\",\"url\":\"https:\/\/www.stara-baska-apartments.com\/hr\/rezervacija\/\",\"name\":\"Rezervacija - Stara Ba\u0161ka Apartmani\",\"isPartOf\":{\"@id\":\"https:\/\/www.stara-baska-apartments.com\/hr\/#website\"},\"datePublished\":\"2016-03-13T19:35:56+00:00\",\"dateModified\":\"2025-11-17T12:59:34+00:00\",\"description\":\"Za provjeru slobodnih dana i rezervacije molimo ispunite obrazac ili nam se obratite putem e-maila: stara.baska.apartments@gmail.com\",\"breadcrumb\":{\"@id\":\"https:\/\/www.stara-baska-apartments.com\/hr\/rezervacija\/#breadcrumb\"},\"inLanguage\":\"hr\",\"potentialAction\":[{\"@type\":\"ReadAction\",\"target\":[\"https:\/\/www.stara-baska-apartments.com\/hr\/rezervacija\/\"]}]},{\"@type\":\"BreadcrumbList\",\"@id\":\"https:\/\/www.stara-baska-apartments.com\/hr\/rezervacija\/#breadcrumb\",\"itemListElement\":[{\"@type\":\"ListItem\",\"position\":1,\"name\":\"Home\",\"item\":\"https:\/\/www.stara-baska-apartments.com\/hr\/\"},{\"@type\":\"ListItem\",\"position\":2,\"name\":\"Rezervacija\"}]},{\"@type\":\"WebSite\",\"@id\":\"https:\/\/www.stara-baska-apartments.com\/hr\/#website\",\"url\":\"https:\/\/www.stara-baska-apartments.com\/hr\/\",\"name\":\"Stara Ba\u0161ka Apartments\",\"description\":\"The most beautiful place in Island of Krk\",\"publisher\":{\"@id\":\"https:\/\/www.stara-baska-apartments.com\/hr\/#\/schema\/person\/120af8770dbc486d4cb500abe5530bcc\"},\"potentialAction\":[{\"@type\":\"SearchAction\",\"target\":{\"@type\":\"EntryPoint\",\"urlTemplate\":\"https:\/\/www.stara-baska-apartments.com\/hr\/?s={search_term_string}\"},\"query-input\":{\"@type\":\"PropertyValueSpecification\",\"valueRequired\":true,\"valueName\":\"search_term_string\"}}],\"inLanguage\":\"hr\"},{\"@type\":[\"Person\",\"Organization\"],\"@id\":\"https:\/\/www.stara-baska-apartments.com\/hr\/#\/schema\/person\/120af8770dbc486d4cb500abe5530bcc\",\"name\":\"jeva\",\"image\":{\"@type\":\"ImageObject\",\"inLanguage\":\"hr\",\"@id\":\"https:\/\/www.stara-baska-apartments.com\/hr\/#\/schema\/person\/image\/\",\"url\":\"https:\/\/secure.gravatar.com\/avatar\/55f1bddcac228ed6431966f123da9a710604f3bdc2ca8190637ee6aa9f669d58?s=96&d=mm&r=g\",\"contentUrl\":\"https:\/\/secure.gravatar.com\/avatar\/55f1bddcac228ed6431966f123da9a710604f3bdc2ca8190637ee6aa9f669d58?s=96&d=mm&r=g\",\"caption\":\"jeva\"},\"logo\":{\"@id\":\"https:\/\/www.stara-baska-apartments.com\/hr\/#\/schema\/person\/image\/\"}}]}<\/script>\n<!-- \/ Yoast SEO plugin. -->","yoast_head_json":{"title":"Rezervacija - Stara Ba\u0161ka Apartmani","description":"Za provjeru slobodnih dana i rezervacije molimo ispunite obrazac ili nam se obratite putem e-maila: stara.baska.apartments@gmail.com","robots":{"index":"index","follow":"follow","max-snippet":"max-snippet:-1","max-image-preview":"max-image-preview:large","max-video-preview":"max-video-preview:-1"},"canonical":"https:\/\/www.stara-baska-apartments.com\/hr\/rezervacija\/","og_locale":"hr_HR","og_type":"article","og_title":"Rezervacija - Stara Ba\u0161ka Apartmani","og_description":"Za provjeru slobodnih dana i rezervacije molimo ispunite obrazac ili nam se obratite putem e-maila: stara.baska.apartments@gmail.com","og_url":"https:\/\/www.stara-baska-apartments.com\/hr\/rezervacija\/","og_site_name":"Stara Ba\u0161ka Apartments","article_modified_time":"2025-11-17T12:59:34+00:00","og_image":[{"width":1200,"height":900,"url":"https:\/\/www.stara-baska-apartments.com\/wp-content\/uploads\/2016\/01\/StaraBaskaBeach45.jpg","type":"image\/jpeg"}],"twitter_card":"summary_large_image","twitter_misc":{"Procijenjeno vrijeme \u010ditanja":"1 minuta"},"schema":{"@context":"https:\/\/schema.org","@graph":[{"@type":"WebPage","@id":"https:\/\/www.stara-baska-apartments.com\/hr\/rezervacija\/","url":"https:\/\/www.stara-baska-apartments.com\/hr\/rezervacija\/","name":"Rezervacija - Stara Ba\u0161ka Apartmani","isPartOf":{"@id":"https:\/\/www.stara-baska-apartments.com\/hr\/#website"},"datePublished":"2016-03-13T19:35:56+00:00","dateModified":"2025-11-17T12:59:34+00:00","description":"Za provjeru slobodnih dana i rezervacije molimo ispunite obrazac ili nam se obratite putem e-maila: stara.baska.apartments@gmail.com","breadcrumb":{"@id":"https:\/\/www.stara-baska-apartments.com\/hr\/rezervacija\/#breadcrumb"},"inLanguage":"hr","potentialAction":[{"@type":"ReadAction","target":["https:\/\/www.stara-baska-apartments.com\/hr\/rezervacija\/"]}]},{"@type":"BreadcrumbList","@id":"https:\/\/www.stara-baska-apartments.com\/hr\/rezervacija\/#breadcrumb","itemListElement":[{"@type":"ListItem","position":1,"name":"Home","item":"https:\/\/www.stara-baska-apartments.com\/hr\/"},{"@type":"ListItem","position":2,"name":"Rezervacija"}]},{"@type":"WebSite","@id":"https:\/\/www.stara-baska-apartments.com\/hr\/#website","url":"https:\/\/www.stara-baska-apartments.com\/hr\/","name":"Stara Ba\u0161ka Apartments","description":"The most beautiful place in Island of Krk","publisher":{"@id":"https:\/\/www.stara-baska-apartments.com\/hr\/#\/schema\/person\/120af8770dbc486d4cb500abe5530bcc"},"potentialAction":[{"@type":"SearchAction","target":{"@type":"EntryPoint","urlTemplate":"https:\/\/www.stara-baska-apartments.com\/hr\/?s={search_term_string}"},"query-input":{"@type":"PropertyValueSpecification","valueRequired":true,"valueName":"search_term_string"}}],"inLanguage":"hr"},{"@type":["Person","Organization"],"@id":"https:\/\/www.stara-baska-apartments.com\/hr\/#\/schema\/person\/120af8770dbc486d4cb500abe5530bcc","name":"jeva","image":{"@type":"ImageObject","inLanguage":"hr","@id":"https:\/\/www.stara-baska-apartments.com\/hr\/#\/schema\/person\/image\/","url":"https:\/\/secure.gravatar.com\/avatar\/55f1bddcac228ed6431966f123da9a710604f3bdc2ca8190637ee6aa9f669d58?s=96&d=mm&r=g","contentUrl":"https:\/\/secure.gravatar.com\/avatar\/55f1bddcac228ed6431966f123da9a710604f3bdc2ca8190637ee6aa9f669d58?s=96&d=mm&r=g","caption":"jeva"},"logo":{"@id":"https:\/\/www.stara-baska-apartments.com\/hr\/#\/schema\/person\/image\/"}}]}},"_links":{"self":[{"href":"https:\/\/www.stara-baska-apartments.com\/hr\/wp-json\/wp\/v2\/pages\/1416","targetHints":{"allow":["GET"]}}],"collection":[{"href":"https:\/\/www.stara-baska-apartments.com\/hr\/wp-json\/wp\/v2\/pages"}],"about":[{"href":"https:\/\/www.stara-baska-apartments.com\/hr\/wp-json\/wp\/v2\/types\/page"}],"author":[{"embeddable":true,"href":"https:\/\/www.stara-baska-apartments.com\/hr\/wp-json\/wp\/v2\/users\/1"}],"replies":[{"embeddable":true,"href":"https:\/\/www.stara-baska-apartments.com\/hr\/wp-json\/wp\/v2\/comments?post=1416"}],"version-history":[{"count":3,"href":"https:\/\/www.stara-baska-apartments.com\/hr\/wp-json\/wp\/v2\/pages\/1416\/revisions"}],"predecessor-version":[{"id":2999,"href":"https:\/\/www.stara-baska-apartments.com\/hr\/wp-json\/wp\/v2\/pages\/1416\/revisions\/2999"}],"wp:attachment":[{"href":"https:\/\/www.stara-baska-apartments.com\/hr\/wp-json\/wp\/v2\/media?parent=1416"}],"curies":[{"name":"wp","href":"https:\/\/api.w.org\/{rel}","templated":true}]}}