{"id":1421,"date":"2016-03-13T20:55:19","date_gmt":"2016-03-13T19:55:19","guid":{"rendered":"http:\/\/www.stara-baska-apartments.com\/hr\/?page_id=1421"},"modified":"2016-03-14T01:10:42","modified_gmt":"2016-03-14T00:10:42","slug":"stara-baska-apartmani-otok-krk-hrvatska","status":"publish","type":"page","link":"https:\/\/www.stara-baska-apartments.com\/hr\/","title":{"rendered":"Stara Ba\u0161ka Apartmani &#8211; Otok Krk &#8211; Hrvatska"},"content":{"rendered":"<h3>Dobrodo\u0161li na stranice Stara Ba\u0161ka Apartmani<\/h3>\n<p>Stara Ba\u0161ka Apartmani skriveni su u maloj uvali na <a href=\"http:\/\/www.stara-baska-apartments.com\/hr\/otok-krk\/\">otoku Krku<\/a>, u selu <a href=\"http:\/\/www.stara-baska-apartments.com\/hr\/stara-baska\/\">Stara Ba\u0161ka<\/a> u kojemu sve izgleda kao da vrijeme sporije prolazi. Seoski \u017eivot je prili\u010dno jednostavan, kao \u0161to je i ina\u010de \u017eivot na otoku. Blagodati koje nas okru\u017euju nesebi\u010dni su poklon Majke Prirode, s kojom \u017eivimo u harmoni\u010dnom su\u017eivotu i s velikim po\u0161tovanjem. Dani su sun\u010dani i vedri, bistro more prote\u017ee se gdje god pogledate, a tihe no\u0107i jam\u010de kvalitetan i okrjepljuju\u0107i odmor. Vrijeme je da krenete na svoj zaslu\u017eeni odmor!<\/p>\n<p><a href=\"http:\/\/www.stara-baska-apartments.com\/wp-content\/uploads\/2016\/01\/StaraBaskaHouse02.jpg\" rel=\"fancybox[1421]\" rel=\"attachment wp-att-897\"><img loading=\"lazy\" decoding=\"async\" class=\"alignleft wp-image-897 size-medium\" src=\"http:\/\/www.stara-baska-apartments.com\/wp-content\/uploads\/2016\/01\/StaraBaskaHouse02-300x111.jpg\" alt=\"Stara Baska Apartments\" width=\"300\" height=\"111\" srcset=\"https:\/\/www.stara-baska-apartments.com\/wp-content\/uploads\/2016\/01\/StaraBaskaHouse02-300x111.jpg 300w, https:\/\/www.stara-baska-apartments.com\/wp-content\/uploads\/2016\/01\/StaraBaskaHouse02-768x283.jpg 768w, https:\/\/www.stara-baska-apartments.com\/wp-content\/uploads\/2016\/01\/StaraBaskaHouse02-920x343.jpg 920w, https:\/\/www.stara-baska-apartments.com\/wp-content\/uploads\/2016\/01\/StaraBaskaHouse02.jpg 930w\" sizes=\"auto, (max-width: 300px) 100vw, 300px\" \/><\/a><\/p>\n<blockquote><p>Dva prostrana i lijepo ure\u0111ena apartmana, nazvana \u201cGalun\u201d i \u201cRosso\u201d, dio su na\u0161e ku\u0107e u selu Stara Ba\u0161ka, smje\u0161tene u blizini pla\u017ea. Savr\u0161en smje\u0161taj za Vas, Va\u0161u obitelj i prijatelje.<\/p>\n<p>&nbsp;<\/p><\/blockquote>\n<p><iframe loading=\"lazy\" src=\"https:\/\/www.youtube.com\/embed\/xLVsKqYebtY?rel=0\" width=\"560\" height=\"315\" frameborder=\"0\" allowfullscreen=\"allowfullscreen\"><\/iframe><\/p>\n<p>Zamislite kako se budite nakon dugog i kvalitetnog sna. Zakora\u010dite na prostranu terasu i udi\u0161ete svje\u017ei, jutarnji zrak. Prvo \u0161to \u0107ete zaokru\u017eiti pogledom biti \u0107e beskrajno plavo more \u010diji se valovi ljeskaju prema oto\u010di\u0107u Galunu. Sve to mo\u017eete ostvariti u na\u0161im apartmanima koji su Vam na raspolaganju. Bez obzira jeste li skloniji avanturizmu, danima ispunjenima zabavom i uzbu\u0111enjima, ili vi\u0161e cijenite potpuni mir na mirnoj pla\u017ei obasjanoj suncem, nalazite se na pravom mjestu. Uve\u010der, Stara Ba\u0161ka mijenja svoje ruho i dnevna ljepota mjesta dobiva novu dimenziju. \u010ca\u0161a vina uz dragu osobu, horizont okupan sutonom, nebo i more stopljeni u purpurnoj boji. Priroda pru\u017ea savr\u0161enu glazbenu podlogu kao \u0161to su cvrkut cvr\u010daka na toplom ljetnom povjetarcu i \u0161um valova s <a href=\"http:\/\/www.stara-baska-apartments.com\/hr\/fotografije\/fotografije-plaza-stara-baska\/\">obli\u017enje pla\u017ee<\/a>.<\/p>\n<p><div id='gallery-1' class='gallery galleryid-1421 gallery-columns-8 gallery-size-ci_featgal_small_thumb'><figure class='gallery-item'>\n\t\t\t<div class='gallery-icon portrait'>\n\t\t\t\t<a href='https:\/\/www.stara-baska-apartments.com\/wp-content\/uploads\/2015\/12\/StaraBaskaGalun0667.jpg' rel=\"fancybox[1421]\" rel=\"fancybox[1421]\"><img loading=\"lazy\" decoding=\"async\" width=\"100\" height=\"100\" src=\"https:\/\/www.stara-baska-apartments.com\/wp-content\/uploads\/2015\/12\/StaraBaskaGalun0667-100x100.jpg\" class=\"attachment-ci_featgal_small_thumb size-ci_featgal_small_thumb\" alt=\"\" srcset=\"https:\/\/www.stara-baska-apartments.com\/wp-content\/uploads\/2015\/12\/StaraBaskaGalun0667-100x100.jpg 100w, https:\/\/www.stara-baska-apartments.com\/wp-content\/uploads\/2015\/12\/StaraBaskaGalun0667-150x150.jpg 150w\" sizes=\"auto, (max-width: 100px) 100vw, 100px\" \/><\/a>\n\t\t\t<\/div><\/figure><figure class='gallery-item'>\n\t\t\t<div class='gallery-icon portrait'>\n\t\t\t\t<a href='https:\/\/www.stara-baska-apartments.com\/wp-content\/uploads\/2015\/12\/StaraBaskaGalun58.jpg' rel=\"fancybox[1421]\" rel=\"fancybox[1421]\"><img loading=\"lazy\" decoding=\"async\" width=\"100\" height=\"100\" src=\"https:\/\/www.stara-baska-apartments.com\/wp-content\/uploads\/2015\/12\/StaraBaskaGalun58-100x100.jpg\" class=\"attachment-ci_featgal_small_thumb size-ci_featgal_small_thumb\" alt=\"\" srcset=\"https:\/\/www.stara-baska-apartments.com\/wp-content\/uploads\/2015\/12\/StaraBaskaGalun58-100x100.jpg 100w, https:\/\/www.stara-baska-apartments.com\/wp-content\/uploads\/2015\/12\/StaraBaskaGalun58-150x150.jpg 150w\" sizes=\"auto, (max-width: 100px) 100vw, 100px\" \/><\/a>\n\t\t\t<\/div><\/figure><figure class='gallery-item'>\n\t\t\t<div class='gallery-icon portrait'>\n\t\t\t\t<a href='https:\/\/www.stara-baska-apartments.com\/wp-content\/uploads\/2015\/12\/StaraBaskaGalun0666.jpg' rel=\"fancybox[1421]\" rel=\"fancybox[1421]\"><img loading=\"lazy\" decoding=\"async\" width=\"100\" height=\"100\" src=\"https:\/\/www.stara-baska-apartments.com\/wp-content\/uploads\/2015\/12\/StaraBaskaGalun0666-100x100.jpg\" class=\"attachment-ci_featgal_small_thumb size-ci_featgal_small_thumb\" alt=\"\" srcset=\"https:\/\/www.stara-baska-apartments.com\/wp-content\/uploads\/2015\/12\/StaraBaskaGalun0666-100x100.jpg 100w, https:\/\/www.stara-baska-apartments.com\/wp-content\/uploads\/2015\/12\/StaraBaskaGalun0666-150x150.jpg 150w\" sizes=\"auto, (max-width: 100px) 100vw, 100px\" \/><\/a>\n\t\t\t<\/div><\/figure><figure class='gallery-item'>\n\t\t\t<div class='gallery-icon portrait'>\n\t\t\t\t<a href='https:\/\/www.stara-baska-apartments.com\/wp-content\/uploads\/2016\/01\/StaraBaskaPlace03.jpg' rel=\"fancybox[1421]\" rel=\"fancybox[1421]\"><img loading=\"lazy\" decoding=\"async\" width=\"100\" height=\"100\" src=\"https:\/\/www.stara-baska-apartments.com\/wp-content\/uploads\/2016\/01\/StaraBaskaPlace03-100x100.jpg\" class=\"attachment-ci_featgal_small_thumb size-ci_featgal_small_thumb\" alt=\"View of Stara Baska\" srcset=\"https:\/\/www.stara-baska-apartments.com\/wp-content\/uploads\/2016\/01\/StaraBaskaPlace03-100x100.jpg 100w, https:\/\/www.stara-baska-apartments.com\/wp-content\/uploads\/2016\/01\/StaraBaskaPlace03-150x150.jpg 150w\" sizes=\"auto, (max-width: 100px) 100vw, 100px\" \/><\/a>\n\t\t\t<\/div><\/figure><figure class='gallery-item'>\n\t\t\t<div class='gallery-icon portrait'>\n\t\t\t\t<a href='https:\/\/www.stara-baska-apartments.com\/wp-content\/uploads\/2015\/12\/StaraBaskaBeach53.jpg' rel=\"fancybox[1421]\" rel=\"fancybox[1421]\"><img loading=\"lazy\" decoding=\"async\" width=\"100\" height=\"100\" src=\"https:\/\/www.stara-baska-apartments.com\/wp-content\/uploads\/2015\/12\/StaraBaskaBeach53-100x100.jpg\" class=\"attachment-ci_featgal_small_thumb size-ci_featgal_small_thumb\" alt=\"\" srcset=\"https:\/\/www.stara-baska-apartments.com\/wp-content\/uploads\/2015\/12\/StaraBaskaBeach53-100x100.jpg 100w, https:\/\/www.stara-baska-apartments.com\/wp-content\/uploads\/2015\/12\/StaraBaskaBeach53-150x150.jpg 150w\" sizes=\"auto, (max-width: 100px) 100vw, 100px\" \/><\/a>\n\t\t\t<\/div><\/figure><figure class='gallery-item'>\n\t\t\t<div class='gallery-icon portrait'>\n\t\t\t\t<a href='https:\/\/www.stara-baska-apartments.com\/wp-content\/uploads\/2012\/07\/StaraBaskaPlace22.jpg' rel=\"fancybox[1421]\" rel=\"fancybox[1421]\"><img loading=\"lazy\" decoding=\"async\" width=\"100\" height=\"100\" src=\"https:\/\/www.stara-baska-apartments.com\/wp-content\/uploads\/2012\/07\/StaraBaskaPlace22-100x100.jpg\" class=\"attachment-ci_featgal_small_thumb size-ci_featgal_small_thumb\" alt=\"\" srcset=\"https:\/\/www.stara-baska-apartments.com\/wp-content\/uploads\/2012\/07\/StaraBaskaPlace22-100x100.jpg 100w, https:\/\/www.stara-baska-apartments.com\/wp-content\/uploads\/2012\/07\/StaraBaskaPlace22-150x150.jpg 150w\" sizes=\"auto, (max-width: 100px) 100vw, 100px\" \/><\/a>\n\t\t\t<\/div><\/figure><figure class='gallery-item'>\n\t\t\t<div class='gallery-icon landscape'>\n\t\t\t\t<a href='https:\/\/www.stara-baska-apartments.com\/wp-content\/uploads\/2016\/01\/StaraBaskaPlace08.jpg' rel=\"fancybox[1421]\" rel=\"fancybox[1421]\"><img loading=\"lazy\" decoding=\"async\" width=\"100\" height=\"100\" src=\"https:\/\/www.stara-baska-apartments.com\/wp-content\/uploads\/2016\/01\/StaraBaskaPlace08-100x100.jpg\" class=\"attachment-ci_featgal_small_thumb size-ci_featgal_small_thumb\" alt=\"\" srcset=\"https:\/\/www.stara-baska-apartments.com\/wp-content\/uploads\/2016\/01\/StaraBaskaPlace08-100x100.jpg 100w, https:\/\/www.stara-baska-apartments.com\/wp-content\/uploads\/2016\/01\/StaraBaskaPlace08-150x150.jpg 150w\" sizes=\"auto, (max-width: 100px) 100vw, 100px\" \/><\/a>\n\t\t\t<\/div><\/figure><figure class='gallery-item'>\n\t\t\t<div class='gallery-icon landscape'>\n\t\t\t\t<a href='https:\/\/www.stara-baska-apartments.com\/wp-content\/uploads\/2016\/01\/StaraBaskaPlace09.jpg' rel=\"fancybox[1421]\" rel=\"fancybox[1421]\"><img loading=\"lazy\" decoding=\"async\" width=\"100\" height=\"100\" src=\"https:\/\/www.stara-baska-apartments.com\/wp-content\/uploads\/2016\/01\/StaraBaskaPlace09-100x100.jpg\" class=\"attachment-ci_featgal_small_thumb size-ci_featgal_small_thumb\" alt=\"sunset\" srcset=\"https:\/\/www.stara-baska-apartments.com\/wp-content\/uploads\/2016\/01\/StaraBaskaPlace09-100x100.jpg 100w, https:\/\/www.stara-baska-apartments.com\/wp-content\/uploads\/2016\/01\/StaraBaskaPlace09-150x150.jpg 150w\" sizes=\"auto, (max-width: 100px) 100vw, 100px\" \/><\/a>\n\t\t\t<\/div><\/figure>\n\t\t<\/div>\n<br \/>\n&nbsp;<br \/>\n&nbsp;<br \/>\n&nbsp;<br \/>\n&nbsp;<br \/>\n&nbsp;<\/p>\n","protected":false},"excerpt":{"rendered":"<p>Dobrodo\u0161li na stranice Stara Ba\u0161ka Apartmani Stara Ba\u0161ka Apartmani skriveni su u maloj uvali na otoku Krku, u selu Stara Ba\u0161ka u kojemu sve izgleda kao da vrijeme sporije prolazi. Seoski \u017eivot je prili\u010dno jednostavan, kao \u0161to je i ina\u010de \u017eivot na otoku. Blagodati koje nas okru\u017euju nesebi\u010dni su poklon[&#8230;]<\/p>\n","protected":false},"author":1,"featured_media":0,"parent":0,"menu_order":0,"comment_status":"open","ping_status":"open","template":"template-front.php","meta":{"sfsi_plus_gutenberg_text_before_share":"","sfsi_plus_gutenberg_show_text_before_share":"","sfsi_plus_gutenberg_icon_type":"","sfsi_plus_gutenberg_icon_alignemt":"","sfsi_plus_gutenburg_max_per_row":"","footnotes":""},"class_list":["post-1421","page","type-page","status-publish","hentry"],"yoast_head":"<!-- This site is optimized with the Yoast SEO plugin v26.9 - https:\/\/yoast.com\/product\/yoast-seo-wordpress\/ -->\n<title>Stara Ba\u0161ka Apartmani - Otok Krk - Hrvatska<\/title>\n<meta name=\"description\" content=\"Stara Ba\u0161ka Apartmani su web stranice na\u0161e ku\u0107e u Staroj Ba\u0161ki u kojoj se nalaze dva apartmana Galun i Rosso. Nalazimo se blizu pla\u017ee, savr\u0161en odmor za Vas!\" \/>\n<meta name=\"robots\" content=\"index, follow, max-snippet:-1, max-image-preview:large, max-video-preview:-1\" \/>\n<link rel=\"canonical\" href=\"https:\/\/www.stara-baska-apartments.com\/hr\/\" \/>\n<meta property=\"og:locale\" content=\"hr_HR\" \/>\n<meta property=\"og:type\" content=\"article\" \/>\n<meta property=\"og:title\" content=\"Stara Ba\u0161ka Apartmani - Otok Krk - Hrvatska\" \/>\n<meta property=\"og:description\" content=\"Stara Ba\u0161ka Apartmani su web stranice na\u0161e ku\u0107e u Staroj Ba\u0161ki u kojoj se nalaze dva apartmana Galun i Rosso. Nalazimo se blizu pla\u017ee, savr\u0161en odmor za Vas!\" \/>\n<meta property=\"og:url\" content=\"https:\/\/www.stara-baska-apartments.com\/hr\/\" \/>\n<meta property=\"og:site_name\" content=\"Stara Ba\u0161ka Apartments\" \/>\n<meta property=\"article:modified_time\" content=\"2016-03-14T00:10:42+00:00\" \/>\n<meta property=\"og:image\" content=\"https:\/\/www.stara-baska-apartments.com\/wp-content\/uploads\/2015\/12\/StaraBaskaGalun0667-100x100.jpg\" \/>\n<meta name=\"twitter:card\" content=\"summary_large_image\" \/>\n<meta name=\"twitter:label1\" content=\"Procijenjeno vrijeme \u010ditanja\" \/>\n\t<meta name=\"twitter:data1\" content=\"2 minute\" \/>\n<script type=\"application\/ld+json\" class=\"yoast-schema-graph\">{\"@context\":\"https:\/\/schema.org\",\"@graph\":[{\"@type\":\"WebPage\",\"@id\":\"https:\/\/www.stara-baska-apartments.com\/hr\/\",\"url\":\"https:\/\/www.stara-baska-apartments.com\/hr\/\",\"name\":\"Stara Ba\u0161ka Apartmani - Otok Krk - Hrvatska\",\"isPartOf\":{\"@id\":\"https:\/\/www.stara-baska-apartments.com\/hr\/#website\"},\"primaryImageOfPage\":{\"@id\":\"https:\/\/www.stara-baska-apartments.com\/hr\/#primaryimage\"},\"image\":{\"@id\":\"https:\/\/www.stara-baska-apartments.com\/hr\/#primaryimage\"},\"thumbnailUrl\":\"http:\/\/www.stara-baska-apartments.com\/wp-content\/uploads\/2016\/01\/StaraBaskaHouse02-300x111.jpg\",\"datePublished\":\"2016-03-13T19:55:19+00:00\",\"dateModified\":\"2016-03-14T00:10:42+00:00\",\"description\":\"Stara Ba\u0161ka Apartmani su web stranice na\u0161e ku\u0107e u Staroj Ba\u0161ki u kojoj se nalaze dva apartmana Galun i Rosso. Nalazimo se blizu pla\u017ee, savr\u0161en odmor za Vas!\",\"breadcrumb\":{\"@id\":\"https:\/\/www.stara-baska-apartments.com\/hr\/#breadcrumb\"},\"inLanguage\":\"hr\",\"potentialAction\":[{\"@type\":\"ReadAction\",\"target\":[\"https:\/\/www.stara-baska-apartments.com\/hr\/\"]}]},{\"@type\":\"ImageObject\",\"inLanguage\":\"hr\",\"@id\":\"https:\/\/www.stara-baska-apartments.com\/hr\/#primaryimage\",\"url\":\"http:\/\/www.stara-baska-apartments.com\/wp-content\/uploads\/2016\/01\/StaraBaskaHouse02-300x111.jpg\",\"contentUrl\":\"http:\/\/www.stara-baska-apartments.com\/wp-content\/uploads\/2016\/01\/StaraBaskaHouse02-300x111.jpg\"},{\"@type\":\"BreadcrumbList\",\"@id\":\"https:\/\/www.stara-baska-apartments.com\/hr\/#breadcrumb\",\"itemListElement\":[{\"@type\":\"ListItem\",\"position\":1,\"name\":\"Home\",\"item\":\"https:\/\/www.stara-baska-apartments.com\/hr\/\"},{\"@type\":\"ListItem\",\"position\":2,\"name\":\"Stara Ba\u0161ka Apartmani &#8211; Otok Krk &#8211; Hrvatska\"}]},{\"@type\":\"WebSite\",\"@id\":\"https:\/\/www.stara-baska-apartments.com\/hr\/#website\",\"url\":\"https:\/\/www.stara-baska-apartments.com\/hr\/\",\"name\":\"Stara Ba\u0161ka Apartments\",\"description\":\"The most beautiful place in Island of Krk\",\"publisher\":{\"@id\":\"https:\/\/www.stara-baska-apartments.com\/hr\/#\/schema\/person\/120af8770dbc486d4cb500abe5530bcc\"},\"potentialAction\":[{\"@type\":\"SearchAction\",\"target\":{\"@type\":\"EntryPoint\",\"urlTemplate\":\"https:\/\/www.stara-baska-apartments.com\/hr\/?s={search_term_string}\"},\"query-input\":{\"@type\":\"PropertyValueSpecification\",\"valueRequired\":true,\"valueName\":\"search_term_string\"}}],\"inLanguage\":\"hr\"},{\"@type\":[\"Person\",\"Organization\"],\"@id\":\"https:\/\/www.stara-baska-apartments.com\/hr\/#\/schema\/person\/120af8770dbc486d4cb500abe5530bcc\",\"name\":\"jeva\",\"image\":{\"@type\":\"ImageObject\",\"inLanguage\":\"hr\",\"@id\":\"https:\/\/www.stara-baska-apartments.com\/hr\/#\/schema\/person\/image\/\",\"url\":\"https:\/\/secure.gravatar.com\/avatar\/55f1bddcac228ed6431966f123da9a710604f3bdc2ca8190637ee6aa9f669d58?s=96&d=mm&r=g\",\"contentUrl\":\"https:\/\/secure.gravatar.com\/avatar\/55f1bddcac228ed6431966f123da9a710604f3bdc2ca8190637ee6aa9f669d58?s=96&d=mm&r=g\",\"caption\":\"jeva\"},\"logo\":{\"@id\":\"https:\/\/www.stara-baska-apartments.com\/hr\/#\/schema\/person\/image\/\"}}]}<\/script>\n<!-- \/ Yoast SEO plugin. -->","yoast_head_json":{"title":"Stara Ba\u0161ka Apartmani - Otok Krk - Hrvatska","description":"Stara Ba\u0161ka Apartmani su web stranice na\u0161e ku\u0107e u Staroj Ba\u0161ki u kojoj se nalaze dva apartmana Galun i Rosso. Nalazimo se blizu pla\u017ee, savr\u0161en odmor za Vas!","robots":{"index":"index","follow":"follow","max-snippet":"max-snippet:-1","max-image-preview":"max-image-preview:large","max-video-preview":"max-video-preview:-1"},"canonical":"https:\/\/www.stara-baska-apartments.com\/hr\/","og_locale":"hr_HR","og_type":"article","og_title":"Stara Ba\u0161ka Apartmani - Otok Krk - Hrvatska","og_description":"Stara Ba\u0161ka Apartmani su web stranice na\u0161e ku\u0107e u Staroj Ba\u0161ki u kojoj se nalaze dva apartmana Galun i Rosso. Nalazimo se blizu pla\u017ee, savr\u0161en odmor za Vas!","og_url":"https:\/\/www.stara-baska-apartments.com\/hr\/","og_site_name":"Stara Ba\u0161ka Apartments","article_modified_time":"2016-03-14T00:10:42+00:00","og_image":[{"url":"https:\/\/www.stara-baska-apartments.com\/wp-content\/uploads\/2015\/12\/StaraBaskaGalun0667-100x100.jpg","type":"","width":"","height":""}],"twitter_card":"summary_large_image","twitter_misc":{"Procijenjeno vrijeme \u010ditanja":"2 minute"},"schema":{"@context":"https:\/\/schema.org","@graph":[{"@type":"WebPage","@id":"https:\/\/www.stara-baska-apartments.com\/hr\/","url":"https:\/\/www.stara-baska-apartments.com\/hr\/","name":"Stara Ba\u0161ka Apartmani - Otok Krk - Hrvatska","isPartOf":{"@id":"https:\/\/www.stara-baska-apartments.com\/hr\/#website"},"primaryImageOfPage":{"@id":"https:\/\/www.stara-baska-apartments.com\/hr\/#primaryimage"},"image":{"@id":"https:\/\/www.stara-baska-apartments.com\/hr\/#primaryimage"},"thumbnailUrl":"http:\/\/www.stara-baska-apartments.com\/wp-content\/uploads\/2016\/01\/StaraBaskaHouse02-300x111.jpg","datePublished":"2016-03-13T19:55:19+00:00","dateModified":"2016-03-14T00:10:42+00:00","description":"Stara Ba\u0161ka Apartmani su web stranice na\u0161e ku\u0107e u Staroj Ba\u0161ki u kojoj se nalaze dva apartmana Galun i Rosso. Nalazimo se blizu pla\u017ee, savr\u0161en odmor za Vas!","breadcrumb":{"@id":"https:\/\/www.stara-baska-apartments.com\/hr\/#breadcrumb"},"inLanguage":"hr","potentialAction":[{"@type":"ReadAction","target":["https:\/\/www.stara-baska-apartments.com\/hr\/"]}]},{"@type":"ImageObject","inLanguage":"hr","@id":"https:\/\/www.stara-baska-apartments.com\/hr\/#primaryimage","url":"http:\/\/www.stara-baska-apartments.com\/wp-content\/uploads\/2016\/01\/StaraBaskaHouse02-300x111.jpg","contentUrl":"http:\/\/www.stara-baska-apartments.com\/wp-content\/uploads\/2016\/01\/StaraBaskaHouse02-300x111.jpg"},{"@type":"BreadcrumbList","@id":"https:\/\/www.stara-baska-apartments.com\/hr\/#breadcrumb","itemListElement":[{"@type":"ListItem","position":1,"name":"Home","item":"https:\/\/www.stara-baska-apartments.com\/hr\/"},{"@type":"ListItem","position":2,"name":"Stara Ba\u0161ka Apartmani &#8211; Otok Krk &#8211; Hrvatska"}]},{"@type":"WebSite","@id":"https:\/\/www.stara-baska-apartments.com\/hr\/#website","url":"https:\/\/www.stara-baska-apartments.com\/hr\/","name":"Stara Ba\u0161ka Apartments","description":"The most beautiful place in Island of Krk","publisher":{"@id":"https:\/\/www.stara-baska-apartments.com\/hr\/#\/schema\/person\/120af8770dbc486d4cb500abe5530bcc"},"potentialAction":[{"@type":"SearchAction","target":{"@type":"EntryPoint","urlTemplate":"https:\/\/www.stara-baska-apartments.com\/hr\/?s={search_term_string}"},"query-input":{"@type":"PropertyValueSpecification","valueRequired":true,"valueName":"search_term_string"}}],"inLanguage":"hr"},{"@type":["Person","Organization"],"@id":"https:\/\/www.stara-baska-apartments.com\/hr\/#\/schema\/person\/120af8770dbc486d4cb500abe5530bcc","name":"jeva","image":{"@type":"ImageObject","inLanguage":"hr","@id":"https:\/\/www.stara-baska-apartments.com\/hr\/#\/schema\/person\/image\/","url":"https:\/\/secure.gravatar.com\/avatar\/55f1bddcac228ed6431966f123da9a710604f3bdc2ca8190637ee6aa9f669d58?s=96&d=mm&r=g","contentUrl":"https:\/\/secure.gravatar.com\/avatar\/55f1bddcac228ed6431966f123da9a710604f3bdc2ca8190637ee6aa9f669d58?s=96&d=mm&r=g","caption":"jeva"},"logo":{"@id":"https:\/\/www.stara-baska-apartments.com\/hr\/#\/schema\/person\/image\/"}}]}},"_links":{"self":[{"href":"https:\/\/www.stara-baska-apartments.com\/hr\/wp-json\/wp\/v2\/pages\/1421","targetHints":{"allow":["GET"]}}],"collection":[{"href":"https:\/\/www.stara-baska-apartments.com\/hr\/wp-json\/wp\/v2\/pages"}],"about":[{"href":"https:\/\/www.stara-baska-apartments.com\/hr\/wp-json\/wp\/v2\/types\/page"}],"author":[{"embeddable":true,"href":"https:\/\/www.stara-baska-apartments.com\/hr\/wp-json\/wp\/v2\/users\/1"}],"replies":[{"embeddable":true,"href":"https:\/\/www.stara-baska-apartments.com\/hr\/wp-json\/wp\/v2\/comments?post=1421"}],"version-history":[{"count":0,"href":"https:\/\/www.stara-baska-apartments.com\/hr\/wp-json\/wp\/v2\/pages\/1421\/revisions"}],"wp:attachment":[{"href":"https:\/\/www.stara-baska-apartments.com\/hr\/wp-json\/wp\/v2\/media?parent=1421"}],"curies":[{"name":"wp","href":"https:\/\/api.w.org\/{rel}","templated":true}]}}