{"id":1423,"date":"2016-03-13T22:25:11","date_gmt":"2016-03-13T21:25:11","guid":{"rendered":"http:\/\/www.stara-baska-apartments.com\/hr\/?page_id=1423"},"modified":"2016-03-14T01:31:53","modified_gmt":"2016-03-14T00:31:53","slug":"lokacija","status":"publish","type":"page","link":"https:\/\/www.stara-baska-apartments.com\/hr\/lokacija\/","title":{"rendered":"Lokacija"},"content":{"rendered":"<div>\n<h3 class=\"excerpt\"Stara Ba\u0161ka je duga\u010dka oko 2 kilometra, a lokacija na\u0161e ku\u0107e je oko 500 metara od ulaska u selo Stara Ba\u0161ka. Privatni parking nalazi se 100 metara od apartmana, odmah pored crkve i male trgovine.<\/h3>\n<\/div>\n<p>&nbsp;<br \/>\n<iframe loading=\"lazy\" src=\"https:\/\/www.google.com\/maps\/d\/u\/0\/embed?mid=zg9I7bYko7lI.k2450bDo23LQ\" width=\"100%\" height=\"480\"><\/iframe><\/p>\n<p><a href=\"http:\/\/www.stara-baska-apartments.com\/wp-content\/uploads\/2012\/07\/Motor_drive.jpg\" rel=\"fancybox[1423]\"><img loading=\"lazy\" decoding=\"async\" class=\"wp-image-808 size-medium alignleft\" src=\"http:\/\/www.stara-baska-apartments.com\/wp-content\/uploads\/2012\/07\/Motor_drive-300x121.jpg\" alt=\"Motor_drive\" width=\"300\" height=\"121\" srcset=\"https:\/\/www.stara-baska-apartments.com\/wp-content\/uploads\/2012\/07\/Motor_drive-300x121.jpg 300w, https:\/\/www.stara-baska-apartments.com\/wp-content\/uploads\/2012\/07\/Motor_drive-768x310.jpg 768w, https:\/\/www.stara-baska-apartments.com\/wp-content\/uploads\/2012\/07\/Motor_drive-1024x413.jpg 1024w, https:\/\/www.stara-baska-apartments.com\/wp-content\/uploads\/2012\/07\/Motor_drive.jpg 1854w\" sizes=\"auto, (max-width: 300px) 100vw, 300px\" \/><\/a><\/p>\n<blockquote><p>Do nas \u0107ete najlak\u0161e do\u0107i ako nam se prethodno najavite, e-mailom ili tekst porukom, a mo\u017eete nas i nazvati kako bi Vas osobno do\u010dekali. Naravno, mo\u017eete nas i sami lako prona\u0107i \ud83d\ude42<\/p><\/blockquote>\n<p>&nbsp;<br \/>\nU ovom kratkom videu mo\u017eete pogledati kako od ulaza u Staru Ba\u0161ku sti\u0107i do na\u0161eg privatnog parkinga.<\/p>\n<p><iframe loading=\"lazy\" src=\"https:\/\/www.youtube.com\/embed\/XG3g3g8Tyjk?rel=0\" width=\"560\" height=\"315\" frameborder=\"0\" allowfullscreen=\"allowfullscreen\"><\/iframe><\/p>\n<p><img loading=\"lazy\" decoding=\"async\" class=\"aligncenter wp-image-897 size-full\" src=\"http:\/\/www.stara-baska-apartments.com\/wp-content\/uploads\/2016\/01\/StaraBaskaHouse02.jpg\" alt=\"Location of our house\" width=\"930\" height=\"343\" srcset=\"https:\/\/www.stara-baska-apartments.com\/wp-content\/uploads\/2016\/01\/StaraBaskaHouse02.jpg 930w, https:\/\/www.stara-baska-apartments.com\/wp-content\/uploads\/2016\/01\/StaraBaskaHouse02-300x111.jpg 300w, https:\/\/www.stara-baska-apartments.com\/wp-content\/uploads\/2016\/01\/StaraBaskaHouse02-768x283.jpg 768w\" sizes=\"auto, (max-width: 930px) 100vw, 930px\" \/><\/p>\n<table style=\"text-align: center;\">\n<tbody>\n<tr>\n<th style=\"text-align: center;\" colspan=\"3\">Smje\u0161ten na sjeveru Jadranskog mora, otok Krk je mostom povezan s kopnom, a zahvaljuju\u0107i \u010destim trajektnim linijama lako je do\u0107i i do susjednih otoka. Postoji vi\u0161e na\u010dina za sti\u0107i na Krk; autom preko Kr\u010dkog mosta, avionom izravno u zra\u010dnu luku ili trajektom s otoka Cresa ili Raba.<\/th>\n<\/tr>\n<tr>\n<td><img loading=\"lazy\" decoding=\"async\" class=\"aligncenter wp-image-785 size-full\" src=\"http:\/\/www.stara-baska-apartments.com\/wp-content\/uploads\/2012\/07\/car_gray.jpg\" alt=\"car_gray\" width=\"163\" height=\"163\" srcset=\"https:\/\/www.stara-baska-apartments.com\/wp-content\/uploads\/2012\/07\/car_gray.jpg 163w, https:\/\/www.stara-baska-apartments.com\/wp-content\/uploads\/2012\/07\/car_gray-150x150.jpg 150w, https:\/\/www.stara-baska-apartments.com\/wp-content\/uploads\/2012\/07\/car_gray-100x100.jpg 100w\" sizes=\"auto, (max-width: 163px) 100vw, 163px\" \/><\/td>\n<td><img loading=\"lazy\" decoding=\"async\" class=\"aligncenter wp-image-791 size-full\" src=\"http:\/\/www.stara-baska-apartments.com\/wp-content\/uploads\/2012\/07\/plane_gray.jpg\" alt=\"plane_gray\" width=\"163\" height=\"163\" srcset=\"https:\/\/www.stara-baska-apartments.com\/wp-content\/uploads\/2012\/07\/plane_gray.jpg 163w, https:\/\/www.stara-baska-apartments.com\/wp-content\/uploads\/2012\/07\/plane_gray-150x150.jpg 150w, https:\/\/www.stara-baska-apartments.com\/wp-content\/uploads\/2012\/07\/plane_gray-100x100.jpg 100w\" sizes=\"auto, (max-width: 163px) 100vw, 163px\" \/><\/td>\n<td><img loading=\"lazy\" decoding=\"async\" class=\"size-full wp-image-798 aligncenter\" src=\"http:\/\/www.stara-baska-apartments.com\/wp-content\/uploads\/2012\/07\/farry_gray.jpg\" alt=\"farry_gray\" width=\"163\" height=\"163\" srcset=\"https:\/\/www.stara-baska-apartments.com\/wp-content\/uploads\/2012\/07\/farry_gray.jpg 163w, https:\/\/www.stara-baska-apartments.com\/wp-content\/uploads\/2012\/07\/farry_gray-150x150.jpg 150w, https:\/\/www.stara-baska-apartments.com\/wp-content\/uploads\/2012\/07\/farry_gray-100x100.jpg 100w\" sizes=\"auto, (max-width: 163px) 100vw, 163px\" \/><\/td>\n<\/tr>\n<tr>\n<td>Velika prednost otoka Krka je ta \u0161to je <a href=http:\/\/hac.hr\/en\/toll-rates\/pricelist\/krcki-most-340>Kr\u010dki most<\/a> izravno  povezan s autoputom. Mostarina se pla\u0107a samo jednom i to iz smjera kopna prema otoku, dok na povratku s otoka ne pla\u0107ate pristojbu.<\/td>\n<td>Stara Ba\u0161ka je udaljena samo 38 kilometara od zra\u010dne luke. Kako bi stigli na svoje odredi\u0161te na otoku, mo\u017eete koristiti usluge Rent-a-Cara ili Taxija. Za vi\u0161e informacija o mogu\u0107nostima prijevoza molimo posjetite <a href=\"http:\/\/www.rijeka-airport.hr\/\">slu\u017ebene stranice zra\u010dne luke Rijeka.<\/a><br \/>\nPrilikom zaklju\u010divanja dogovora o smje\u0161taju, tako\u0111er mo\u017eete provjeriti i mogu\u0107nost na\u0161eg privatnog prijevoza od zra\u010dne luke do Stare Ba\u0161ke.\n<\/td>\n<td>Otok Krk je trajektnim linijama dobro povezan i sa susjednim otocima Cresom i Rabom. Trajektna linija iz Valbiske prema Cresu vozi tokom cijele godine. Za vi\u0161e informacija, molim posjetite: <a href=\"http:\/\/www.jadrolinija.hr\">http:\/\/www.jadrolinija.hr<\/a><\/td>\n<\/tr>\n<\/tbody>\n<\/table>\n","protected":false},"excerpt":{"rendered":"","protected":false},"author":1,"featured_media":0,"parent":0,"menu_order":0,"comment_status":"closed","ping_status":"closed","template":"template-full.php","meta":{"sfsi_plus_gutenberg_text_before_share":"","sfsi_plus_gutenberg_show_text_before_share":"","sfsi_plus_gutenberg_icon_type":"","sfsi_plus_gutenberg_icon_alignemt":"","sfsi_plus_gutenburg_max_per_row":"","footnotes":""},"class_list":["post-1423","page","type-page","status-publish","hentry"],"yoast_head":"<!-- This site is optimized with the Yoast SEO plugin v26.9 - https:\/\/yoast.com\/product\/yoast-seo-wordpress\/ -->\n<title>Lokacija apartmana Galun i Rosso - Stara Ba\u0161ka Apartmani<\/title>\n<meta name=\"description\" content=\"Lokacija apartmana Galun i Rosso je oko 500 metara od ulaza u Staru Ba\u0161ku. Privatni parking nalazi se kod crkve na daljini od 100 metara od apartmana.\" \/>\n<meta name=\"robots\" content=\"index, follow, max-snippet:-1, max-image-preview:large, max-video-preview:-1\" \/>\n<link rel=\"canonical\" href=\"https:\/\/www.stara-baska-apartments.com\/hr\/lokacija\/\" \/>\n<meta property=\"og:locale\" content=\"hr_HR\" \/>\n<meta property=\"og:type\" content=\"article\" \/>\n<meta property=\"og:title\" content=\"Lokacija apartmana Galun i Rosso - Stara Ba\u0161ka Apartmani\" \/>\n<meta property=\"og:description\" content=\"Lokacija apartmana Galun i Rosso je oko 500 metara od ulaza u Staru Ba\u0161ku. Privatni parking nalazi se kod crkve na daljini od 100 metara od apartmana.\" \/>\n<meta property=\"og:url\" content=\"https:\/\/www.stara-baska-apartments.com\/hr\/lokacija\/\" \/>\n<meta property=\"og:site_name\" content=\"Stara Ba\u0161ka Apartments\" \/>\n<meta property=\"article:modified_time\" content=\"2016-03-14T00:31:53+00:00\" \/>\n<meta property=\"og:image\" content=\"http:\/\/www.stara-baska-apartments.com\/wp-content\/uploads\/2012\/07\/Motor_drive-300x121.jpg\" \/>\n<meta name=\"twitter:card\" content=\"summary_large_image\" \/>\n<script type=\"application\/ld+json\" class=\"yoast-schema-graph\">{\"@context\":\"https:\/\/schema.org\",\"@graph\":[{\"@type\":\"WebPage\",\"@id\":\"https:\/\/www.stara-baska-apartments.com\/hr\/lokacija\/\",\"url\":\"https:\/\/www.stara-baska-apartments.com\/hr\/lokacija\/\",\"name\":\"Lokacija apartmana Galun i Rosso - Stara Ba\u0161ka Apartmani\",\"isPartOf\":{\"@id\":\"https:\/\/www.stara-baska-apartments.com\/hr\/#website\"},\"primaryImageOfPage\":{\"@id\":\"https:\/\/www.stara-baska-apartments.com\/hr\/lokacija\/#primaryimage\"},\"image\":{\"@id\":\"https:\/\/www.stara-baska-apartments.com\/hr\/lokacija\/#primaryimage\"},\"thumbnailUrl\":\"http:\/\/www.stara-baska-apartments.com\/wp-content\/uploads\/2012\/07\/Motor_drive-300x121.jpg\",\"datePublished\":\"2016-03-13T21:25:11+00:00\",\"dateModified\":\"2016-03-14T00:31:53+00:00\",\"description\":\"Lokacija apartmana Galun i Rosso je oko 500 metara od ulaza u Staru Ba\u0161ku. Privatni parking nalazi se kod crkve na daljini od 100 metara od apartmana.\",\"breadcrumb\":{\"@id\":\"https:\/\/www.stara-baska-apartments.com\/hr\/lokacija\/#breadcrumb\"},\"inLanguage\":\"hr\",\"potentialAction\":[{\"@type\":\"ReadAction\",\"target\":[\"https:\/\/www.stara-baska-apartments.com\/hr\/lokacija\/\"]}]},{\"@type\":\"ImageObject\",\"inLanguage\":\"hr\",\"@id\":\"https:\/\/www.stara-baska-apartments.com\/hr\/lokacija\/#primaryimage\",\"url\":\"http:\/\/www.stara-baska-apartments.com\/wp-content\/uploads\/2012\/07\/Motor_drive-300x121.jpg\",\"contentUrl\":\"http:\/\/www.stara-baska-apartments.com\/wp-content\/uploads\/2012\/07\/Motor_drive-300x121.jpg\"},{\"@type\":\"BreadcrumbList\",\"@id\":\"https:\/\/www.stara-baska-apartments.com\/hr\/lokacija\/#breadcrumb\",\"itemListElement\":[{\"@type\":\"ListItem\",\"position\":1,\"name\":\"Home\",\"item\":\"https:\/\/www.stara-baska-apartments.com\/hr\/\"},{\"@type\":\"ListItem\",\"position\":2,\"name\":\"Lokacija\"}]},{\"@type\":\"WebSite\",\"@id\":\"https:\/\/www.stara-baska-apartments.com\/hr\/#website\",\"url\":\"https:\/\/www.stara-baska-apartments.com\/hr\/\",\"name\":\"Stara Ba\u0161ka Apartments\",\"description\":\"The most beautiful place in Island of Krk\",\"publisher\":{\"@id\":\"https:\/\/www.stara-baska-apartments.com\/hr\/#\/schema\/person\/120af8770dbc486d4cb500abe5530bcc\"},\"potentialAction\":[{\"@type\":\"SearchAction\",\"target\":{\"@type\":\"EntryPoint\",\"urlTemplate\":\"https:\/\/www.stara-baska-apartments.com\/hr\/?s={search_term_string}\"},\"query-input\":{\"@type\":\"PropertyValueSpecification\",\"valueRequired\":true,\"valueName\":\"search_term_string\"}}],\"inLanguage\":\"hr\"},{\"@type\":[\"Person\",\"Organization\"],\"@id\":\"https:\/\/www.stara-baska-apartments.com\/hr\/#\/schema\/person\/120af8770dbc486d4cb500abe5530bcc\",\"name\":\"jeva\",\"image\":{\"@type\":\"ImageObject\",\"inLanguage\":\"hr\",\"@id\":\"https:\/\/www.stara-baska-apartments.com\/hr\/#\/schema\/person\/image\/\",\"url\":\"https:\/\/secure.gravatar.com\/avatar\/55f1bddcac228ed6431966f123da9a710604f3bdc2ca8190637ee6aa9f669d58?s=96&d=mm&r=g\",\"contentUrl\":\"https:\/\/secure.gravatar.com\/avatar\/55f1bddcac228ed6431966f123da9a710604f3bdc2ca8190637ee6aa9f669d58?s=96&d=mm&r=g\",\"caption\":\"jeva\"},\"logo\":{\"@id\":\"https:\/\/www.stara-baska-apartments.com\/hr\/#\/schema\/person\/image\/\"}}]}<\/script>\n<!-- \/ Yoast SEO plugin. -->","yoast_head_json":{"title":"Lokacija apartmana Galun i Rosso - Stara Ba\u0161ka Apartmani","description":"Lokacija apartmana Galun i Rosso je oko 500 metara od ulaza u Staru Ba\u0161ku. Privatni parking nalazi se kod crkve na daljini od 100 metara od apartmana.","robots":{"index":"index","follow":"follow","max-snippet":"max-snippet:-1","max-image-preview":"max-image-preview:large","max-video-preview":"max-video-preview:-1"},"canonical":"https:\/\/www.stara-baska-apartments.com\/hr\/lokacija\/","og_locale":"hr_HR","og_type":"article","og_title":"Lokacija apartmana Galun i Rosso - Stara Ba\u0161ka Apartmani","og_description":"Lokacija apartmana Galun i Rosso je oko 500 metara od ulaza u Staru Ba\u0161ku. Privatni parking nalazi se kod crkve na daljini od 100 metara od apartmana.","og_url":"https:\/\/www.stara-baska-apartments.com\/hr\/lokacija\/","og_site_name":"Stara Ba\u0161ka Apartments","article_modified_time":"2016-03-14T00:31:53+00:00","og_image":[{"url":"http:\/\/www.stara-baska-apartments.com\/wp-content\/uploads\/2012\/07\/Motor_drive-300x121.jpg","type":"","width":"","height":""}],"twitter_card":"summary_large_image","schema":{"@context":"https:\/\/schema.org","@graph":[{"@type":"WebPage","@id":"https:\/\/www.stara-baska-apartments.com\/hr\/lokacija\/","url":"https:\/\/www.stara-baska-apartments.com\/hr\/lokacija\/","name":"Lokacija apartmana Galun i Rosso - Stara Ba\u0161ka Apartmani","isPartOf":{"@id":"https:\/\/www.stara-baska-apartments.com\/hr\/#website"},"primaryImageOfPage":{"@id":"https:\/\/www.stara-baska-apartments.com\/hr\/lokacija\/#primaryimage"},"image":{"@id":"https:\/\/www.stara-baska-apartments.com\/hr\/lokacija\/#primaryimage"},"thumbnailUrl":"http:\/\/www.stara-baska-apartments.com\/wp-content\/uploads\/2012\/07\/Motor_drive-300x121.jpg","datePublished":"2016-03-13T21:25:11+00:00","dateModified":"2016-03-14T00:31:53+00:00","description":"Lokacija apartmana Galun i Rosso je oko 500 metara od ulaza u Staru Ba\u0161ku. Privatni parking nalazi se kod crkve na daljini od 100 metara od apartmana.","breadcrumb":{"@id":"https:\/\/www.stara-baska-apartments.com\/hr\/lokacija\/#breadcrumb"},"inLanguage":"hr","potentialAction":[{"@type":"ReadAction","target":["https:\/\/www.stara-baska-apartments.com\/hr\/lokacija\/"]}]},{"@type":"ImageObject","inLanguage":"hr","@id":"https:\/\/www.stara-baska-apartments.com\/hr\/lokacija\/#primaryimage","url":"http:\/\/www.stara-baska-apartments.com\/wp-content\/uploads\/2012\/07\/Motor_drive-300x121.jpg","contentUrl":"http:\/\/www.stara-baska-apartments.com\/wp-content\/uploads\/2012\/07\/Motor_drive-300x121.jpg"},{"@type":"BreadcrumbList","@id":"https:\/\/www.stara-baska-apartments.com\/hr\/lokacija\/#breadcrumb","itemListElement":[{"@type":"ListItem","position":1,"name":"Home","item":"https:\/\/www.stara-baska-apartments.com\/hr\/"},{"@type":"ListItem","position":2,"name":"Lokacija"}]},{"@type":"WebSite","@id":"https:\/\/www.stara-baska-apartments.com\/hr\/#website","url":"https:\/\/www.stara-baska-apartments.com\/hr\/","name":"Stara Ba\u0161ka Apartments","description":"The most beautiful place in Island of Krk","publisher":{"@id":"https:\/\/www.stara-baska-apartments.com\/hr\/#\/schema\/person\/120af8770dbc486d4cb500abe5530bcc"},"potentialAction":[{"@type":"SearchAction","target":{"@type":"EntryPoint","urlTemplate":"https:\/\/www.stara-baska-apartments.com\/hr\/?s={search_term_string}"},"query-input":{"@type":"PropertyValueSpecification","valueRequired":true,"valueName":"search_term_string"}}],"inLanguage":"hr"},{"@type":["Person","Organization"],"@id":"https:\/\/www.stara-baska-apartments.com\/hr\/#\/schema\/person\/120af8770dbc486d4cb500abe5530bcc","name":"jeva","image":{"@type":"ImageObject","inLanguage":"hr","@id":"https:\/\/www.stara-baska-apartments.com\/hr\/#\/schema\/person\/image\/","url":"https:\/\/secure.gravatar.com\/avatar\/55f1bddcac228ed6431966f123da9a710604f3bdc2ca8190637ee6aa9f669d58?s=96&d=mm&r=g","contentUrl":"https:\/\/secure.gravatar.com\/avatar\/55f1bddcac228ed6431966f123da9a710604f3bdc2ca8190637ee6aa9f669d58?s=96&d=mm&r=g","caption":"jeva"},"logo":{"@id":"https:\/\/www.stara-baska-apartments.com\/hr\/#\/schema\/person\/image\/"}}]}},"_links":{"self":[{"href":"https:\/\/www.stara-baska-apartments.com\/hr\/wp-json\/wp\/v2\/pages\/1423","targetHints":{"allow":["GET"]}}],"collection":[{"href":"https:\/\/www.stara-baska-apartments.com\/hr\/wp-json\/wp\/v2\/pages"}],"about":[{"href":"https:\/\/www.stara-baska-apartments.com\/hr\/wp-json\/wp\/v2\/types\/page"}],"author":[{"embeddable":true,"href":"https:\/\/www.stara-baska-apartments.com\/hr\/wp-json\/wp\/v2\/users\/1"}],"replies":[{"embeddable":true,"href":"https:\/\/www.stara-baska-apartments.com\/hr\/wp-json\/wp\/v2\/comments?post=1423"}],"version-history":[{"count":0,"href":"https:\/\/www.stara-baska-apartments.com\/hr\/wp-json\/wp\/v2\/pages\/1423\/revisions"}],"wp:attachment":[{"href":"https:\/\/www.stara-baska-apartments.com\/hr\/wp-json\/wp\/v2\/media?parent=1423"}],"curies":[{"name":"wp","href":"https:\/\/api.w.org\/{rel}","templated":true}]}}