{"id":1256,"date":"2016-03-09T17:14:25","date_gmt":"2016-03-09T16:14:25","guid":{"rendered":"http:\/\/www.stara-baska-apartments.com\/it\/?page_id=1256"},"modified":"2016-03-09T20:37:52","modified_gmt":"2016-03-09T19:37:52","slug":"stara-baska-appartamenti","status":"publish","type":"page","link":"https:\/\/www.stara-baska-apartments.com\/it\/","title":{"rendered":"Isola di Krk &#8211; Croatia"},"content":{"rendered":"<h3>Benvenuti nel sito Stara Baska Appartamenti<\/h3>\n<p>Gli Stara Ba\u0161ka Appartamenti sono rincantucciati in un&#8217;insenatura dell&#8217;<a href=\"http:\/\/www.stara-baska-apartments.com\/it\/isola-di-krk-veglia\/\">Isola di Veglia<\/a>, nel villaggio di <a href=\"http:\/\/www.stara-baska-apartments.com\/it\/stara-baska-besca-vecchia\/\">Besca Vecchia (Stara Ba\u0161ka)<\/a> dove il tempo sembra di scorrere un po&#8217; pi\u00f9 piano che altrove. La vita qui \u00e8 piuttosto semplice, come spesso \u00e8 il caso della vita isolana. Non possiamo prenderci il merito dell&#8217;ambiente che ci circonda, il merito \u00e8 tutto di Madre Natura, ma senz&#8217;altro sappiamo godere dei suoi doni. Le giornate sono gioiose e piene di sole, il mare azzurro limpido si estende a perdita d&#8217;occhio e le serate piacevoli e tranquille vi garantiscono una vacanza rilassante. \u00c8 giunta l&#8217;ora per andare in vacanza ben meritata!<\/p>\n<p><a href=\"http:\/\/www.stara-baska-apartments.com\/wp-content\/uploads\/2016\/01\/StaraBaskaHouse02.jpg\" rel=\"fancybox[1256]\" rel=\"attachment wp-att-897\"><img loading=\"lazy\" decoding=\"async\" class=\"alignleft wp-image-897 size-medium\" src=\"http:\/\/www.stara-baska-apartments.com\/wp-content\/uploads\/2016\/01\/StaraBaskaHouse02-300x111.jpg\" alt=\"Stara Baska Apartments\" width=\"300\" height=\"111\" srcset=\"https:\/\/www.stara-baska-apartments.com\/wp-content\/uploads\/2016\/01\/StaraBaskaHouse02-300x111.jpg 300w, https:\/\/www.stara-baska-apartments.com\/wp-content\/uploads\/2016\/01\/StaraBaskaHouse02-768x283.jpg 768w, https:\/\/www.stara-baska-apartments.com\/wp-content\/uploads\/2016\/01\/StaraBaskaHouse02-920x343.jpg 920w, https:\/\/www.stara-baska-apartments.com\/wp-content\/uploads\/2016\/01\/StaraBaskaHouse02.jpg 930w\" sizes=\"auto, (max-width: 300px) 100vw, 300px\" \/><\/a><\/p>\n<blockquote><p>Due appartamenti spaziosi e arredati con gusto \u2013 Galun e Rosso \u2013 fanno parte della nostra casa nel villaggio di Besca Vecchia (Stara Ba\u0161ka), ubicata vicino alla spiaggia. L&#8217;alloggio perfetto per voi, i vostri amici e la vostra famiglia.<br \/>\n&nbsp;<\/p><\/blockquote>\n<p><iframe loading=\"lazy\" src=\"https:\/\/www.youtube.com\/embed\/xLVsKqYebtY?rel=0\" width=\"560\" height=\"315\" frameborder=\"0\" allowfullscreen=\"allowfullscreen\"><\/iframe><\/p>\n<p>Immaginate di svegliarvi dalla piacevole e rilassante dormita e, uscendo dalla camera da letto sulla spaziosa terrazza per respirare l&#8217;aria fresca mattutina, la prima cosa che vedete \u00e8 il mare azzurro e limpido che si estende a perdita d&#8217;occhio. In distanza, coccolato da onde soleggiate, giace l&#8217;isolotto Gallon (Galun). Potete decidervi di trascorrere la giornata intraprendendo avventure divertenti e facendo cose eccitanti, oppure facendo niente e godendo del sole e del mare su una di molte spiagge lungo la costa di Besca Vecchia (Stara Ba\u0161ka). Dopotutto, com&#8217;\u00e8 bello far niente per poi rilassarsi!<br \/>\nVenuta la sera, e state godendo di un bicchiere di vino con la persona che vi sta molto a cuore, la vista viene completamente trasformata dal tramonto che dipinge l&#8217;orizzonte di rosso. La natura fornisce la colonna sonora perfetta \u2013 il frinire dei grilli con la calda brezza d&#8217;estate e il mormorio delle onde che sussurrano dalla spiaggia vicina.<\/p>\n<p><div id='gallery-1' class='gallery galleryid-1256 gallery-columns-8 gallery-size-ci_featgal_small_thumb'><figure class='gallery-item'>\n\t\t\t<div class='gallery-icon portrait'>\n\t\t\t\t<a href='https:\/\/www.stara-baska-apartments.com\/wp-content\/uploads\/2015\/12\/StaraBaskaGalun0667.jpg' rel=\"fancybox[1256]\" rel=\"fancybox[1256]\"><img loading=\"lazy\" decoding=\"async\" width=\"100\" height=\"100\" src=\"https:\/\/www.stara-baska-apartments.com\/wp-content\/uploads\/2015\/12\/StaraBaskaGalun0667-100x100.jpg\" class=\"attachment-ci_featgal_small_thumb size-ci_featgal_small_thumb\" alt=\"\" srcset=\"https:\/\/www.stara-baska-apartments.com\/wp-content\/uploads\/2015\/12\/StaraBaskaGalun0667-100x100.jpg 100w, https:\/\/www.stara-baska-apartments.com\/wp-content\/uploads\/2015\/12\/StaraBaskaGalun0667-150x150.jpg 150w\" sizes=\"auto, (max-width: 100px) 100vw, 100px\" \/><\/a>\n\t\t\t<\/div><\/figure><figure class='gallery-item'>\n\t\t\t<div class='gallery-icon portrait'>\n\t\t\t\t<a href='https:\/\/www.stara-baska-apartments.com\/wp-content\/uploads\/2015\/12\/StaraBaskaGalun58.jpg' rel=\"fancybox[1256]\" rel=\"fancybox[1256]\"><img loading=\"lazy\" decoding=\"async\" width=\"100\" height=\"100\" src=\"https:\/\/www.stara-baska-apartments.com\/wp-content\/uploads\/2015\/12\/StaraBaskaGalun58-100x100.jpg\" class=\"attachment-ci_featgal_small_thumb size-ci_featgal_small_thumb\" alt=\"\" srcset=\"https:\/\/www.stara-baska-apartments.com\/wp-content\/uploads\/2015\/12\/StaraBaskaGalun58-100x100.jpg 100w, https:\/\/www.stara-baska-apartments.com\/wp-content\/uploads\/2015\/12\/StaraBaskaGalun58-150x150.jpg 150w\" sizes=\"auto, (max-width: 100px) 100vw, 100px\" \/><\/a>\n\t\t\t<\/div><\/figure><figure class='gallery-item'>\n\t\t\t<div class='gallery-icon portrait'>\n\t\t\t\t<a href='https:\/\/www.stara-baska-apartments.com\/wp-content\/uploads\/2015\/12\/StaraBaskaGalun0666.jpg' rel=\"fancybox[1256]\" rel=\"fancybox[1256]\"><img loading=\"lazy\" decoding=\"async\" width=\"100\" height=\"100\" src=\"https:\/\/www.stara-baska-apartments.com\/wp-content\/uploads\/2015\/12\/StaraBaskaGalun0666-100x100.jpg\" class=\"attachment-ci_featgal_small_thumb size-ci_featgal_small_thumb\" alt=\"\" srcset=\"https:\/\/www.stara-baska-apartments.com\/wp-content\/uploads\/2015\/12\/StaraBaskaGalun0666-100x100.jpg 100w, https:\/\/www.stara-baska-apartments.com\/wp-content\/uploads\/2015\/12\/StaraBaskaGalun0666-150x150.jpg 150w\" sizes=\"auto, (max-width: 100px) 100vw, 100px\" \/><\/a>\n\t\t\t<\/div><\/figure><figure class='gallery-item'>\n\t\t\t<div class='gallery-icon portrait'>\n\t\t\t\t<a href='https:\/\/www.stara-baska-apartments.com\/wp-content\/uploads\/2016\/01\/StaraBaskaPlace03.jpg' rel=\"fancybox[1256]\" rel=\"fancybox[1256]\"><img loading=\"lazy\" decoding=\"async\" width=\"100\" height=\"100\" src=\"https:\/\/www.stara-baska-apartments.com\/wp-content\/uploads\/2016\/01\/StaraBaskaPlace03-100x100.jpg\" class=\"attachment-ci_featgal_small_thumb size-ci_featgal_small_thumb\" alt=\"View of Stara Baska\" srcset=\"https:\/\/www.stara-baska-apartments.com\/wp-content\/uploads\/2016\/01\/StaraBaskaPlace03-100x100.jpg 100w, https:\/\/www.stara-baska-apartments.com\/wp-content\/uploads\/2016\/01\/StaraBaskaPlace03-150x150.jpg 150w\" sizes=\"auto, (max-width: 100px) 100vw, 100px\" \/><\/a>\n\t\t\t<\/div><\/figure><figure class='gallery-item'>\n\t\t\t<div class='gallery-icon portrait'>\n\t\t\t\t<a href='https:\/\/www.stara-baska-apartments.com\/wp-content\/uploads\/2015\/12\/StaraBaskaBeach53.jpg' rel=\"fancybox[1256]\" rel=\"fancybox[1256]\"><img loading=\"lazy\" decoding=\"async\" width=\"100\" height=\"100\" src=\"https:\/\/www.stara-baska-apartments.com\/wp-content\/uploads\/2015\/12\/StaraBaskaBeach53-100x100.jpg\" class=\"attachment-ci_featgal_small_thumb size-ci_featgal_small_thumb\" alt=\"\" srcset=\"https:\/\/www.stara-baska-apartments.com\/wp-content\/uploads\/2015\/12\/StaraBaskaBeach53-100x100.jpg 100w, https:\/\/www.stara-baska-apartments.com\/wp-content\/uploads\/2015\/12\/StaraBaskaBeach53-150x150.jpg 150w\" sizes=\"auto, (max-width: 100px) 100vw, 100px\" \/><\/a>\n\t\t\t<\/div><\/figure><figure class='gallery-item'>\n\t\t\t<div class='gallery-icon portrait'>\n\t\t\t\t<a href='https:\/\/www.stara-baska-apartments.com\/wp-content\/uploads\/2012\/07\/StaraBaskaPlace22.jpg' rel=\"fancybox[1256]\" rel=\"fancybox[1256]\"><img loading=\"lazy\" decoding=\"async\" width=\"100\" height=\"100\" src=\"https:\/\/www.stara-baska-apartments.com\/wp-content\/uploads\/2012\/07\/StaraBaskaPlace22-100x100.jpg\" class=\"attachment-ci_featgal_small_thumb size-ci_featgal_small_thumb\" alt=\"\" srcset=\"https:\/\/www.stara-baska-apartments.com\/wp-content\/uploads\/2012\/07\/StaraBaskaPlace22-100x100.jpg 100w, https:\/\/www.stara-baska-apartments.com\/wp-content\/uploads\/2012\/07\/StaraBaskaPlace22-150x150.jpg 150w\" sizes=\"auto, (max-width: 100px) 100vw, 100px\" \/><\/a>\n\t\t\t<\/div><\/figure><figure class='gallery-item'>\n\t\t\t<div class='gallery-icon landscape'>\n\t\t\t\t<a href='https:\/\/www.stara-baska-apartments.com\/wp-content\/uploads\/2016\/01\/StaraBaskaPlace08.jpg' rel=\"fancybox[1256]\" rel=\"fancybox[1256]\"><img loading=\"lazy\" decoding=\"async\" width=\"100\" height=\"100\" src=\"https:\/\/www.stara-baska-apartments.com\/wp-content\/uploads\/2016\/01\/StaraBaskaPlace08-100x100.jpg\" class=\"attachment-ci_featgal_small_thumb size-ci_featgal_small_thumb\" alt=\"\" srcset=\"https:\/\/www.stara-baska-apartments.com\/wp-content\/uploads\/2016\/01\/StaraBaskaPlace08-100x100.jpg 100w, https:\/\/www.stara-baska-apartments.com\/wp-content\/uploads\/2016\/01\/StaraBaskaPlace08-150x150.jpg 150w\" sizes=\"auto, (max-width: 100px) 100vw, 100px\" \/><\/a>\n\t\t\t<\/div><\/figure><figure class='gallery-item'>\n\t\t\t<div class='gallery-icon landscape'>\n\t\t\t\t<a href='https:\/\/www.stara-baska-apartments.com\/wp-content\/uploads\/2016\/01\/StaraBaskaPlace09.jpg' rel=\"fancybox[1256]\" rel=\"fancybox[1256]\"><img loading=\"lazy\" decoding=\"async\" width=\"100\" height=\"100\" src=\"https:\/\/www.stara-baska-apartments.com\/wp-content\/uploads\/2016\/01\/StaraBaskaPlace09-100x100.jpg\" class=\"attachment-ci_featgal_small_thumb size-ci_featgal_small_thumb\" alt=\"sunset\" srcset=\"https:\/\/www.stara-baska-apartments.com\/wp-content\/uploads\/2016\/01\/StaraBaskaPlace09-100x100.jpg 100w, https:\/\/www.stara-baska-apartments.com\/wp-content\/uploads\/2016\/01\/StaraBaskaPlace09-150x150.jpg 150w\" sizes=\"auto, (max-width: 100px) 100vw, 100px\" \/><\/a>\n\t\t\t<\/div><\/figure>\n\t\t<\/div>\n<br \/>\n&nbsp;<br \/>\n&nbsp;<br \/>\n&nbsp;<br \/>\n&nbsp;<br \/>\n&nbsp;<\/p>\n","protected":false},"excerpt":{"rendered":"<p>Benvenuti nel sito Stara Baska Appartamenti Gli Stara Ba\u0161ka Appartamenti sono rincantucciati in un&#8217;insenatura dell&#8217;Isola di Veglia, nel villaggio di Besca Vecchia (Stara Ba\u0161ka) dove il tempo sembra di scorrere un po&#8217; pi\u00f9 piano che altrove. La vita qui \u00e8 piuttosto semplice, come spesso \u00e8 il caso della vita isolana.[&#8230;]<\/p>\n","protected":false},"author":1,"featured_media":0,"parent":0,"menu_order":0,"comment_status":"open","ping_status":"open","template":"template-front.php","meta":{"sfsi_plus_gutenberg_text_before_share":"","sfsi_plus_gutenberg_show_text_before_share":"","sfsi_plus_gutenberg_icon_type":"","sfsi_plus_gutenberg_icon_alignemt":"","sfsi_plus_gutenburg_max_per_row":"","footnotes":""},"class_list":["post-1256","page","type-page","status-publish","hentry"],"yoast_head":"<!-- This site is optimized with the Yoast SEO plugin v26.9 - https:\/\/yoast.com\/product\/yoast-seo-wordpress\/ -->\n<title>Stara Ba\u0161ka Appartamenti - Isola di Krk - Croatia<\/title>\n<meta name=\"description\" content=\"Gli Stara Ba\u0161ka Appartamenti fanno parte di nostra bellissima casa nel villaggio di Stara Ba\u0161ka, a due passi dalla spiaggia. L&#039;alloggio perfetto per voi!\" \/>\n<meta name=\"robots\" content=\"index, follow, max-snippet:-1, max-image-preview:large, max-video-preview:-1\" \/>\n<link rel=\"canonical\" href=\"https:\/\/www.stara-baska-apartments.com\/it\/\" \/>\n<meta property=\"og:locale\" content=\"it_IT\" \/>\n<meta property=\"og:type\" content=\"article\" \/>\n<meta property=\"og:title\" content=\"Stara Ba\u0161ka Appartamenti - Isola di Krk - Croatia\" \/>\n<meta property=\"og:description\" content=\"Gli Stara Ba\u0161ka Appartamenti fanno parte di nostra bellissima casa nel villaggio di Stara Ba\u0161ka, a due passi dalla spiaggia. L&#039;alloggio perfetto per voi!\" \/>\n<meta property=\"og:url\" content=\"https:\/\/www.stara-baska-apartments.com\/it\/\" \/>\n<meta property=\"og:site_name\" content=\"Stara Ba\u0161ka Apartments\" \/>\n<meta property=\"article:modified_time\" content=\"2016-03-09T19:37:52+00:00\" \/>\n<meta property=\"og:image\" content=\"https:\/\/www.stara-baska-apartments.com\/wp-content\/uploads\/2015\/12\/StaraBaskaGalun0667-100x100.jpg\" \/>\n<meta name=\"twitter:card\" content=\"summary_large_image\" \/>\n<meta name=\"twitter:label1\" content=\"Tempo di lettura stimato\" \/>\n\t<meta name=\"twitter:data1\" content=\"2 minuti\" \/>\n<script type=\"application\/ld+json\" class=\"yoast-schema-graph\">{\"@context\":\"https:\/\/schema.org\",\"@graph\":[{\"@type\":\"WebPage\",\"@id\":\"https:\/\/www.stara-baska-apartments.com\/it\/\",\"url\":\"https:\/\/www.stara-baska-apartments.com\/it\/\",\"name\":\"Stara Ba\u0161ka Appartamenti - Isola di Krk - Croatia\",\"isPartOf\":{\"@id\":\"https:\/\/www.stara-baska-apartments.com\/it\/#website\"},\"primaryImageOfPage\":{\"@id\":\"https:\/\/www.stara-baska-apartments.com\/it\/#primaryimage\"},\"image\":{\"@id\":\"https:\/\/www.stara-baska-apartments.com\/it\/#primaryimage\"},\"thumbnailUrl\":\"http:\/\/www.stara-baska-apartments.com\/wp-content\/uploads\/2016\/01\/StaraBaskaHouse02-300x111.jpg\",\"datePublished\":\"2016-03-09T16:14:25+00:00\",\"dateModified\":\"2016-03-09T19:37:52+00:00\",\"description\":\"Gli Stara Ba\u0161ka Appartamenti fanno parte di nostra bellissima casa nel villaggio di Stara Ba\u0161ka, a due passi dalla spiaggia. L'alloggio perfetto per voi!\",\"breadcrumb\":{\"@id\":\"https:\/\/www.stara-baska-apartments.com\/it\/#breadcrumb\"},\"inLanguage\":\"it-IT\",\"potentialAction\":[{\"@type\":\"ReadAction\",\"target\":[\"https:\/\/www.stara-baska-apartments.com\/it\/\"]}]},{\"@type\":\"ImageObject\",\"inLanguage\":\"it-IT\",\"@id\":\"https:\/\/www.stara-baska-apartments.com\/it\/#primaryimage\",\"url\":\"http:\/\/www.stara-baska-apartments.com\/wp-content\/uploads\/2016\/01\/StaraBaskaHouse02-300x111.jpg\",\"contentUrl\":\"http:\/\/www.stara-baska-apartments.com\/wp-content\/uploads\/2016\/01\/StaraBaskaHouse02-300x111.jpg\"},{\"@type\":\"BreadcrumbList\",\"@id\":\"https:\/\/www.stara-baska-apartments.com\/it\/#breadcrumb\",\"itemListElement\":[{\"@type\":\"ListItem\",\"position\":1,\"name\":\"Home\",\"item\":\"https:\/\/www.stara-baska-apartments.com\/it\/\"},{\"@type\":\"ListItem\",\"position\":2,\"name\":\"Isola di Krk &#8211; Croatia\"}]},{\"@type\":\"WebSite\",\"@id\":\"https:\/\/www.stara-baska-apartments.com\/it\/#website\",\"url\":\"https:\/\/www.stara-baska-apartments.com\/it\/\",\"name\":\"Stara Ba\u0161ka Apartments\",\"description\":\"The most beautiful place in Island of Krk\",\"publisher\":{\"@id\":\"https:\/\/www.stara-baska-apartments.com\/it\/#\/schema\/person\/120af8770dbc486d4cb500abe5530bcc\"},\"potentialAction\":[{\"@type\":\"SearchAction\",\"target\":{\"@type\":\"EntryPoint\",\"urlTemplate\":\"https:\/\/www.stara-baska-apartments.com\/it\/?s={search_term_string}\"},\"query-input\":{\"@type\":\"PropertyValueSpecification\",\"valueRequired\":true,\"valueName\":\"search_term_string\"}}],\"inLanguage\":\"it-IT\"},{\"@type\":[\"Person\",\"Organization\"],\"@id\":\"https:\/\/www.stara-baska-apartments.com\/it\/#\/schema\/person\/120af8770dbc486d4cb500abe5530bcc\",\"name\":\"jeva\",\"image\":{\"@type\":\"ImageObject\",\"inLanguage\":\"it-IT\",\"@id\":\"https:\/\/www.stara-baska-apartments.com\/it\/#\/schema\/person\/image\/\",\"url\":\"https:\/\/secure.gravatar.com\/avatar\/55f1bddcac228ed6431966f123da9a710604f3bdc2ca8190637ee6aa9f669d58?s=96&d=mm&r=g\",\"contentUrl\":\"https:\/\/secure.gravatar.com\/avatar\/55f1bddcac228ed6431966f123da9a710604f3bdc2ca8190637ee6aa9f669d58?s=96&d=mm&r=g\",\"caption\":\"jeva\"},\"logo\":{\"@id\":\"https:\/\/www.stara-baska-apartments.com\/it\/#\/schema\/person\/image\/\"}}]}<\/script>\n<!-- \/ Yoast SEO plugin. -->","yoast_head_json":{"title":"Stara Ba\u0161ka Appartamenti - Isola di Krk - Croatia","description":"Gli Stara Ba\u0161ka Appartamenti fanno parte di nostra bellissima casa nel villaggio di Stara Ba\u0161ka, a due passi dalla spiaggia. L'alloggio perfetto per voi!","robots":{"index":"index","follow":"follow","max-snippet":"max-snippet:-1","max-image-preview":"max-image-preview:large","max-video-preview":"max-video-preview:-1"},"canonical":"https:\/\/www.stara-baska-apartments.com\/it\/","og_locale":"it_IT","og_type":"article","og_title":"Stara Ba\u0161ka Appartamenti - Isola di Krk - Croatia","og_description":"Gli Stara Ba\u0161ka Appartamenti fanno parte di nostra bellissima casa nel villaggio di Stara Ba\u0161ka, a due passi dalla spiaggia. L'alloggio perfetto per voi!","og_url":"https:\/\/www.stara-baska-apartments.com\/it\/","og_site_name":"Stara Ba\u0161ka Apartments","article_modified_time":"2016-03-09T19:37:52+00:00","og_image":[{"url":"https:\/\/www.stara-baska-apartments.com\/wp-content\/uploads\/2015\/12\/StaraBaskaGalun0667-100x100.jpg","type":"","width":"","height":""}],"twitter_card":"summary_large_image","twitter_misc":{"Tempo di lettura stimato":"2 minuti"},"schema":{"@context":"https:\/\/schema.org","@graph":[{"@type":"WebPage","@id":"https:\/\/www.stara-baska-apartments.com\/it\/","url":"https:\/\/www.stara-baska-apartments.com\/it\/","name":"Stara Ba\u0161ka Appartamenti - Isola di Krk - Croatia","isPartOf":{"@id":"https:\/\/www.stara-baska-apartments.com\/it\/#website"},"primaryImageOfPage":{"@id":"https:\/\/www.stara-baska-apartments.com\/it\/#primaryimage"},"image":{"@id":"https:\/\/www.stara-baska-apartments.com\/it\/#primaryimage"},"thumbnailUrl":"http:\/\/www.stara-baska-apartments.com\/wp-content\/uploads\/2016\/01\/StaraBaskaHouse02-300x111.jpg","datePublished":"2016-03-09T16:14:25+00:00","dateModified":"2016-03-09T19:37:52+00:00","description":"Gli Stara Ba\u0161ka Appartamenti fanno parte di nostra bellissima casa nel villaggio di Stara Ba\u0161ka, a due passi dalla spiaggia. L'alloggio perfetto per voi!","breadcrumb":{"@id":"https:\/\/www.stara-baska-apartments.com\/it\/#breadcrumb"},"inLanguage":"it-IT","potentialAction":[{"@type":"ReadAction","target":["https:\/\/www.stara-baska-apartments.com\/it\/"]}]},{"@type":"ImageObject","inLanguage":"it-IT","@id":"https:\/\/www.stara-baska-apartments.com\/it\/#primaryimage","url":"http:\/\/www.stara-baska-apartments.com\/wp-content\/uploads\/2016\/01\/StaraBaskaHouse02-300x111.jpg","contentUrl":"http:\/\/www.stara-baska-apartments.com\/wp-content\/uploads\/2016\/01\/StaraBaskaHouse02-300x111.jpg"},{"@type":"BreadcrumbList","@id":"https:\/\/www.stara-baska-apartments.com\/it\/#breadcrumb","itemListElement":[{"@type":"ListItem","position":1,"name":"Home","item":"https:\/\/www.stara-baska-apartments.com\/it\/"},{"@type":"ListItem","position":2,"name":"Isola di Krk &#8211; Croatia"}]},{"@type":"WebSite","@id":"https:\/\/www.stara-baska-apartments.com\/it\/#website","url":"https:\/\/www.stara-baska-apartments.com\/it\/","name":"Stara Ba\u0161ka Apartments","description":"The most beautiful place in Island of Krk","publisher":{"@id":"https:\/\/www.stara-baska-apartments.com\/it\/#\/schema\/person\/120af8770dbc486d4cb500abe5530bcc"},"potentialAction":[{"@type":"SearchAction","target":{"@type":"EntryPoint","urlTemplate":"https:\/\/www.stara-baska-apartments.com\/it\/?s={search_term_string}"},"query-input":{"@type":"PropertyValueSpecification","valueRequired":true,"valueName":"search_term_string"}}],"inLanguage":"it-IT"},{"@type":["Person","Organization"],"@id":"https:\/\/www.stara-baska-apartments.com\/it\/#\/schema\/person\/120af8770dbc486d4cb500abe5530bcc","name":"jeva","image":{"@type":"ImageObject","inLanguage":"it-IT","@id":"https:\/\/www.stara-baska-apartments.com\/it\/#\/schema\/person\/image\/","url":"https:\/\/secure.gravatar.com\/avatar\/55f1bddcac228ed6431966f123da9a710604f3bdc2ca8190637ee6aa9f669d58?s=96&d=mm&r=g","contentUrl":"https:\/\/secure.gravatar.com\/avatar\/55f1bddcac228ed6431966f123da9a710604f3bdc2ca8190637ee6aa9f669d58?s=96&d=mm&r=g","caption":"jeva"},"logo":{"@id":"https:\/\/www.stara-baska-apartments.com\/it\/#\/schema\/person\/image\/"}}]}},"_links":{"self":[{"href":"https:\/\/www.stara-baska-apartments.com\/it\/wp-json\/wp\/v2\/pages\/1256","targetHints":{"allow":["GET"]}}],"collection":[{"href":"https:\/\/www.stara-baska-apartments.com\/it\/wp-json\/wp\/v2\/pages"}],"about":[{"href":"https:\/\/www.stara-baska-apartments.com\/it\/wp-json\/wp\/v2\/types\/page"}],"author":[{"embeddable":true,"href":"https:\/\/www.stara-baska-apartments.com\/it\/wp-json\/wp\/v2\/users\/1"}],"replies":[{"embeddable":true,"href":"https:\/\/www.stara-baska-apartments.com\/it\/wp-json\/wp\/v2\/comments?post=1256"}],"version-history":[{"count":0,"href":"https:\/\/www.stara-baska-apartments.com\/it\/wp-json\/wp\/v2\/pages\/1256\/revisions"}],"wp:attachment":[{"href":"https:\/\/www.stara-baska-apartments.com\/it\/wp-json\/wp\/v2\/media?parent=1256"}],"curies":[{"name":"wp","href":"https:\/\/api.w.org\/{rel}","templated":true}]}}