{"id":1262,"date":"2016-03-09T18:15:37","date_gmt":"2016-03-09T17:15:37","guid":{"rendered":"http:\/\/www.stara-baska-apartments.com\/it\/?page_id=1262"},"modified":"2025-11-17T14:00:42","modified_gmt":"2025-11-17T13:00:42","slug":"prenotazioni","status":"publish","type":"page","link":"https:\/\/www.stara-baska-apartments.com\/it\/prenotazioni\/","title":{"rendered":"Prenotazioni"},"content":{"rendered":"<p class=\"excerpt\">Per effettuare una prenotazione per il vostro appartamento scelto compila il form sottostante oppure contattarci via e-mail: <a href=\"mailto:stara.baska.apartments@gmail.com\">stara.baska.apartments@gmail.com<\/a><\/p>\r\n<p>Per confermare la prenotazione deve essere pagato un anticipo. Senza pagamento dell&#8217;anticipo, la vostra richiesta di prenotazione non sar\u00e0 confermata e verr\u00e0 considerata solo come richiesta informativa. L&#8217;importo dell&#8217;anticipo \u00e8 30% del totale se il numero di pernottamenti \u00e8 maggiore di 3. Per 3 o meno pernottamenti, l&#8217;importo dell&#8217;anticipo equivale al prezzo di un pernottamento. Per prenotazioni cancellate pi\u00f9 di 30 giorni prima dell&#8217;arrivo, l&#8217;anticipo verr\u00e0 rimborsato.<\/p>\r\n<p class=\"excerpt\">In alta stagione, GIUGNO, LUGLIO e AGOSTO, accettiamo prenotazioni solo con check-in e check-out nei giorni del fine settimana (venerd\u00ec, sabato o domenica).\r\n\u00c8 possibile effettuare qualsiasi combinazione, ad esempio check-in la domenica e check-out il venerd\u00ec o il sabato.<\/p>\r\n<p>Se avete ulteriori domande, non esitate a chiedere a noi. Risponderemo alla vostra richiesta nel pi\u00f9 breve tempo possibile (di solito entro un&#8217;ora).<\/p>\r\n\r\n\r\n<div class=\"wp-block-columns is-layout-flex wp-container-core-columns-is-layout-9d6595d7 wp-block-columns-is-layout-flex\">\r\n<div class=\"wp-block-column is-layout-flow wp-block-column-is-layout-flow\">\r\n<div class=\"wp-block-contact-form-7-contact-form-selector\">\n<div class=\"wpcf7 no-js\" id=\"wpcf7-f2116-o1\" lang=\"en-US\" dir=\"ltr\" data-wpcf7-id=\"2116\">\n<div class=\"screen-reader-response\"><p role=\"status\" aria-live=\"polite\" aria-atomic=\"true\"><\/p> <ul><\/ul><\/div>\n<form action=\"\/it\/wp-json\/wp\/v2\/pages\/1262#wpcf7-f2116-o1\" method=\"post\" class=\"wpcf7-form init\" aria-label=\"Contact form\" novalidate=\"novalidate\" data-status=\"init\">\n<fieldset class=\"hidden-fields-container\"><input type=\"hidden\" name=\"_wpcf7\" value=\"2116\" \/><input type=\"hidden\" name=\"_wpcf7_version\" value=\"6.1.4\" \/><input type=\"hidden\" name=\"_wpcf7_locale\" value=\"en_US\" \/><input type=\"hidden\" name=\"_wpcf7_unit_tag\" value=\"wpcf7-f2116-o1\" \/><input type=\"hidden\" name=\"_wpcf7_container_post\" value=\"0\" \/><input type=\"hidden\" name=\"_wpcf7_posted_data_hash\" value=\"\" \/>\n<\/fieldset>\n<p><label> Il tuo nom<br \/>\n<span class=\"wpcf7-form-control-wrap\" data-name=\"text-600\"><input size=\"40\" maxlength=\"400\" class=\"wpcf7-form-control wpcf7-text\" aria-invalid=\"false\" value=\"\" type=\"text\" name=\"text-600\" \/><\/span> <\/label>\n<\/p>\n<p><label> La tua email<br \/>\n<span class=\"wpcf7-form-control-wrap\" data-name=\"your-email\"><input size=\"40\" maxlength=\"400\" class=\"wpcf7-form-control wpcf7-email wpcf7-validates-as-required wpcf7-text wpcf7-validates-as-email\" aria-required=\"true\" aria-invalid=\"false\" value=\"\" type=\"email\" name=\"your-email\" \/><\/span> <\/label>\n<\/p>\n<p><label> Arrivo<br \/>\n<span class=\"wpcf7-form-control-wrap\" data-name=\"date-821\"><input class=\"wpcf7-form-control wpcf7-date wpcf7-validates-as-date\" min=\"2026-04-01\" max=\"2026-11-01\" aria-invalid=\"false\" value=\"\" type=\"date\" name=\"date-821\" \/><\/span> <\/label>\n<\/p>\n<p><label> Partenza<br \/>\n<span class=\"wpcf7-form-control-wrap\" data-name=\"date-455\"><input class=\"wpcf7-form-control wpcf7-date wpcf7-validates-as-date\" min=\"2026-04-01\" max=\"2026-11-01\" aria-invalid=\"false\" value=\"\" type=\"date\" name=\"date-455\" \/><\/span> <\/label>\n<\/p>\n<p><label> Persone<br \/>\n<span class=\"wpcf7-form-control-wrap\" data-name=\"menu-815\"><select class=\"wpcf7-form-control wpcf7-select wpcf7-validates-as-required\" aria-required=\"true\" aria-invalid=\"false\" name=\"menu-815\"><option value=\"1\">1<\/option><option value=\"2\">2<\/option><option value=\"3\">3<\/option><option value=\"4\">4<\/option><\/select><\/span> <\/label>\n<\/p>\n<p><label> Alloggio<br \/>\n<span class=\"wpcf7-form-control-wrap\" data-name=\"menu-781\"><select class=\"wpcf7-form-control wpcf7-select\" aria-invalid=\"false\" name=\"menu-781\"><option value=\"Apartment Rosso\">Apartment Rosso<\/option><option value=\"Apartment Galun\">Apartment Galun<\/option><option value=\"House Nova\">House Nova<\/option><\/select><\/span> <\/label>\n<\/p>\n<p><label> Il tuo messaggio (opzionale)<br \/>\n<span class=\"wpcf7-form-control-wrap\" data-name=\"your-message\"><textarea cols=\"40\" rows=\"10\" maxlength=\"2000\" class=\"wpcf7-form-control wpcf7-textarea\" aria-invalid=\"false\" name=\"your-message\"><\/textarea><\/span> <\/label>\n<\/p>\n<p><input class=\"wpcf7-form-control wpcf7-submit has-spinner\" type=\"submit\" value=\"Spedire\" \/>\n<\/p><div class=\"wpcf7-response-output\" aria-hidden=\"true\"><\/div>\n<\/form>\n<\/div>\n<\/div>\r\n<\/div>\r\n\r\n\r\n\r\n<div class=\"wp-block-column is-layout-flow wp-block-column-is-layout-flow\"><\/div>\r\n<\/div>\r\n","protected":false},"excerpt":{"rendered":"<p>Per effettuare una prenotazione per il vostro appartamento scelto compila il form sottostante oppure contattarci via e-mail: stara.baska.apartments@gmail.com Per confermare la prenotazione deve essere pagato un anticipo. Senza pagamento dell&#8217;anticipo, la vostra richiesta di prenotazione non sar\u00e0 confermata e verr\u00e0 considerata solo come richiesta informativa. L&#8217;importo dell&#8217;anticipo \u00e8 30% del[&#8230;]<\/p>\n","protected":false},"author":1,"featured_media":0,"parent":0,"menu_order":0,"comment_status":"open","ping_status":"open","template":"template-full.php","meta":{"sfsi_plus_gutenberg_text_before_share":"","sfsi_plus_gutenberg_show_text_before_share":"","sfsi_plus_gutenberg_icon_type":"","sfsi_plus_gutenberg_icon_alignemt":"","sfsi_plus_gutenburg_max_per_row":"","footnotes":""},"class_list":["post-1262","page","type-page","status-publish","hentry"],"yoast_head":"<!-- This site is optimized with the Yoast SEO plugin v26.9 - https:\/\/yoast.com\/product\/yoast-seo-wordpress\/ -->\n<title>Prenotazioni - Stara Ba\u0161ka Appartamenti<\/title>\n<meta name=\"description\" content=\"Per confermare la prenotazione deve essere pagato un anticipo. Senza pagamento dell&#039;anticipo. Sono effettuabili tramite bonifico bancario o tramite PayPal.\" \/>\n<meta name=\"robots\" content=\"index, follow, max-snippet:-1, max-image-preview:large, max-video-preview:-1\" \/>\n<link rel=\"canonical\" href=\"https:\/\/www.stara-baska-apartments.com\/it\/prenotazioni\/\" \/>\n<meta property=\"og:locale\" content=\"it_IT\" \/>\n<meta property=\"og:type\" content=\"article\" \/>\n<meta property=\"og:title\" content=\"Prenotazioni - Stara Ba\u0161ka Appartamenti\" \/>\n<meta property=\"og:description\" content=\"Per confermare la prenotazione deve essere pagato un anticipo. Senza pagamento dell&#039;anticipo. Sono effettuabili tramite bonifico bancario o tramite PayPal.\" \/>\n<meta property=\"og:url\" content=\"https:\/\/www.stara-baska-apartments.com\/it\/prenotazioni\/\" \/>\n<meta property=\"og:site_name\" content=\"Stara Ba\u0161ka Apartments\" \/>\n<meta property=\"article:modified_time\" content=\"2025-11-17T13:00:42+00:00\" \/>\n<meta property=\"og:image\" content=\"https:\/\/www.stara-baska-apartments.com\/wp-content\/uploads\/2016\/01\/StaraBaskaBeach45.jpg\" \/>\n\t<meta property=\"og:image:width\" content=\"1200\" \/>\n\t<meta property=\"og:image:height\" content=\"900\" \/>\n\t<meta property=\"og:image:type\" content=\"image\/jpeg\" \/>\n<meta name=\"twitter:card\" content=\"summary_large_image\" \/>\n<meta name=\"twitter:label1\" content=\"Tempo di lettura stimato\" \/>\n\t<meta name=\"twitter:data1\" content=\"1 minuto\" \/>\n<script type=\"application\/ld+json\" class=\"yoast-schema-graph\">{\"@context\":\"https:\/\/schema.org\",\"@graph\":[{\"@type\":\"WebPage\",\"@id\":\"https:\/\/www.stara-baska-apartments.com\/it\/prenotazioni\/\",\"url\":\"https:\/\/www.stara-baska-apartments.com\/it\/prenotazioni\/\",\"name\":\"Prenotazioni - Stara Ba\u0161ka Appartamenti\",\"isPartOf\":{\"@id\":\"https:\/\/www.stara-baska-apartments.com\/it\/#website\"},\"datePublished\":\"2016-03-09T17:15:37+00:00\",\"dateModified\":\"2025-11-17T13:00:42+00:00\",\"description\":\"Per confermare la prenotazione deve essere pagato un anticipo. Senza pagamento dell'anticipo. Sono effettuabili tramite bonifico bancario o tramite PayPal.\",\"breadcrumb\":{\"@id\":\"https:\/\/www.stara-baska-apartments.com\/it\/prenotazioni\/#breadcrumb\"},\"inLanguage\":\"it-IT\",\"potentialAction\":[{\"@type\":\"ReadAction\",\"target\":[\"https:\/\/www.stara-baska-apartments.com\/it\/prenotazioni\/\"]}]},{\"@type\":\"BreadcrumbList\",\"@id\":\"https:\/\/www.stara-baska-apartments.com\/it\/prenotazioni\/#breadcrumb\",\"itemListElement\":[{\"@type\":\"ListItem\",\"position\":1,\"name\":\"Home\",\"item\":\"https:\/\/www.stara-baska-apartments.com\/it\/\"},{\"@type\":\"ListItem\",\"position\":2,\"name\":\"Prenotazioni\"}]},{\"@type\":\"WebSite\",\"@id\":\"https:\/\/www.stara-baska-apartments.com\/it\/#website\",\"url\":\"https:\/\/www.stara-baska-apartments.com\/it\/\",\"name\":\"Stara Ba\u0161ka Apartments\",\"description\":\"The most beautiful place in Island of Krk\",\"publisher\":{\"@id\":\"https:\/\/www.stara-baska-apartments.com\/it\/#\/schema\/person\/120af8770dbc486d4cb500abe5530bcc\"},\"potentialAction\":[{\"@type\":\"SearchAction\",\"target\":{\"@type\":\"EntryPoint\",\"urlTemplate\":\"https:\/\/www.stara-baska-apartments.com\/it\/?s={search_term_string}\"},\"query-input\":{\"@type\":\"PropertyValueSpecification\",\"valueRequired\":true,\"valueName\":\"search_term_string\"}}],\"inLanguage\":\"it-IT\"},{\"@type\":[\"Person\",\"Organization\"],\"@id\":\"https:\/\/www.stara-baska-apartments.com\/it\/#\/schema\/person\/120af8770dbc486d4cb500abe5530bcc\",\"name\":\"jeva\",\"image\":{\"@type\":\"ImageObject\",\"inLanguage\":\"it-IT\",\"@id\":\"https:\/\/www.stara-baska-apartments.com\/it\/#\/schema\/person\/image\/\",\"url\":\"https:\/\/secure.gravatar.com\/avatar\/55f1bddcac228ed6431966f123da9a710604f3bdc2ca8190637ee6aa9f669d58?s=96&d=mm&r=g\",\"contentUrl\":\"https:\/\/secure.gravatar.com\/avatar\/55f1bddcac228ed6431966f123da9a710604f3bdc2ca8190637ee6aa9f669d58?s=96&d=mm&r=g\",\"caption\":\"jeva\"},\"logo\":{\"@id\":\"https:\/\/www.stara-baska-apartments.com\/it\/#\/schema\/person\/image\/\"}}]}<\/script>\n<!-- \/ Yoast SEO plugin. -->","yoast_head_json":{"title":"Prenotazioni - Stara Ba\u0161ka Appartamenti","description":"Per confermare la prenotazione deve essere pagato un anticipo. Senza pagamento dell'anticipo. Sono effettuabili tramite bonifico bancario o tramite PayPal.","robots":{"index":"index","follow":"follow","max-snippet":"max-snippet:-1","max-image-preview":"max-image-preview:large","max-video-preview":"max-video-preview:-1"},"canonical":"https:\/\/www.stara-baska-apartments.com\/it\/prenotazioni\/","og_locale":"it_IT","og_type":"article","og_title":"Prenotazioni - Stara Ba\u0161ka Appartamenti","og_description":"Per confermare la prenotazione deve essere pagato un anticipo. Senza pagamento dell'anticipo. Sono effettuabili tramite bonifico bancario o tramite PayPal.","og_url":"https:\/\/www.stara-baska-apartments.com\/it\/prenotazioni\/","og_site_name":"Stara Ba\u0161ka Apartments","article_modified_time":"2025-11-17T13:00:42+00:00","og_image":[{"width":1200,"height":900,"url":"https:\/\/www.stara-baska-apartments.com\/wp-content\/uploads\/2016\/01\/StaraBaskaBeach45.jpg","type":"image\/jpeg"}],"twitter_card":"summary_large_image","twitter_misc":{"Tempo di lettura stimato":"1 minuto"},"schema":{"@context":"https:\/\/schema.org","@graph":[{"@type":"WebPage","@id":"https:\/\/www.stara-baska-apartments.com\/it\/prenotazioni\/","url":"https:\/\/www.stara-baska-apartments.com\/it\/prenotazioni\/","name":"Prenotazioni - Stara Ba\u0161ka Appartamenti","isPartOf":{"@id":"https:\/\/www.stara-baska-apartments.com\/it\/#website"},"datePublished":"2016-03-09T17:15:37+00:00","dateModified":"2025-11-17T13:00:42+00:00","description":"Per confermare la prenotazione deve essere pagato un anticipo. Senza pagamento dell'anticipo. Sono effettuabili tramite bonifico bancario o tramite PayPal.","breadcrumb":{"@id":"https:\/\/www.stara-baska-apartments.com\/it\/prenotazioni\/#breadcrumb"},"inLanguage":"it-IT","potentialAction":[{"@type":"ReadAction","target":["https:\/\/www.stara-baska-apartments.com\/it\/prenotazioni\/"]}]},{"@type":"BreadcrumbList","@id":"https:\/\/www.stara-baska-apartments.com\/it\/prenotazioni\/#breadcrumb","itemListElement":[{"@type":"ListItem","position":1,"name":"Home","item":"https:\/\/www.stara-baska-apartments.com\/it\/"},{"@type":"ListItem","position":2,"name":"Prenotazioni"}]},{"@type":"WebSite","@id":"https:\/\/www.stara-baska-apartments.com\/it\/#website","url":"https:\/\/www.stara-baska-apartments.com\/it\/","name":"Stara Ba\u0161ka Apartments","description":"The most beautiful place in Island of Krk","publisher":{"@id":"https:\/\/www.stara-baska-apartments.com\/it\/#\/schema\/person\/120af8770dbc486d4cb500abe5530bcc"},"potentialAction":[{"@type":"SearchAction","target":{"@type":"EntryPoint","urlTemplate":"https:\/\/www.stara-baska-apartments.com\/it\/?s={search_term_string}"},"query-input":{"@type":"PropertyValueSpecification","valueRequired":true,"valueName":"search_term_string"}}],"inLanguage":"it-IT"},{"@type":["Person","Organization"],"@id":"https:\/\/www.stara-baska-apartments.com\/it\/#\/schema\/person\/120af8770dbc486d4cb500abe5530bcc","name":"jeva","image":{"@type":"ImageObject","inLanguage":"it-IT","@id":"https:\/\/www.stara-baska-apartments.com\/it\/#\/schema\/person\/image\/","url":"https:\/\/secure.gravatar.com\/avatar\/55f1bddcac228ed6431966f123da9a710604f3bdc2ca8190637ee6aa9f669d58?s=96&d=mm&r=g","contentUrl":"https:\/\/secure.gravatar.com\/avatar\/55f1bddcac228ed6431966f123da9a710604f3bdc2ca8190637ee6aa9f669d58?s=96&d=mm&r=g","caption":"jeva"},"logo":{"@id":"https:\/\/www.stara-baska-apartments.com\/it\/#\/schema\/person\/image\/"}}]}},"_links":{"self":[{"href":"https:\/\/www.stara-baska-apartments.com\/it\/wp-json\/wp\/v2\/pages\/1262","targetHints":{"allow":["GET"]}}],"collection":[{"href":"https:\/\/www.stara-baska-apartments.com\/it\/wp-json\/wp\/v2\/pages"}],"about":[{"href":"https:\/\/www.stara-baska-apartments.com\/it\/wp-json\/wp\/v2\/types\/page"}],"author":[{"embeddable":true,"href":"https:\/\/www.stara-baska-apartments.com\/it\/wp-json\/wp\/v2\/users\/1"}],"replies":[{"embeddable":true,"href":"https:\/\/www.stara-baska-apartments.com\/it\/wp-json\/wp\/v2\/comments?post=1262"}],"version-history":[{"count":2,"href":"https:\/\/www.stara-baska-apartments.com\/it\/wp-json\/wp\/v2\/pages\/1262\/revisions"}],"predecessor-version":[{"id":3001,"href":"https:\/\/www.stara-baska-apartments.com\/it\/wp-json\/wp\/v2\/pages\/1262\/revisions\/3001"}],"wp:attachment":[{"href":"https:\/\/www.stara-baska-apartments.com\/it\/wp-json\/wp\/v2\/media?parent=1262"}],"curies":[{"name":"wp","href":"https:\/\/api.w.org\/{rel}","templated":true}]}}