{"id":1264,"date":"2016-03-09T18:20:34","date_gmt":"2016-03-09T17:20:34","guid":{"rendered":"http:\/\/www.stara-baska-apartments.com\/it\/?page_id=1264"},"modified":"2016-03-14T01:57:41","modified_gmt":"2016-03-14T00:57:41","slug":"isola-di-krk-veglia","status":"publish","type":"page","link":"https:\/\/www.stara-baska-apartments.com\/it\/isola-di-krk-veglia\/","title":{"rendered":"Isola di Krk (Veglia)"},"content":{"rendered":"<div>\n<h4>L&#8217;isola di Krk (Veglia) e la vicina isola di Cherso (Cres) sono le pi\u00f9 grandi isole in Croazia. Nel 1980 l&#8217;isola di Veglia fu collegata alla terraferma con un ponte, grazie al quale divent\u00f2 una localit\u00e0 attrattiva per abitare e per lo sviluppo del turismo. <\/h4>\n<p>&nbsp;<\/p>\n<\/div>\n<p><a href=\"http:\/\/www.stara-baska-apartments.com\/wp-content\/uploads\/2016\/01\/Krk-Bridge.jpg\" rel=\"fancybox[1264]\" rel=\"attachment wp-att-1001\"><img loading=\"lazy\" decoding=\"async\" class=\"aligncenter size-large wp-image-1001\" src=\"http:\/\/www.stara-baska-apartments.com\/wp-content\/uploads\/2016\/01\/Krk-Bridge-1024x245.jpg\" alt=\"Krk-Bridge\" width=\"640\" height=\"153\" srcset=\"https:\/\/www.stara-baska-apartments.com\/wp-content\/uploads\/2016\/01\/Krk-Bridge-1024x245.jpg 1024w, https:\/\/www.stara-baska-apartments.com\/wp-content\/uploads\/2016\/01\/Krk-Bridge-300x72.jpg 300w, https:\/\/www.stara-baska-apartments.com\/wp-content\/uploads\/2016\/01\/Krk-Bridge-768x183.jpg 768w, https:\/\/www.stara-baska-apartments.com\/wp-content\/uploads\/2016\/01\/Krk-Bridge-630x150.jpg 630w, https:\/\/www.stara-baska-apartments.com\/wp-content\/uploads\/2016\/01\/Krk-Bridge.jpg 1260w\" sizes=\"auto, (max-width: 640px) 100vw, 640px\" \/><\/a><\/p>\n<blockquote><p>L&#8217;isola vanta un aeroporto internazionale, in funzione tutto l&#8217;anno, che la avvicina al resto del mondo.<\/p><\/blockquote>\n<p>Sin dai tempi dell&#8217;antichit\u00e0, Veglia \u00e8 nota come &#8220;l&#8217;isola d&#8217;oro&#8221; per via della sua diversit\u00e0 agricola e variet\u00e0 dei frutti di mare, il clima ospitale e mite ed i suoi abitanti diligenti. Ulteriori informazioni disponibili prossimamente. Nel frattempo, visitate il sito ufficiale del <a href=\"http:\/\/www.krk.hr\/\">Ente Nazionale Croato per il Turismo<\/a>.<\/p>\n","protected":false},"excerpt":{"rendered":"<p>L&#8217;isola di Krk (Veglia) e la vicina isola di Cherso (Cres) sono le pi\u00f9 grandi isole in Croazia. Nel 1980 l&#8217;isola di Veglia fu collegata alla terraferma con un ponte, grazie al quale divent\u00f2 una localit\u00e0 attrattiva per abitare e per lo sviluppo del turismo. &nbsp; L&#8217;isola vanta un aeroporto[&#8230;]<\/p>\n","protected":false},"author":1,"featured_media":0,"parent":0,"menu_order":0,"comment_status":"closed","ping_status":"closed","template":"","meta":{"sfsi_plus_gutenberg_text_before_share":"","sfsi_plus_gutenberg_show_text_before_share":"","sfsi_plus_gutenberg_icon_type":"","sfsi_plus_gutenberg_icon_alignemt":"","sfsi_plus_gutenburg_max_per_row":"","footnotes":""},"class_list":["post-1264","page","type-page","status-publish","hentry"],"yoast_head":"<!-- This site is optimized with the Yoast SEO plugin v26.9 - https:\/\/yoast.com\/product\/yoast-seo-wordpress\/ -->\n<title>Isola di Krk (Veglia) - Stara Ba\u0161ka Appartamenti<\/title>\n<meta name=\"description\" content=\"L&#039;isola di Krk e la vicina isola di Cherso (Cres) sono le pi\u00f9 grandi isole in Croazia. Nel 1980 l&#039;isola di Veglia fu collegata alla terraferma con un ponte.\" \/>\n<meta name=\"robots\" content=\"index, follow, max-snippet:-1, max-image-preview:large, max-video-preview:-1\" \/>\n<link rel=\"canonical\" href=\"https:\/\/www.stara-baska-apartments.com\/it\/isola-di-krk-veglia\/\" \/>\n<meta property=\"og:locale\" content=\"it_IT\" \/>\n<meta property=\"og:type\" content=\"article\" \/>\n<meta property=\"og:title\" content=\"Isola di Krk (Veglia) - Stara Ba\u0161ka Appartamenti\" \/>\n<meta property=\"og:description\" content=\"L&#039;isola di Krk e la vicina isola di Cherso (Cres) sono le pi\u00f9 grandi isole in Croazia. Nel 1980 l&#039;isola di Veglia fu collegata alla terraferma con un ponte.\" \/>\n<meta property=\"og:url\" content=\"https:\/\/www.stara-baska-apartments.com\/it\/isola-di-krk-veglia\/\" \/>\n<meta property=\"og:site_name\" content=\"Stara Ba\u0161ka Apartments\" \/>\n<meta property=\"article:modified_time\" content=\"2016-03-14T00:57:41+00:00\" \/>\n<meta property=\"og:image\" content=\"http:\/\/www.stara-baska-apartments.com\/wp-content\/uploads\/2016\/01\/Krk-Bridge-1024x245.jpg\" \/>\n<meta name=\"twitter:card\" content=\"summary_large_image\" \/>\n<meta name=\"twitter:label1\" content=\"Tempo di lettura stimato\" \/>\n\t<meta name=\"twitter:data1\" content=\"1 minuto\" \/>\n<script type=\"application\/ld+json\" class=\"yoast-schema-graph\">{\"@context\":\"https:\/\/schema.org\",\"@graph\":[{\"@type\":\"WebPage\",\"@id\":\"https:\/\/www.stara-baska-apartments.com\/it\/isola-di-krk-veglia\/\",\"url\":\"https:\/\/www.stara-baska-apartments.com\/it\/isola-di-krk-veglia\/\",\"name\":\"Isola di Krk (Veglia) - Stara Ba\u0161ka Appartamenti\",\"isPartOf\":{\"@id\":\"https:\/\/www.stara-baska-apartments.com\/it\/#website\"},\"primaryImageOfPage\":{\"@id\":\"https:\/\/www.stara-baska-apartments.com\/it\/isola-di-krk-veglia\/#primaryimage\"},\"image\":{\"@id\":\"https:\/\/www.stara-baska-apartments.com\/it\/isola-di-krk-veglia\/#primaryimage\"},\"thumbnailUrl\":\"http:\/\/www.stara-baska-apartments.com\/wp-content\/uploads\/2016\/01\/Krk-Bridge-1024x245.jpg\",\"datePublished\":\"2016-03-09T17:20:34+00:00\",\"dateModified\":\"2016-03-14T00:57:41+00:00\",\"description\":\"L'isola di Krk e la vicina isola di Cherso (Cres) sono le pi\u00f9 grandi isole in Croazia. Nel 1980 l'isola di Veglia fu collegata alla terraferma con un ponte.\",\"breadcrumb\":{\"@id\":\"https:\/\/www.stara-baska-apartments.com\/it\/isola-di-krk-veglia\/#breadcrumb\"},\"inLanguage\":\"it-IT\",\"potentialAction\":[{\"@type\":\"ReadAction\",\"target\":[\"https:\/\/www.stara-baska-apartments.com\/it\/isola-di-krk-veglia\/\"]}]},{\"@type\":\"ImageObject\",\"inLanguage\":\"it-IT\",\"@id\":\"https:\/\/www.stara-baska-apartments.com\/it\/isola-di-krk-veglia\/#primaryimage\",\"url\":\"http:\/\/www.stara-baska-apartments.com\/wp-content\/uploads\/2016\/01\/Krk-Bridge-1024x245.jpg\",\"contentUrl\":\"http:\/\/www.stara-baska-apartments.com\/wp-content\/uploads\/2016\/01\/Krk-Bridge-1024x245.jpg\"},{\"@type\":\"BreadcrumbList\",\"@id\":\"https:\/\/www.stara-baska-apartments.com\/it\/isola-di-krk-veglia\/#breadcrumb\",\"itemListElement\":[{\"@type\":\"ListItem\",\"position\":1,\"name\":\"Home\",\"item\":\"https:\/\/www.stara-baska-apartments.com\/it\/\"},{\"@type\":\"ListItem\",\"position\":2,\"name\":\"Isola di Krk (Veglia)\"}]},{\"@type\":\"WebSite\",\"@id\":\"https:\/\/www.stara-baska-apartments.com\/it\/#website\",\"url\":\"https:\/\/www.stara-baska-apartments.com\/it\/\",\"name\":\"Stara Ba\u0161ka Apartments\",\"description\":\"The most beautiful place in Island of Krk\",\"publisher\":{\"@id\":\"https:\/\/www.stara-baska-apartments.com\/it\/#\/schema\/person\/120af8770dbc486d4cb500abe5530bcc\"},\"potentialAction\":[{\"@type\":\"SearchAction\",\"target\":{\"@type\":\"EntryPoint\",\"urlTemplate\":\"https:\/\/www.stara-baska-apartments.com\/it\/?s={search_term_string}\"},\"query-input\":{\"@type\":\"PropertyValueSpecification\",\"valueRequired\":true,\"valueName\":\"search_term_string\"}}],\"inLanguage\":\"it-IT\"},{\"@type\":[\"Person\",\"Organization\"],\"@id\":\"https:\/\/www.stara-baska-apartments.com\/it\/#\/schema\/person\/120af8770dbc486d4cb500abe5530bcc\",\"name\":\"jeva\",\"image\":{\"@type\":\"ImageObject\",\"inLanguage\":\"it-IT\",\"@id\":\"https:\/\/www.stara-baska-apartments.com\/it\/#\/schema\/person\/image\/\",\"url\":\"https:\/\/secure.gravatar.com\/avatar\/55f1bddcac228ed6431966f123da9a710604f3bdc2ca8190637ee6aa9f669d58?s=96&d=mm&r=g\",\"contentUrl\":\"https:\/\/secure.gravatar.com\/avatar\/55f1bddcac228ed6431966f123da9a710604f3bdc2ca8190637ee6aa9f669d58?s=96&d=mm&r=g\",\"caption\":\"jeva\"},\"logo\":{\"@id\":\"https:\/\/www.stara-baska-apartments.com\/it\/#\/schema\/person\/image\/\"}}]}<\/script>\n<!-- \/ Yoast SEO plugin. -->","yoast_head_json":{"title":"Isola di Krk (Veglia) - Stara Ba\u0161ka Appartamenti","description":"L'isola di Krk e la vicina isola di Cherso (Cres) sono le pi\u00f9 grandi isole in Croazia. Nel 1980 l'isola di Veglia fu collegata alla terraferma con un ponte.","robots":{"index":"index","follow":"follow","max-snippet":"max-snippet:-1","max-image-preview":"max-image-preview:large","max-video-preview":"max-video-preview:-1"},"canonical":"https:\/\/www.stara-baska-apartments.com\/it\/isola-di-krk-veglia\/","og_locale":"it_IT","og_type":"article","og_title":"Isola di Krk (Veglia) - Stara Ba\u0161ka Appartamenti","og_description":"L'isola di Krk e la vicina isola di Cherso (Cres) sono le pi\u00f9 grandi isole in Croazia. Nel 1980 l'isola di Veglia fu collegata alla terraferma con un ponte.","og_url":"https:\/\/www.stara-baska-apartments.com\/it\/isola-di-krk-veglia\/","og_site_name":"Stara Ba\u0161ka Apartments","article_modified_time":"2016-03-14T00:57:41+00:00","og_image":[{"url":"http:\/\/www.stara-baska-apartments.com\/wp-content\/uploads\/2016\/01\/Krk-Bridge-1024x245.jpg","type":"","width":"","height":""}],"twitter_card":"summary_large_image","twitter_misc":{"Tempo di lettura stimato":"1 minuto"},"schema":{"@context":"https:\/\/schema.org","@graph":[{"@type":"WebPage","@id":"https:\/\/www.stara-baska-apartments.com\/it\/isola-di-krk-veglia\/","url":"https:\/\/www.stara-baska-apartments.com\/it\/isola-di-krk-veglia\/","name":"Isola di Krk (Veglia) - Stara Ba\u0161ka Appartamenti","isPartOf":{"@id":"https:\/\/www.stara-baska-apartments.com\/it\/#website"},"primaryImageOfPage":{"@id":"https:\/\/www.stara-baska-apartments.com\/it\/isola-di-krk-veglia\/#primaryimage"},"image":{"@id":"https:\/\/www.stara-baska-apartments.com\/it\/isola-di-krk-veglia\/#primaryimage"},"thumbnailUrl":"http:\/\/www.stara-baska-apartments.com\/wp-content\/uploads\/2016\/01\/Krk-Bridge-1024x245.jpg","datePublished":"2016-03-09T17:20:34+00:00","dateModified":"2016-03-14T00:57:41+00:00","description":"L'isola di Krk e la vicina isola di Cherso (Cres) sono le pi\u00f9 grandi isole in Croazia. Nel 1980 l'isola di Veglia fu collegata alla terraferma con un ponte.","breadcrumb":{"@id":"https:\/\/www.stara-baska-apartments.com\/it\/isola-di-krk-veglia\/#breadcrumb"},"inLanguage":"it-IT","potentialAction":[{"@type":"ReadAction","target":["https:\/\/www.stara-baska-apartments.com\/it\/isola-di-krk-veglia\/"]}]},{"@type":"ImageObject","inLanguage":"it-IT","@id":"https:\/\/www.stara-baska-apartments.com\/it\/isola-di-krk-veglia\/#primaryimage","url":"http:\/\/www.stara-baska-apartments.com\/wp-content\/uploads\/2016\/01\/Krk-Bridge-1024x245.jpg","contentUrl":"http:\/\/www.stara-baska-apartments.com\/wp-content\/uploads\/2016\/01\/Krk-Bridge-1024x245.jpg"},{"@type":"BreadcrumbList","@id":"https:\/\/www.stara-baska-apartments.com\/it\/isola-di-krk-veglia\/#breadcrumb","itemListElement":[{"@type":"ListItem","position":1,"name":"Home","item":"https:\/\/www.stara-baska-apartments.com\/it\/"},{"@type":"ListItem","position":2,"name":"Isola di Krk (Veglia)"}]},{"@type":"WebSite","@id":"https:\/\/www.stara-baska-apartments.com\/it\/#website","url":"https:\/\/www.stara-baska-apartments.com\/it\/","name":"Stara Ba\u0161ka Apartments","description":"The most beautiful place in Island of Krk","publisher":{"@id":"https:\/\/www.stara-baska-apartments.com\/it\/#\/schema\/person\/120af8770dbc486d4cb500abe5530bcc"},"potentialAction":[{"@type":"SearchAction","target":{"@type":"EntryPoint","urlTemplate":"https:\/\/www.stara-baska-apartments.com\/it\/?s={search_term_string}"},"query-input":{"@type":"PropertyValueSpecification","valueRequired":true,"valueName":"search_term_string"}}],"inLanguage":"it-IT"},{"@type":["Person","Organization"],"@id":"https:\/\/www.stara-baska-apartments.com\/it\/#\/schema\/person\/120af8770dbc486d4cb500abe5530bcc","name":"jeva","image":{"@type":"ImageObject","inLanguage":"it-IT","@id":"https:\/\/www.stara-baska-apartments.com\/it\/#\/schema\/person\/image\/","url":"https:\/\/secure.gravatar.com\/avatar\/55f1bddcac228ed6431966f123da9a710604f3bdc2ca8190637ee6aa9f669d58?s=96&d=mm&r=g","contentUrl":"https:\/\/secure.gravatar.com\/avatar\/55f1bddcac228ed6431966f123da9a710604f3bdc2ca8190637ee6aa9f669d58?s=96&d=mm&r=g","caption":"jeva"},"logo":{"@id":"https:\/\/www.stara-baska-apartments.com\/it\/#\/schema\/person\/image\/"}}]}},"_links":{"self":[{"href":"https:\/\/www.stara-baska-apartments.com\/it\/wp-json\/wp\/v2\/pages\/1264","targetHints":{"allow":["GET"]}}],"collection":[{"href":"https:\/\/www.stara-baska-apartments.com\/it\/wp-json\/wp\/v2\/pages"}],"about":[{"href":"https:\/\/www.stara-baska-apartments.com\/it\/wp-json\/wp\/v2\/types\/page"}],"author":[{"embeddable":true,"href":"https:\/\/www.stara-baska-apartments.com\/it\/wp-json\/wp\/v2\/users\/1"}],"replies":[{"embeddable":true,"href":"https:\/\/www.stara-baska-apartments.com\/it\/wp-json\/wp\/v2\/comments?post=1264"}],"version-history":[{"count":0,"href":"https:\/\/www.stara-baska-apartments.com\/it\/wp-json\/wp\/v2\/pages\/1264\/revisions"}],"wp:attachment":[{"href":"https:\/\/www.stara-baska-apartments.com\/it\/wp-json\/wp\/v2\/media?parent=1264"}],"curies":[{"name":"wp","href":"https:\/\/api.w.org\/{rel}","templated":true}]}}