{"id":1269,"date":"2016-03-09T18:32:15","date_gmt":"2016-03-09T17:32:15","guid":{"rendered":"http:\/\/www.stara-baska-apartments.com\/it\/?page_id=1269"},"modified":"2017-08-03T12:23:52","modified_gmt":"2017-08-03T11:23:52","slug":"foto","status":"publish","type":"page","link":"https:\/\/www.stara-baska-apartments.com\/it\/foto\/","title":{"rendered":"Foto"},"content":{"rendered":"<h2><strong><a href=\"http:\/\/www.stara-baska-apartments.com\/it\/foto-delle-spiagge-stara-baska\/\">Spiaggia foto<\/a><\/strong><\/h2>\n<p><a href=\"http:\/\/www.stara-baska-apartments.com\/it\/foto-delle-spiagge-stara-baska\/\"><img loading=\"lazy\" decoding=\"async\" class=\"alignnone wp-image-720 size-full\" title=\"Beach in Stara Baska\" src=\"http:\/\/www.stara-baska-apartments.com\/wp-content\/uploads\/2015\/12\/BeachPage01.jpg\" alt=\"Photos - Beach - Stara Baska - Krk - Croatia\" width=\"630\" height=\"150\" srcset=\"https:\/\/www.stara-baska-apartments.com\/wp-content\/uploads\/2015\/12\/BeachPage01.jpg 630w, https:\/\/www.stara-baska-apartments.com\/wp-content\/uploads\/2015\/12\/BeachPage01-300x71.jpg 300w\" sizes=\"auto, (max-width: 630px) 100vw, 630px\" \/><\/a><\/p>\n<h2><strong><a href=\"http:\/\/www.stara-baska-apartments.com\/it\/memorie-dal-2016\/\">Memorie dal 2016<\/a><\/strong><\/h2>\n<p><a href=\"http:\/\/www.stara-baska-apartments.com\/it\/memorie-dal-2016\/\"><img loading=\"lazy\" decoding=\"async\" class=\"alignnone wp-image-1807 size-full\" title=\"Beach in Stara Baska\" src=\"http:\/\/www.stara-baska-apartments.com\/wp-content\/uploads\/2015\/12\/memories_cover.jpg\" alt=\"Stara Baska 2016\" width=\"630\" height=\"150\" srcset=\"https:\/\/www.stara-baska-apartments.com\/wp-content\/uploads\/2015\/12\/memories_cover.jpg 630w, https:\/\/www.stara-baska-apartments.com\/wp-content\/uploads\/2015\/12\/memories_cover-300x71.jpg 300w\" sizes=\"auto, (max-width: 630px) 100vw, 630px\" \/><\/a><\/p>\n","protected":false},"excerpt":{"rendered":"<p>Spiaggia foto Memorie dal 2016<\/p>\n","protected":false},"author":1,"featured_media":0,"parent":0,"menu_order":0,"comment_status":"closed","ping_status":"closed","template":"","meta":{"sfsi_plus_gutenberg_text_before_share":"","sfsi_plus_gutenberg_show_text_before_share":"","sfsi_plus_gutenberg_icon_type":"","sfsi_plus_gutenberg_icon_alignemt":"","sfsi_plus_gutenburg_max_per_row":"","footnotes":""},"class_list":["post-1269","page","type-page","status-publish","hentry"],"yoast_head":"<!-- This site is optimized with the Yoast SEO plugin v26.9 - https:\/\/yoast.com\/product\/yoast-seo-wordpress\/ -->\n<title>Foto - Stara Ba\u0161ka Appartamenti<\/title>\n<meta name=\"description\" content=\"Foto di Stara Ba\u0161ka e varie localit\u00e0 dell&#039;isola di Veglia. Prendetevi del tempo per navigare per le nostre gallerie di foto.\" \/>\n<meta name=\"robots\" content=\"index, follow, max-snippet:-1, max-image-preview:large, max-video-preview:-1\" \/>\n<link rel=\"canonical\" href=\"https:\/\/www.stara-baska-apartments.com\/it\/foto\/\" \/>\n<meta property=\"og:locale\" content=\"it_IT\" \/>\n<meta property=\"og:type\" content=\"article\" \/>\n<meta property=\"og:title\" content=\"Foto - Stara Ba\u0161ka Appartamenti\" \/>\n<meta property=\"og:description\" content=\"Foto di Stara Ba\u0161ka e varie localit\u00e0 dell&#039;isola di Veglia. Prendetevi del tempo per navigare per le nostre gallerie di foto.\" \/>\n<meta property=\"og:url\" content=\"https:\/\/www.stara-baska-apartments.com\/it\/foto\/\" \/>\n<meta property=\"og:site_name\" content=\"Stara Ba\u0161ka Apartments\" \/>\n<meta property=\"article:modified_time\" content=\"2017-08-03T11:23:52+00:00\" \/>\n<meta property=\"og:image\" content=\"http:\/\/www.stara-baska-apartments.com\/wp-content\/uploads\/2015\/12\/BeachPage01.jpg\" \/>\n<meta name=\"twitter:card\" content=\"summary_large_image\" \/>\n<script type=\"application\/ld+json\" class=\"yoast-schema-graph\">{\"@context\":\"https:\/\/schema.org\",\"@graph\":[{\"@type\":\"WebPage\",\"@id\":\"https:\/\/www.stara-baska-apartments.com\/it\/foto\/\",\"url\":\"https:\/\/www.stara-baska-apartments.com\/it\/foto\/\",\"name\":\"Foto - Stara Ba\u0161ka Appartamenti\",\"isPartOf\":{\"@id\":\"https:\/\/www.stara-baska-apartments.com\/it\/#website\"},\"primaryImageOfPage\":{\"@id\":\"https:\/\/www.stara-baska-apartments.com\/it\/foto\/#primaryimage\"},\"image\":{\"@id\":\"https:\/\/www.stara-baska-apartments.com\/it\/foto\/#primaryimage\"},\"thumbnailUrl\":\"http:\/\/www.stara-baska-apartments.com\/wp-content\/uploads\/2015\/12\/BeachPage01.jpg\",\"datePublished\":\"2016-03-09T17:32:15+00:00\",\"dateModified\":\"2017-08-03T11:23:52+00:00\",\"description\":\"Foto di Stara Ba\u0161ka e varie localit\u00e0 dell'isola di Veglia. Prendetevi del tempo per navigare per le nostre gallerie di foto.\",\"breadcrumb\":{\"@id\":\"https:\/\/www.stara-baska-apartments.com\/it\/foto\/#breadcrumb\"},\"inLanguage\":\"it-IT\",\"potentialAction\":[{\"@type\":\"ReadAction\",\"target\":[\"https:\/\/www.stara-baska-apartments.com\/it\/foto\/\"]}]},{\"@type\":\"ImageObject\",\"inLanguage\":\"it-IT\",\"@id\":\"https:\/\/www.stara-baska-apartments.com\/it\/foto\/#primaryimage\",\"url\":\"http:\/\/www.stara-baska-apartments.com\/wp-content\/uploads\/2015\/12\/BeachPage01.jpg\",\"contentUrl\":\"http:\/\/www.stara-baska-apartments.com\/wp-content\/uploads\/2015\/12\/BeachPage01.jpg\"},{\"@type\":\"BreadcrumbList\",\"@id\":\"https:\/\/www.stara-baska-apartments.com\/it\/foto\/#breadcrumb\",\"itemListElement\":[{\"@type\":\"ListItem\",\"position\":1,\"name\":\"Home\",\"item\":\"https:\/\/www.stara-baska-apartments.com\/it\/\"},{\"@type\":\"ListItem\",\"position\":2,\"name\":\"Foto\"}]},{\"@type\":\"WebSite\",\"@id\":\"https:\/\/www.stara-baska-apartments.com\/it\/#website\",\"url\":\"https:\/\/www.stara-baska-apartments.com\/it\/\",\"name\":\"Stara Ba\u0161ka Apartments\",\"description\":\"The most beautiful place in Island of Krk\",\"publisher\":{\"@id\":\"https:\/\/www.stara-baska-apartments.com\/it\/#\/schema\/person\/120af8770dbc486d4cb500abe5530bcc\"},\"potentialAction\":[{\"@type\":\"SearchAction\",\"target\":{\"@type\":\"EntryPoint\",\"urlTemplate\":\"https:\/\/www.stara-baska-apartments.com\/it\/?s={search_term_string}\"},\"query-input\":{\"@type\":\"PropertyValueSpecification\",\"valueRequired\":true,\"valueName\":\"search_term_string\"}}],\"inLanguage\":\"it-IT\"},{\"@type\":[\"Person\",\"Organization\"],\"@id\":\"https:\/\/www.stara-baska-apartments.com\/it\/#\/schema\/person\/120af8770dbc486d4cb500abe5530bcc\",\"name\":\"jeva\",\"image\":{\"@type\":\"ImageObject\",\"inLanguage\":\"it-IT\",\"@id\":\"https:\/\/www.stara-baska-apartments.com\/it\/#\/schema\/person\/image\/\",\"url\":\"https:\/\/secure.gravatar.com\/avatar\/55f1bddcac228ed6431966f123da9a710604f3bdc2ca8190637ee6aa9f669d58?s=96&d=mm&r=g\",\"contentUrl\":\"https:\/\/secure.gravatar.com\/avatar\/55f1bddcac228ed6431966f123da9a710604f3bdc2ca8190637ee6aa9f669d58?s=96&d=mm&r=g\",\"caption\":\"jeva\"},\"logo\":{\"@id\":\"https:\/\/www.stara-baska-apartments.com\/it\/#\/schema\/person\/image\/\"}}]}<\/script>\n<!-- \/ Yoast SEO plugin. -->","yoast_head_json":{"title":"Foto - Stara Ba\u0161ka Appartamenti","description":"Foto di Stara Ba\u0161ka e varie localit\u00e0 dell'isola di Veglia. Prendetevi del tempo per navigare per le nostre gallerie di foto.","robots":{"index":"index","follow":"follow","max-snippet":"max-snippet:-1","max-image-preview":"max-image-preview:large","max-video-preview":"max-video-preview:-1"},"canonical":"https:\/\/www.stara-baska-apartments.com\/it\/foto\/","og_locale":"it_IT","og_type":"article","og_title":"Foto - Stara Ba\u0161ka Appartamenti","og_description":"Foto di Stara Ba\u0161ka e varie localit\u00e0 dell'isola di Veglia. Prendetevi del tempo per navigare per le nostre gallerie di foto.","og_url":"https:\/\/www.stara-baska-apartments.com\/it\/foto\/","og_site_name":"Stara Ba\u0161ka Apartments","article_modified_time":"2017-08-03T11:23:52+00:00","og_image":[{"url":"http:\/\/www.stara-baska-apartments.com\/wp-content\/uploads\/2015\/12\/BeachPage01.jpg","type":"","width":"","height":""}],"twitter_card":"summary_large_image","schema":{"@context":"https:\/\/schema.org","@graph":[{"@type":"WebPage","@id":"https:\/\/www.stara-baska-apartments.com\/it\/foto\/","url":"https:\/\/www.stara-baska-apartments.com\/it\/foto\/","name":"Foto - Stara Ba\u0161ka Appartamenti","isPartOf":{"@id":"https:\/\/www.stara-baska-apartments.com\/it\/#website"},"primaryImageOfPage":{"@id":"https:\/\/www.stara-baska-apartments.com\/it\/foto\/#primaryimage"},"image":{"@id":"https:\/\/www.stara-baska-apartments.com\/it\/foto\/#primaryimage"},"thumbnailUrl":"http:\/\/www.stara-baska-apartments.com\/wp-content\/uploads\/2015\/12\/BeachPage01.jpg","datePublished":"2016-03-09T17:32:15+00:00","dateModified":"2017-08-03T11:23:52+00:00","description":"Foto di Stara Ba\u0161ka e varie localit\u00e0 dell'isola di Veglia. Prendetevi del tempo per navigare per le nostre gallerie di foto.","breadcrumb":{"@id":"https:\/\/www.stara-baska-apartments.com\/it\/foto\/#breadcrumb"},"inLanguage":"it-IT","potentialAction":[{"@type":"ReadAction","target":["https:\/\/www.stara-baska-apartments.com\/it\/foto\/"]}]},{"@type":"ImageObject","inLanguage":"it-IT","@id":"https:\/\/www.stara-baska-apartments.com\/it\/foto\/#primaryimage","url":"http:\/\/www.stara-baska-apartments.com\/wp-content\/uploads\/2015\/12\/BeachPage01.jpg","contentUrl":"http:\/\/www.stara-baska-apartments.com\/wp-content\/uploads\/2015\/12\/BeachPage01.jpg"},{"@type":"BreadcrumbList","@id":"https:\/\/www.stara-baska-apartments.com\/it\/foto\/#breadcrumb","itemListElement":[{"@type":"ListItem","position":1,"name":"Home","item":"https:\/\/www.stara-baska-apartments.com\/it\/"},{"@type":"ListItem","position":2,"name":"Foto"}]},{"@type":"WebSite","@id":"https:\/\/www.stara-baska-apartments.com\/it\/#website","url":"https:\/\/www.stara-baska-apartments.com\/it\/","name":"Stara Ba\u0161ka Apartments","description":"The most beautiful place in Island of Krk","publisher":{"@id":"https:\/\/www.stara-baska-apartments.com\/it\/#\/schema\/person\/120af8770dbc486d4cb500abe5530bcc"},"potentialAction":[{"@type":"SearchAction","target":{"@type":"EntryPoint","urlTemplate":"https:\/\/www.stara-baska-apartments.com\/it\/?s={search_term_string}"},"query-input":{"@type":"PropertyValueSpecification","valueRequired":true,"valueName":"search_term_string"}}],"inLanguage":"it-IT"},{"@type":["Person","Organization"],"@id":"https:\/\/www.stara-baska-apartments.com\/it\/#\/schema\/person\/120af8770dbc486d4cb500abe5530bcc","name":"jeva","image":{"@type":"ImageObject","inLanguage":"it-IT","@id":"https:\/\/www.stara-baska-apartments.com\/it\/#\/schema\/person\/image\/","url":"https:\/\/secure.gravatar.com\/avatar\/55f1bddcac228ed6431966f123da9a710604f3bdc2ca8190637ee6aa9f669d58?s=96&d=mm&r=g","contentUrl":"https:\/\/secure.gravatar.com\/avatar\/55f1bddcac228ed6431966f123da9a710604f3bdc2ca8190637ee6aa9f669d58?s=96&d=mm&r=g","caption":"jeva"},"logo":{"@id":"https:\/\/www.stara-baska-apartments.com\/it\/#\/schema\/person\/image\/"}}]}},"_links":{"self":[{"href":"https:\/\/www.stara-baska-apartments.com\/it\/wp-json\/wp\/v2\/pages\/1269","targetHints":{"allow":["GET"]}}],"collection":[{"href":"https:\/\/www.stara-baska-apartments.com\/it\/wp-json\/wp\/v2\/pages"}],"about":[{"href":"https:\/\/www.stara-baska-apartments.com\/it\/wp-json\/wp\/v2\/types\/page"}],"author":[{"embeddable":true,"href":"https:\/\/www.stara-baska-apartments.com\/it\/wp-json\/wp\/v2\/users\/1"}],"replies":[{"embeddable":true,"href":"https:\/\/www.stara-baska-apartments.com\/it\/wp-json\/wp\/v2\/comments?post=1269"}],"version-history":[{"count":0,"href":"https:\/\/www.stara-baska-apartments.com\/it\/wp-json\/wp\/v2\/pages\/1269\/revisions"}],"wp:attachment":[{"href":"https:\/\/www.stara-baska-apartments.com\/it\/wp-json\/wp\/v2\/media?parent=1269"}],"curies":[{"name":"wp","href":"https:\/\/api.w.org\/{rel}","templated":true}]}}