{"id":1359,"date":"2016-03-10T10:29:29","date_gmt":"2016-03-10T09:29:29","guid":{"rendered":"http:\/\/www.stara-baska-apartments.com\/pl\/?page_id=1359"},"modified":"2025-11-17T14:01:12","modified_gmt":"2025-11-17T13:01:12","slug":"rezerwacja","status":"publish","type":"page","link":"https:\/\/www.stara-baska-apartments.com\/pl\/rezerwacja\/","title":{"rendered":"Rezerwacja"},"content":{"rendered":"<p class=\"excerpt\">W celu dokonania rezerwacji prosimy o wype\u0142nienie formularza lub o kontakt poprzez e-mail: <a href=\"mailto:stara.baska.apartments@gmail.com\">stara.baska.apartments@gmail.com<\/a><\/p>\r\n<p>Op\u0142at\u0119 rezerwacyjn\u0105 (kaucj\u0119, depozyt) nale\u017cy ui\u015bci\u0107 przy rezerwacji. Bez wymaganej wp\u0142aty rezerwacja nie zostanie potwierdzona. Kaucja (op\u0142ata rezerwacyjna, depozyt) wynosi 30% ca\u0142kowitej kwoty, je\u017celi liczba dni jest wi\u0119ksza ni\u017c 3. Na 3 noce lub mniej wysoko\u015b\u0107 kaucji (depozytu) jest r\u00f3wna cenie jednej nocy. Je\u015bli rezerwacja zostanie anulowana wcze\u015bniej ni\u017c 30 dni przed przyjazdem, zwracamy depozyt.<\/p>\r\n<p class=\"excerpt\">W sezonie g\u0142\u00f3wnym, czyli w czerwcu, lipcu i sierpniu, przyjmujemy rezerwacje wy\u0142\u0105cznie z zameldowaniem i wymeldowaniem w dni weekendowe (pi\u0105tek, sobota lub niedziela).\r\nMo\u017cliwa jest dowolna kombinacja, na przyk\u0142ad zameldowanie w niedziel\u0119 i wymeldowanie w pi\u0105tek lub sobot\u0119.<\/p>\r\n<p>Je\u015bli masz jakiekolwiek dodatkowe pytania, prosimy zwr\u00f3ci\u0107 si\u0119 do nas. Postaramy si\u0119 odpowiedzie\u0107 na Pa\u0144stwa pytania najszybciej jak to mo\u017cliwe (zwykle w ci\u0105gu godziny).<\/p>\r\n\r\n\r\n<div class=\"wp-block-columns is-layout-flex wp-container-core-columns-is-layout-9d6595d7 wp-block-columns-is-layout-flex\">\r\n<div class=\"wp-block-column is-layout-flow wp-block-column-is-layout-flow\">\r\n<div class=\"wp-block-contact-form-7-contact-form-selector\">\n<div class=\"wpcf7 no-js\" id=\"wpcf7-f2115-o1\" lang=\"en-US\" dir=\"ltr\" data-wpcf7-id=\"2115\">\n<div class=\"screen-reader-response\"><p role=\"status\" aria-live=\"polite\" aria-atomic=\"true\"><\/p> <ul><\/ul><\/div>\n<form action=\"\/pl\/wp-json\/wp\/v2\/pages\/1359#wpcf7-f2115-o1\" method=\"post\" class=\"wpcf7-form init\" aria-label=\"Contact form\" novalidate=\"novalidate\" data-status=\"init\">\n<fieldset class=\"hidden-fields-container\"><input type=\"hidden\" name=\"_wpcf7\" value=\"2115\" \/><input type=\"hidden\" name=\"_wpcf7_version\" value=\"6.1.4\" \/><input type=\"hidden\" name=\"_wpcf7_locale\" value=\"en_US\" \/><input type=\"hidden\" name=\"_wpcf7_unit_tag\" value=\"wpcf7-f2115-o1\" \/><input type=\"hidden\" name=\"_wpcf7_container_post\" value=\"0\" \/><input type=\"hidden\" name=\"_wpcf7_posted_data_hash\" value=\"\" \/>\n<\/fieldset>\n<p><label> Twoje imi\u0119<br \/>\n<span class=\"wpcf7-form-control-wrap\" data-name=\"text-600\"><input size=\"40\" maxlength=\"400\" class=\"wpcf7-form-control wpcf7-text\" aria-invalid=\"false\" value=\"\" type=\"text\" name=\"text-600\" \/><\/span> <\/label>\n<\/p>\n<p><label> Tw\u00f3j email<br \/>\n<span class=\"wpcf7-form-control-wrap\" data-name=\"your-email\"><input size=\"40\" maxlength=\"400\" class=\"wpcf7-form-control wpcf7-email wpcf7-validates-as-required wpcf7-text wpcf7-validates-as-email\" aria-required=\"true\" aria-invalid=\"false\" value=\"\" type=\"email\" name=\"your-email\" \/><\/span> <\/label>\n<\/p>\n<p><label> Przyjazd<br \/>\n<span class=\"wpcf7-form-control-wrap\" data-name=\"date-821\"><input class=\"wpcf7-form-control wpcf7-date wpcf7-validates-as-date\" min=\"2026-04-01\" max=\"2026-11-01\" aria-invalid=\"false\" value=\"\" type=\"date\" name=\"date-821\" \/><\/span> <\/label>\n<\/p>\n<p><label> Wyjazd<br \/>\n<span class=\"wpcf7-form-control-wrap\" data-name=\"date-455\"><input class=\"wpcf7-form-control wpcf7-date wpcf7-validates-as-date\" min=\"2026-04-01\" max=\"2026-11-01\" aria-invalid=\"false\" value=\"\" type=\"date\" name=\"date-455\" \/><\/span> <\/label>\n<\/p>\n<p><label> Osoby<br \/>\n<span class=\"wpcf7-form-control-wrap\" data-name=\"menu-815\"><select class=\"wpcf7-form-control wpcf7-select wpcf7-validates-as-required\" aria-required=\"true\" aria-invalid=\"false\" name=\"menu-815\"><option value=\"1\">1<\/option><option value=\"2\">2<\/option><option value=\"3\">3<\/option><option value=\"4\">4<\/option><\/select><\/span> <\/label>\n<\/p>\n<p><label> Zakwaterowanie<br \/>\n<span class=\"wpcf7-form-control-wrap\" data-name=\"menu-781\"><select class=\"wpcf7-form-control wpcf7-select\" aria-invalid=\"false\" name=\"menu-781\"><option value=\"Apartment Rosso\">Apartment Rosso<\/option><option value=\"Apartment Galun\">Apartment Galun<\/option><option value=\"House Nova\">House Nova<\/option><\/select><\/span> <\/label>\n<\/p>\n<p><label> Twoja wiadomo\u015b\u0107 (opcjonalnie)<br \/>\n<span class=\"wpcf7-form-control-wrap\" data-name=\"your-message\"><textarea cols=\"40\" rows=\"10\" maxlength=\"2000\" class=\"wpcf7-form-control wpcf7-textarea\" aria-invalid=\"false\" name=\"your-message\"><\/textarea><\/span> <\/label>\n<\/p>\n<p><input class=\"wpcf7-form-control wpcf7-submit has-spinner\" type=\"submit\" value=\"Wys\u0142a\u0107\" \/>\n<\/p><div class=\"wpcf7-response-output\" aria-hidden=\"true\"><\/div>\n<\/form>\n<\/div>\n<\/div>\r\n<\/div>\r\n\r\n\r\n\r\n<div class=\"wp-block-column is-layout-flow wp-block-column-is-layout-flow\"><\/div>\r\n<\/div>\r\n","protected":false},"excerpt":{"rendered":"<p>W celu dokonania rezerwacji prosimy o wype\u0142nienie formularza lub o kontakt poprzez e-mail: stara.baska.apartments@gmail.com Op\u0142at\u0119 rezerwacyjn\u0105 (kaucj\u0119, depozyt) nale\u017cy ui\u015bci\u0107 przy rezerwacji. Bez wymaganej wp\u0142aty rezerwacja nie zostanie potwierdzona. Kaucja (op\u0142ata rezerwacyjna, depozyt) wynosi 30% ca\u0142kowitej kwoty, je\u017celi liczba dni jest wi\u0119ksza ni\u017c 3. Na 3 noce lub mniej wysoko\u015b\u0107[&#8230;]<\/p>\n","protected":false},"author":1,"featured_media":0,"parent":0,"menu_order":0,"comment_status":"open","ping_status":"open","template":"template-full.php","meta":{"sfsi_plus_gutenberg_text_before_share":"","sfsi_plus_gutenberg_show_text_before_share":"","sfsi_plus_gutenberg_icon_type":"","sfsi_plus_gutenberg_icon_alignemt":"","sfsi_plus_gutenburg_max_per_row":"","footnotes":""},"class_list":["post-1359","page","type-page","status-publish","hentry"],"yoast_head":"<!-- This site is optimized with the Yoast SEO plugin v26.9 - https:\/\/yoast.com\/product\/yoast-seo-wordpress\/ -->\n<title>Rezerwacja - Stara Baska Apartamenty<\/title>\n<meta name=\"robots\" content=\"index, follow, max-snippet:-1, max-image-preview:large, max-video-preview:-1\" \/>\n<link rel=\"canonical\" href=\"https:\/\/www.stara-baska-apartments.com\/pl\/rezerwacja\/\" \/>\n<meta property=\"og:locale\" content=\"pl_PL\" \/>\n<meta property=\"og:type\" content=\"article\" \/>\n<meta property=\"og:title\" content=\"Rezerwacja - Stara Baska Apartamenty\" \/>\n<meta property=\"og:description\" content=\"W celu dokonania rezerwacji prosimy o wype\u0142nienie formularza lub o kontakt poprzez e-mail: stara.baska.apartments@gmail.com Op\u0142at\u0119 rezerwacyjn\u0105 (kaucj\u0119, depozyt) nale\u017cy ui\u015bci\u0107 przy rezerwacji. Bez wymaganej wp\u0142aty rezerwacja nie zostanie potwierdzona. Kaucja (op\u0142ata rezerwacyjna, depozyt) wynosi 30% ca\u0142kowitej kwoty, je\u017celi liczba dni jest wi\u0119ksza ni\u017c 3. Na 3 noce lub mniej wysoko\u015b\u0107[...]\" \/>\n<meta property=\"og:url\" content=\"https:\/\/www.stara-baska-apartments.com\/pl\/rezerwacja\/\" \/>\n<meta property=\"og:site_name\" content=\"Stara Ba\u0161ka Apartments\" \/>\n<meta property=\"article:modified_time\" content=\"2025-11-17T13:01:12+00:00\" \/>\n<meta property=\"og:image\" content=\"https:\/\/www.stara-baska-apartments.com\/wp-content\/uploads\/2016\/01\/StaraBaskaBeach45.jpg\" \/>\n\t<meta property=\"og:image:width\" content=\"1200\" \/>\n\t<meta property=\"og:image:height\" content=\"900\" \/>\n\t<meta property=\"og:image:type\" content=\"image\/jpeg\" \/>\n<meta name=\"twitter:card\" content=\"summary_large_image\" \/>\n<meta name=\"twitter:label1\" content=\"Szacowany czas czytania\" \/>\n\t<meta name=\"twitter:data1\" content=\"1 minuta\" \/>\n<script type=\"application\/ld+json\" class=\"yoast-schema-graph\">{\"@context\":\"https:\/\/schema.org\",\"@graph\":[{\"@type\":\"WebPage\",\"@id\":\"https:\/\/www.stara-baska-apartments.com\/pl\/rezerwacja\/\",\"url\":\"https:\/\/www.stara-baska-apartments.com\/pl\/rezerwacja\/\",\"name\":\"Rezerwacja - Stara Baska Apartamenty\",\"isPartOf\":{\"@id\":\"https:\/\/www.stara-baska-apartments.com\/pl\/#website\"},\"datePublished\":\"2016-03-10T09:29:29+00:00\",\"dateModified\":\"2025-11-17T13:01:12+00:00\",\"breadcrumb\":{\"@id\":\"https:\/\/www.stara-baska-apartments.com\/pl\/rezerwacja\/#breadcrumb\"},\"inLanguage\":\"pl-PL\",\"potentialAction\":[{\"@type\":\"ReadAction\",\"target\":[\"https:\/\/www.stara-baska-apartments.com\/pl\/rezerwacja\/\"]}]},{\"@type\":\"BreadcrumbList\",\"@id\":\"https:\/\/www.stara-baska-apartments.com\/pl\/rezerwacja\/#breadcrumb\",\"itemListElement\":[{\"@type\":\"ListItem\",\"position\":1,\"name\":\"Home\",\"item\":\"https:\/\/www.stara-baska-apartments.com\/pl\/\"},{\"@type\":\"ListItem\",\"position\":2,\"name\":\"Rezerwacja\"}]},{\"@type\":\"WebSite\",\"@id\":\"https:\/\/www.stara-baska-apartments.com\/pl\/#website\",\"url\":\"https:\/\/www.stara-baska-apartments.com\/pl\/\",\"name\":\"Stara Ba\u0161ka Apartments\",\"description\":\"The most beautiful place in Island of Krk\",\"publisher\":{\"@id\":\"https:\/\/www.stara-baska-apartments.com\/pl\/#\/schema\/person\/120af8770dbc486d4cb500abe5530bcc\"},\"potentialAction\":[{\"@type\":\"SearchAction\",\"target\":{\"@type\":\"EntryPoint\",\"urlTemplate\":\"https:\/\/www.stara-baska-apartments.com\/pl\/?s={search_term_string}\"},\"query-input\":{\"@type\":\"PropertyValueSpecification\",\"valueRequired\":true,\"valueName\":\"search_term_string\"}}],\"inLanguage\":\"pl-PL\"},{\"@type\":[\"Person\",\"Organization\"],\"@id\":\"https:\/\/www.stara-baska-apartments.com\/pl\/#\/schema\/person\/120af8770dbc486d4cb500abe5530bcc\",\"name\":\"jeva\",\"image\":{\"@type\":\"ImageObject\",\"inLanguage\":\"pl-PL\",\"@id\":\"https:\/\/www.stara-baska-apartments.com\/pl\/#\/schema\/person\/image\/\",\"url\":\"https:\/\/secure.gravatar.com\/avatar\/55f1bddcac228ed6431966f123da9a710604f3bdc2ca8190637ee6aa9f669d58?s=96&d=mm&r=g\",\"contentUrl\":\"https:\/\/secure.gravatar.com\/avatar\/55f1bddcac228ed6431966f123da9a710604f3bdc2ca8190637ee6aa9f669d58?s=96&d=mm&r=g\",\"caption\":\"jeva\"},\"logo\":{\"@id\":\"https:\/\/www.stara-baska-apartments.com\/pl\/#\/schema\/person\/image\/\"}}]}<\/script>\n<!-- \/ Yoast SEO plugin. -->","yoast_head_json":{"title":"Rezerwacja - Stara Baska Apartamenty","robots":{"index":"index","follow":"follow","max-snippet":"max-snippet:-1","max-image-preview":"max-image-preview:large","max-video-preview":"max-video-preview:-1"},"canonical":"https:\/\/www.stara-baska-apartments.com\/pl\/rezerwacja\/","og_locale":"pl_PL","og_type":"article","og_title":"Rezerwacja - Stara Baska Apartamenty","og_description":"W celu dokonania rezerwacji prosimy o wype\u0142nienie formularza lub o kontakt poprzez e-mail: stara.baska.apartments@gmail.com Op\u0142at\u0119 rezerwacyjn\u0105 (kaucj\u0119, depozyt) nale\u017cy ui\u015bci\u0107 przy rezerwacji. Bez wymaganej wp\u0142aty rezerwacja nie zostanie potwierdzona. Kaucja (op\u0142ata rezerwacyjna, depozyt) wynosi 30% ca\u0142kowitej kwoty, je\u017celi liczba dni jest wi\u0119ksza ni\u017c 3. Na 3 noce lub mniej wysoko\u015b\u0107[...]","og_url":"https:\/\/www.stara-baska-apartments.com\/pl\/rezerwacja\/","og_site_name":"Stara Ba\u0161ka Apartments","article_modified_time":"2025-11-17T13:01:12+00:00","og_image":[{"width":1200,"height":900,"url":"https:\/\/www.stara-baska-apartments.com\/wp-content\/uploads\/2016\/01\/StaraBaskaBeach45.jpg","type":"image\/jpeg"}],"twitter_card":"summary_large_image","twitter_misc":{"Szacowany czas czytania":"1 minuta"},"schema":{"@context":"https:\/\/schema.org","@graph":[{"@type":"WebPage","@id":"https:\/\/www.stara-baska-apartments.com\/pl\/rezerwacja\/","url":"https:\/\/www.stara-baska-apartments.com\/pl\/rezerwacja\/","name":"Rezerwacja - Stara Baska Apartamenty","isPartOf":{"@id":"https:\/\/www.stara-baska-apartments.com\/pl\/#website"},"datePublished":"2016-03-10T09:29:29+00:00","dateModified":"2025-11-17T13:01:12+00:00","breadcrumb":{"@id":"https:\/\/www.stara-baska-apartments.com\/pl\/rezerwacja\/#breadcrumb"},"inLanguage":"pl-PL","potentialAction":[{"@type":"ReadAction","target":["https:\/\/www.stara-baska-apartments.com\/pl\/rezerwacja\/"]}]},{"@type":"BreadcrumbList","@id":"https:\/\/www.stara-baska-apartments.com\/pl\/rezerwacja\/#breadcrumb","itemListElement":[{"@type":"ListItem","position":1,"name":"Home","item":"https:\/\/www.stara-baska-apartments.com\/pl\/"},{"@type":"ListItem","position":2,"name":"Rezerwacja"}]},{"@type":"WebSite","@id":"https:\/\/www.stara-baska-apartments.com\/pl\/#website","url":"https:\/\/www.stara-baska-apartments.com\/pl\/","name":"Stara Ba\u0161ka Apartments","description":"The most beautiful place in Island of Krk","publisher":{"@id":"https:\/\/www.stara-baska-apartments.com\/pl\/#\/schema\/person\/120af8770dbc486d4cb500abe5530bcc"},"potentialAction":[{"@type":"SearchAction","target":{"@type":"EntryPoint","urlTemplate":"https:\/\/www.stara-baska-apartments.com\/pl\/?s={search_term_string}"},"query-input":{"@type":"PropertyValueSpecification","valueRequired":true,"valueName":"search_term_string"}}],"inLanguage":"pl-PL"},{"@type":["Person","Organization"],"@id":"https:\/\/www.stara-baska-apartments.com\/pl\/#\/schema\/person\/120af8770dbc486d4cb500abe5530bcc","name":"jeva","image":{"@type":"ImageObject","inLanguage":"pl-PL","@id":"https:\/\/www.stara-baska-apartments.com\/pl\/#\/schema\/person\/image\/","url":"https:\/\/secure.gravatar.com\/avatar\/55f1bddcac228ed6431966f123da9a710604f3bdc2ca8190637ee6aa9f669d58?s=96&d=mm&r=g","contentUrl":"https:\/\/secure.gravatar.com\/avatar\/55f1bddcac228ed6431966f123da9a710604f3bdc2ca8190637ee6aa9f669d58?s=96&d=mm&r=g","caption":"jeva"},"logo":{"@id":"https:\/\/www.stara-baska-apartments.com\/pl\/#\/schema\/person\/image\/"}}]}},"_links":{"self":[{"href":"https:\/\/www.stara-baska-apartments.com\/pl\/wp-json\/wp\/v2\/pages\/1359","targetHints":{"allow":["GET"]}}],"collection":[{"href":"https:\/\/www.stara-baska-apartments.com\/pl\/wp-json\/wp\/v2\/pages"}],"about":[{"href":"https:\/\/www.stara-baska-apartments.com\/pl\/wp-json\/wp\/v2\/types\/page"}],"author":[{"embeddable":true,"href":"https:\/\/www.stara-baska-apartments.com\/pl\/wp-json\/wp\/v2\/users\/1"}],"replies":[{"embeddable":true,"href":"https:\/\/www.stara-baska-apartments.com\/pl\/wp-json\/wp\/v2\/comments?post=1359"}],"version-history":[{"count":3,"href":"https:\/\/www.stara-baska-apartments.com\/pl\/wp-json\/wp\/v2\/pages\/1359\/revisions"}],"predecessor-version":[{"id":3002,"href":"https:\/\/www.stara-baska-apartments.com\/pl\/wp-json\/wp\/v2\/pages\/1359\/revisions\/3002"}],"wp:attachment":[{"href":"https:\/\/www.stara-baska-apartments.com\/pl\/wp-json\/wp\/v2\/media?parent=1359"}],"curies":[{"name":"wp","href":"https:\/\/api.w.org\/{rel}","templated":true}]}}