{"id":1361,"date":"2016-03-10T10:38:08","date_gmt":"2016-03-10T09:38:08","guid":{"rendered":"http:\/\/www.stara-baska-apartments.com\/pl\/?page_id=1361"},"modified":"2016-03-10T10:38:08","modified_gmt":"2016-03-10T09:38:08","slug":"wyspa-krk","status":"publish","type":"page","link":"https:\/\/www.stara-baska-apartments.com\/pl\/wyspa-krk\/","title":{"rendered":"Wyspa Krk"},"content":{"rendered":"<div>\n<h4>Wyspa Krk, wraz z s\u0105siedni\u0105 wysp\u0105 Cres jest najwi\u0119ksz\u0105 wysp\u0105 w Chorwacji. Zosta\u0142a ona po\u0142\u0105czona z l\u0105dem mostem w 1980 roku co sprawi\u0142o, \u017ce sta\u0142a si\u0119 atrakcyjnym miejscem do \u017cycia i rozwoju turystyki.<\/h4>\n<p>&nbsp;<\/p>\n<\/div>\n<p><a href=\"http:\/\/www.stara-baska-apartments.com\/wp-content\/uploads\/2016\/01\/Krk-Bridge.jpg\" rel=\"fancybox[1361]\" rel=\"attachment wp-att-1001\"><img loading=\"lazy\" decoding=\"async\" class=\"aligncenter size-large wp-image-1001\" src=\"http:\/\/www.stara-baska-apartments.com\/wp-content\/uploads\/2016\/01\/Krk-Bridge-1024x245.jpg\" alt=\"Krk-Bridge\" width=\"640\" height=\"153\" srcset=\"https:\/\/www.stara-baska-apartments.com\/wp-content\/uploads\/2016\/01\/Krk-Bridge-1024x245.jpg 1024w, https:\/\/www.stara-baska-apartments.com\/wp-content\/uploads\/2016\/01\/Krk-Bridge-300x72.jpg 300w, https:\/\/www.stara-baska-apartments.com\/wp-content\/uploads\/2016\/01\/Krk-Bridge-768x183.jpg 768w, https:\/\/www.stara-baska-apartments.com\/wp-content\/uploads\/2016\/01\/Krk-Bridge-630x150.jpg 630w, https:\/\/www.stara-baska-apartments.com\/wp-content\/uploads\/2016\/01\/Krk-Bridge.jpg 1260w\" sizes=\"auto, (max-width: 640px) 100vw, 640px\" \/><\/a><\/p>\n<blockquote><p>Wyspa ma lotnisko czynne przez ca\u0142y rok, kt\u00f3ra przynosi jej bli\u017cej do reszty \u015bwiata.<\/p><\/blockquote>\n<p>Krk jest znana od czas\u00f3w antycznych jako &#8222;The Golden Island&#8221;, ze wzgl\u0119du na swoj\u0105 r\u00f3\u017cnorodno\u015b\u0107 i r\u00f3\u017cnorodn\u0105 morsk\u0105 i wiejsk\u0105 kuchni\u0119, go\u015bcinno\u015b\u0107 i \u0142agodny klimat, jak r\u00f3wnie\u017c dla na ludzi, kt\u00f3rzy zamieszkuj\u0105 wysp\u0119.<\/p>\n<p>Wi\u0119cej informacji ju\u017c wkr\u00f3tce na <a href=\"http:\/\/www.krk.hr\/\">oficjalnej stronie<\/a>.<\/p>\n","protected":false},"excerpt":{"rendered":"<p>Wyspa Krk, wraz z s\u0105siedni\u0105 wysp\u0105 Cres jest najwi\u0119ksz\u0105 wysp\u0105 w Chorwacji. Zosta\u0142a ona po\u0142\u0105czona z l\u0105dem mostem w 1980 roku co sprawi\u0142o, \u017ce sta\u0142a si\u0119 atrakcyjnym miejscem do \u017cycia i rozwoju turystyki. &nbsp; Wyspa ma lotnisko czynne przez ca\u0142y rok, kt\u00f3ra przynosi jej bli\u017cej do reszty \u015bwiata. Krk jest[&#8230;]<\/p>\n","protected":false},"author":1,"featured_media":0,"parent":0,"menu_order":0,"comment_status":"closed","ping_status":"closed","template":"","meta":{"sfsi_plus_gutenberg_text_before_share":"","sfsi_plus_gutenberg_show_text_before_share":"","sfsi_plus_gutenberg_icon_type":"","sfsi_plus_gutenberg_icon_alignemt":"","sfsi_plus_gutenburg_max_per_row":"","footnotes":""},"class_list":["post-1361","page","type-page","status-publish","hentry"],"yoast_head":"<!-- This site is optimized with the Yoast SEO plugin v26.9 - https:\/\/yoast.com\/product\/yoast-seo-wordpress\/ -->\n<title>Wyspa Krk - Chorwacja - Stara Baska Apartamenty<\/title>\n<meta name=\"description\" content=\"Wyspa Krk, wraz z s\u0105siedni\u0105 wysp\u0105 Cres, jest najwi\u0119ksz\u0105 wysp\u0105 w Chorwacji. Zosta\u0142a ona po\u0142\u0105czona z l\u0105dem mostem w 1980 roku.\" \/>\n<meta name=\"robots\" content=\"index, follow, max-snippet:-1, max-image-preview:large, max-video-preview:-1\" \/>\n<link rel=\"canonical\" href=\"https:\/\/www.stara-baska-apartments.com\/pl\/wyspa-krk\/\" \/>\n<meta property=\"og:locale\" content=\"pl_PL\" \/>\n<meta property=\"og:type\" content=\"article\" \/>\n<meta property=\"og:title\" content=\"Wyspa Krk - Chorwacja - Stara Baska Apartamenty\" \/>\n<meta property=\"og:description\" content=\"Wyspa Krk, wraz z s\u0105siedni\u0105 wysp\u0105 Cres, jest najwi\u0119ksz\u0105 wysp\u0105 w Chorwacji. Zosta\u0142a ona po\u0142\u0105czona z l\u0105dem mostem w 1980 roku.\" \/>\n<meta property=\"og:url\" content=\"https:\/\/www.stara-baska-apartments.com\/pl\/wyspa-krk\/\" \/>\n<meta property=\"og:site_name\" content=\"Stara Ba\u0161ka Apartments\" \/>\n<meta property=\"og:image\" content=\"http:\/\/www.stara-baska-apartments.com\/wp-content\/uploads\/2016\/01\/Krk-Bridge-1024x245.jpg\" \/>\n<meta name=\"twitter:card\" content=\"summary_large_image\" \/>\n<meta name=\"twitter:label1\" content=\"Szacowany czas czytania\" \/>\n\t<meta name=\"twitter:data1\" content=\"1 minuta\" \/>\n<script type=\"application\/ld+json\" class=\"yoast-schema-graph\">{\"@context\":\"https:\/\/schema.org\",\"@graph\":[{\"@type\":\"WebPage\",\"@id\":\"https:\/\/www.stara-baska-apartments.com\/pl\/wyspa-krk\/\",\"url\":\"https:\/\/www.stara-baska-apartments.com\/pl\/wyspa-krk\/\",\"name\":\"Wyspa Krk - Chorwacja - Stara Baska Apartamenty\",\"isPartOf\":{\"@id\":\"https:\/\/www.stara-baska-apartments.com\/pl\/#website\"},\"primaryImageOfPage\":{\"@id\":\"https:\/\/www.stara-baska-apartments.com\/pl\/wyspa-krk\/#primaryimage\"},\"image\":{\"@id\":\"https:\/\/www.stara-baska-apartments.com\/pl\/wyspa-krk\/#primaryimage\"},\"thumbnailUrl\":\"http:\/\/www.stara-baska-apartments.com\/wp-content\/uploads\/2016\/01\/Krk-Bridge-1024x245.jpg\",\"datePublished\":\"2016-03-10T09:38:08+00:00\",\"description\":\"Wyspa Krk, wraz z s\u0105siedni\u0105 wysp\u0105 Cres, jest najwi\u0119ksz\u0105 wysp\u0105 w Chorwacji. Zosta\u0142a ona po\u0142\u0105czona z l\u0105dem mostem w 1980 roku.\",\"breadcrumb\":{\"@id\":\"https:\/\/www.stara-baska-apartments.com\/pl\/wyspa-krk\/#breadcrumb\"},\"inLanguage\":\"pl-PL\",\"potentialAction\":[{\"@type\":\"ReadAction\",\"target\":[\"https:\/\/www.stara-baska-apartments.com\/pl\/wyspa-krk\/\"]}]},{\"@type\":\"ImageObject\",\"inLanguage\":\"pl-PL\",\"@id\":\"https:\/\/www.stara-baska-apartments.com\/pl\/wyspa-krk\/#primaryimage\",\"url\":\"http:\/\/www.stara-baska-apartments.com\/wp-content\/uploads\/2016\/01\/Krk-Bridge-1024x245.jpg\",\"contentUrl\":\"http:\/\/www.stara-baska-apartments.com\/wp-content\/uploads\/2016\/01\/Krk-Bridge-1024x245.jpg\"},{\"@type\":\"BreadcrumbList\",\"@id\":\"https:\/\/www.stara-baska-apartments.com\/pl\/wyspa-krk\/#breadcrumb\",\"itemListElement\":[{\"@type\":\"ListItem\",\"position\":1,\"name\":\"Home\",\"item\":\"https:\/\/www.stara-baska-apartments.com\/pl\/\"},{\"@type\":\"ListItem\",\"position\":2,\"name\":\"Wyspa Krk\"}]},{\"@type\":\"WebSite\",\"@id\":\"https:\/\/www.stara-baska-apartments.com\/pl\/#website\",\"url\":\"https:\/\/www.stara-baska-apartments.com\/pl\/\",\"name\":\"Stara Ba\u0161ka Apartments\",\"description\":\"The most beautiful place in Island of Krk\",\"publisher\":{\"@id\":\"https:\/\/www.stara-baska-apartments.com\/pl\/#\/schema\/person\/120af8770dbc486d4cb500abe5530bcc\"},\"potentialAction\":[{\"@type\":\"SearchAction\",\"target\":{\"@type\":\"EntryPoint\",\"urlTemplate\":\"https:\/\/www.stara-baska-apartments.com\/pl\/?s={search_term_string}\"},\"query-input\":{\"@type\":\"PropertyValueSpecification\",\"valueRequired\":true,\"valueName\":\"search_term_string\"}}],\"inLanguage\":\"pl-PL\"},{\"@type\":[\"Person\",\"Organization\"],\"@id\":\"https:\/\/www.stara-baska-apartments.com\/pl\/#\/schema\/person\/120af8770dbc486d4cb500abe5530bcc\",\"name\":\"jeva\",\"image\":{\"@type\":\"ImageObject\",\"inLanguage\":\"pl-PL\",\"@id\":\"https:\/\/www.stara-baska-apartments.com\/pl\/#\/schema\/person\/image\/\",\"url\":\"https:\/\/secure.gravatar.com\/avatar\/55f1bddcac228ed6431966f123da9a710604f3bdc2ca8190637ee6aa9f669d58?s=96&d=mm&r=g\",\"contentUrl\":\"https:\/\/secure.gravatar.com\/avatar\/55f1bddcac228ed6431966f123da9a710604f3bdc2ca8190637ee6aa9f669d58?s=96&d=mm&r=g\",\"caption\":\"jeva\"},\"logo\":{\"@id\":\"https:\/\/www.stara-baska-apartments.com\/pl\/#\/schema\/person\/image\/\"}}]}<\/script>\n<!-- \/ Yoast SEO plugin. -->","yoast_head_json":{"title":"Wyspa Krk - Chorwacja - Stara Baska Apartamenty","description":"Wyspa Krk, wraz z s\u0105siedni\u0105 wysp\u0105 Cres, jest najwi\u0119ksz\u0105 wysp\u0105 w Chorwacji. Zosta\u0142a ona po\u0142\u0105czona z l\u0105dem mostem w 1980 roku.","robots":{"index":"index","follow":"follow","max-snippet":"max-snippet:-1","max-image-preview":"max-image-preview:large","max-video-preview":"max-video-preview:-1"},"canonical":"https:\/\/www.stara-baska-apartments.com\/pl\/wyspa-krk\/","og_locale":"pl_PL","og_type":"article","og_title":"Wyspa Krk - Chorwacja - Stara Baska Apartamenty","og_description":"Wyspa Krk, wraz z s\u0105siedni\u0105 wysp\u0105 Cres, jest najwi\u0119ksz\u0105 wysp\u0105 w Chorwacji. Zosta\u0142a ona po\u0142\u0105czona z l\u0105dem mostem w 1980 roku.","og_url":"https:\/\/www.stara-baska-apartments.com\/pl\/wyspa-krk\/","og_site_name":"Stara Ba\u0161ka Apartments","og_image":[{"url":"http:\/\/www.stara-baska-apartments.com\/wp-content\/uploads\/2016\/01\/Krk-Bridge-1024x245.jpg","type":"","width":"","height":""}],"twitter_card":"summary_large_image","twitter_misc":{"Szacowany czas czytania":"1 minuta"},"schema":{"@context":"https:\/\/schema.org","@graph":[{"@type":"WebPage","@id":"https:\/\/www.stara-baska-apartments.com\/pl\/wyspa-krk\/","url":"https:\/\/www.stara-baska-apartments.com\/pl\/wyspa-krk\/","name":"Wyspa Krk - Chorwacja - Stara Baska Apartamenty","isPartOf":{"@id":"https:\/\/www.stara-baska-apartments.com\/pl\/#website"},"primaryImageOfPage":{"@id":"https:\/\/www.stara-baska-apartments.com\/pl\/wyspa-krk\/#primaryimage"},"image":{"@id":"https:\/\/www.stara-baska-apartments.com\/pl\/wyspa-krk\/#primaryimage"},"thumbnailUrl":"http:\/\/www.stara-baska-apartments.com\/wp-content\/uploads\/2016\/01\/Krk-Bridge-1024x245.jpg","datePublished":"2016-03-10T09:38:08+00:00","description":"Wyspa Krk, wraz z s\u0105siedni\u0105 wysp\u0105 Cres, jest najwi\u0119ksz\u0105 wysp\u0105 w Chorwacji. Zosta\u0142a ona po\u0142\u0105czona z l\u0105dem mostem w 1980 roku.","breadcrumb":{"@id":"https:\/\/www.stara-baska-apartments.com\/pl\/wyspa-krk\/#breadcrumb"},"inLanguage":"pl-PL","potentialAction":[{"@type":"ReadAction","target":["https:\/\/www.stara-baska-apartments.com\/pl\/wyspa-krk\/"]}]},{"@type":"ImageObject","inLanguage":"pl-PL","@id":"https:\/\/www.stara-baska-apartments.com\/pl\/wyspa-krk\/#primaryimage","url":"http:\/\/www.stara-baska-apartments.com\/wp-content\/uploads\/2016\/01\/Krk-Bridge-1024x245.jpg","contentUrl":"http:\/\/www.stara-baska-apartments.com\/wp-content\/uploads\/2016\/01\/Krk-Bridge-1024x245.jpg"},{"@type":"BreadcrumbList","@id":"https:\/\/www.stara-baska-apartments.com\/pl\/wyspa-krk\/#breadcrumb","itemListElement":[{"@type":"ListItem","position":1,"name":"Home","item":"https:\/\/www.stara-baska-apartments.com\/pl\/"},{"@type":"ListItem","position":2,"name":"Wyspa Krk"}]},{"@type":"WebSite","@id":"https:\/\/www.stara-baska-apartments.com\/pl\/#website","url":"https:\/\/www.stara-baska-apartments.com\/pl\/","name":"Stara Ba\u0161ka Apartments","description":"The most beautiful place in Island of Krk","publisher":{"@id":"https:\/\/www.stara-baska-apartments.com\/pl\/#\/schema\/person\/120af8770dbc486d4cb500abe5530bcc"},"potentialAction":[{"@type":"SearchAction","target":{"@type":"EntryPoint","urlTemplate":"https:\/\/www.stara-baska-apartments.com\/pl\/?s={search_term_string}"},"query-input":{"@type":"PropertyValueSpecification","valueRequired":true,"valueName":"search_term_string"}}],"inLanguage":"pl-PL"},{"@type":["Person","Organization"],"@id":"https:\/\/www.stara-baska-apartments.com\/pl\/#\/schema\/person\/120af8770dbc486d4cb500abe5530bcc","name":"jeva","image":{"@type":"ImageObject","inLanguage":"pl-PL","@id":"https:\/\/www.stara-baska-apartments.com\/pl\/#\/schema\/person\/image\/","url":"https:\/\/secure.gravatar.com\/avatar\/55f1bddcac228ed6431966f123da9a710604f3bdc2ca8190637ee6aa9f669d58?s=96&d=mm&r=g","contentUrl":"https:\/\/secure.gravatar.com\/avatar\/55f1bddcac228ed6431966f123da9a710604f3bdc2ca8190637ee6aa9f669d58?s=96&d=mm&r=g","caption":"jeva"},"logo":{"@id":"https:\/\/www.stara-baska-apartments.com\/pl\/#\/schema\/person\/image\/"}}]}},"_links":{"self":[{"href":"https:\/\/www.stara-baska-apartments.com\/pl\/wp-json\/wp\/v2\/pages\/1361","targetHints":{"allow":["GET"]}}],"collection":[{"href":"https:\/\/www.stara-baska-apartments.com\/pl\/wp-json\/wp\/v2\/pages"}],"about":[{"href":"https:\/\/www.stara-baska-apartments.com\/pl\/wp-json\/wp\/v2\/types\/page"}],"author":[{"embeddable":true,"href":"https:\/\/www.stara-baska-apartments.com\/pl\/wp-json\/wp\/v2\/users\/1"}],"replies":[{"embeddable":true,"href":"https:\/\/www.stara-baska-apartments.com\/pl\/wp-json\/wp\/v2\/comments?post=1361"}],"version-history":[{"count":0,"href":"https:\/\/www.stara-baska-apartments.com\/pl\/wp-json\/wp\/v2\/pages\/1361\/revisions"}],"wp:attachment":[{"href":"https:\/\/www.stara-baska-apartments.com\/pl\/wp-json\/wp\/v2\/media?parent=1361"}],"curies":[{"name":"wp","href":"https:\/\/api.w.org\/{rel}","templated":true}]}}