{"id":1363,"date":"2016-03-10T10:44:48","date_gmt":"2016-03-10T09:44:48","guid":{"rendered":"http:\/\/www.stara-baska-apartments.com\/pl\/?page_id=1363"},"modified":"2016-03-10T13:22:28","modified_gmt":"2016-03-10T12:22:28","slug":"wyspa-krk-chorwacja","status":"publish","type":"page","link":"https:\/\/www.stara-baska-apartments.com\/pl\/","title":{"rendered":"Wyspa Krk &#8211; Chorwacja"},"content":{"rendered":"<h3>Witamy na stronie Stara Baska Apartamenty<\/h3>\n<p>Stara Baska Apartamenty s\u0105 ukryte w ma\u0142ej zatoce na <a href=\"http:\/\/www.stara-baska-apartments.com\/pl\/wyspa-krk\/\">wyspie Krk<\/a>, w miejscowo\u015bci <a href=\"http:\/\/www.stara-baska-apartments.com\/pl\/stara-baska\/\">Stara Ba\u0161ka<\/a>, gdzie czas p\u0142ynie wolniej ni\u017c zwykle. \u017bycie tutaj jest bardzo proste, a \u017cycie na wyspie takie cz\u0119sto jest. Nie mo\u017cemy powiedzie\u0107, \u017ce to dzi\u0119ki nami jest tutaj atmosfera, kt\u00f3ra nas otacza. To wszystko Matka Natura, ale na pewno korzystamy z tych dar\u00f3w. Dni s\u0105 s\u0142oneczne i jasne, b\u0142\u0119kitne morze rozci\u0105ga si\u0119 tak daleko, jak oczy mog\u0105 zobaczy\u0107 i przyjemne spokojne noce gwarantuj\u0105 spokojny wypoczynek. Nadszed\u0142 czas, aby uda\u0107 si\u0119 na zas\u0142u\u017cony wypoczynek!<\/p>\n<p><a href=\"http:\/\/www.stara-baska-apartments.com\/wp-content\/uploads\/2016\/01\/StaraBaskaHouse02.jpg\" rel=\"fancybox[1363]\" rel=\"attachment wp-att-897\"><img loading=\"lazy\" decoding=\"async\" class=\"alignleft wp-image-897 size-medium\" src=\"http:\/\/www.stara-baska-apartments.com\/wp-content\/uploads\/2016\/01\/StaraBaskaHouse02-300x111.jpg\" alt=\"Stara Baska Apartments\" width=\"300\" height=\"111\" srcset=\"https:\/\/www.stara-baska-apartments.com\/wp-content\/uploads\/2016\/01\/StaraBaskaHouse02-300x111.jpg 300w, https:\/\/www.stara-baska-apartments.com\/wp-content\/uploads\/2016\/01\/StaraBaskaHouse02-768x283.jpg 768w, https:\/\/www.stara-baska-apartments.com\/wp-content\/uploads\/2016\/01\/StaraBaskaHouse02-920x343.jpg 920w, https:\/\/www.stara-baska-apartments.com\/wp-content\/uploads\/2016\/01\/StaraBaskaHouse02.jpg 930w\" sizes=\"auto, (max-width: 300px) 100vw, 300px\" \/><\/a><\/p>\n<blockquote><p>Dwa przestronne i gustownie urz\u0105dzone apartamenty o nazwie &#8222;Galun&#8221; i &#8222;Rosso&#8221; s\u0105 cz\u0119\u015bci\u0105 naszego pi\u0119knego domu w miejscowo\u015bci Stara Ba\u0161ka, znajduj\u0105 si\u0119 w pobli\u017cu pla\u017cy. Idealne miejsce dla Ciebie, twoich przyjaci\u00f3\u0142 i rodziny!<br \/>\n&nbsp;<\/p><\/blockquote>\n<p><iframe loading=\"lazy\" src=\"https:\/\/www.youtube.com\/embed\/xLVsKqYebtY?rel=0\" width=\"560\" height=\"315\" frameborder=\"0\" allowfullscreen=\"allowfullscreen\"><\/iframe><\/p>\n<p>Wyobra\u017a sobie, \u017ce tu\u017c po przebudzeniu z przyjemnej nocy spoczynku, wyjdziesz na przestronnym tarasie, aby oddycha\u0107 \u015bwie\u017cym powietrzu poranka i pierwsz\u0105 rzecz\u0105, wida\u0107 wyra\u017ane b\u0142\u0119kitne morze tak daleko, jak oczy mog\u0105 dotrze\u0107. W odleg\u0142o\u015bci kalaj\u0105c w morzu i falami jest ma\u0142a wyspa nazywa Galun. Mo\u017cesz wybra\u0107, aby wype\u0142ni\u0107 sw\u00f3j dzie\u0144 z zabawnych przyg\u00f3d i ciekawych rzeczy, albo po prostu nic nie robi\u0107 i cieszy\u0107 si\u0119 s\u0142o\u0144cem i morzem na jednej z wielu <a href=\"http:\/\/www.stara-baska-apartments.com\/pl\/zdjecia\/spojrz-na-plaze-stara-baska\/\">pla\u017c wybrze\u017cy Starej Ba\u0161ce<\/a>. Po tym wszystkim, super jest nic nie robi\u0107, po odpoczynku! Gdy nadchodzi wiecz\u00f3r, a Ty cieszysz si\u0119 kieliszkiem wina ze swoja wyj\u0105tkowa osoba, widok jest ca\u0142kowicie przekszta\u0142cony przez zach\u00f3d s\u0142o\u0144ca, kt\u00f3ry maluje czerwony horyzont, gdy ustawia si\u0119 w morze. Natura zapewnia doskona\u0142\u0105 \u015bcie\u017ck\u0119 d\u017awi\u0119kow\u0105 jak \u015bpiew \u015bwierszczy z ciep\u0142\u0105 bryz\u0105 i szumem fal od najbli\u017cszej pla\u017cy.<\/p>\n<p><div id='gallery-1' class='gallery galleryid-1363 gallery-columns-8 gallery-size-ci_featgal_small_thumb'><figure class='gallery-item'>\n\t\t\t<div class='gallery-icon portrait'>\n\t\t\t\t<a href='https:\/\/www.stara-baska-apartments.com\/wp-content\/uploads\/2015\/12\/StaraBaskaGalun0667.jpg' rel=\"fancybox[1363]\" rel=\"fancybox[1363]\"><img loading=\"lazy\" decoding=\"async\" width=\"100\" height=\"100\" src=\"https:\/\/www.stara-baska-apartments.com\/wp-content\/uploads\/2015\/12\/StaraBaskaGalun0667-100x100.jpg\" class=\"attachment-ci_featgal_small_thumb size-ci_featgal_small_thumb\" alt=\"\" srcset=\"https:\/\/www.stara-baska-apartments.com\/wp-content\/uploads\/2015\/12\/StaraBaskaGalun0667-100x100.jpg 100w, https:\/\/www.stara-baska-apartments.com\/wp-content\/uploads\/2015\/12\/StaraBaskaGalun0667-150x150.jpg 150w\" sizes=\"auto, (max-width: 100px) 100vw, 100px\" \/><\/a>\n\t\t\t<\/div><\/figure><figure class='gallery-item'>\n\t\t\t<div class='gallery-icon portrait'>\n\t\t\t\t<a href='https:\/\/www.stara-baska-apartments.com\/wp-content\/uploads\/2015\/12\/StaraBaskaGalun58.jpg' rel=\"fancybox[1363]\" rel=\"fancybox[1363]\"><img loading=\"lazy\" decoding=\"async\" width=\"100\" height=\"100\" src=\"https:\/\/www.stara-baska-apartments.com\/wp-content\/uploads\/2015\/12\/StaraBaskaGalun58-100x100.jpg\" class=\"attachment-ci_featgal_small_thumb size-ci_featgal_small_thumb\" alt=\"\" srcset=\"https:\/\/www.stara-baska-apartments.com\/wp-content\/uploads\/2015\/12\/StaraBaskaGalun58-100x100.jpg 100w, https:\/\/www.stara-baska-apartments.com\/wp-content\/uploads\/2015\/12\/StaraBaskaGalun58-150x150.jpg 150w\" sizes=\"auto, (max-width: 100px) 100vw, 100px\" \/><\/a>\n\t\t\t<\/div><\/figure><figure class='gallery-item'>\n\t\t\t<div class='gallery-icon portrait'>\n\t\t\t\t<a href='https:\/\/www.stara-baska-apartments.com\/wp-content\/uploads\/2015\/12\/StaraBaskaGalun0666.jpg' rel=\"fancybox[1363]\" rel=\"fancybox[1363]\"><img loading=\"lazy\" decoding=\"async\" width=\"100\" height=\"100\" src=\"https:\/\/www.stara-baska-apartments.com\/wp-content\/uploads\/2015\/12\/StaraBaskaGalun0666-100x100.jpg\" class=\"attachment-ci_featgal_small_thumb size-ci_featgal_small_thumb\" alt=\"\" srcset=\"https:\/\/www.stara-baska-apartments.com\/wp-content\/uploads\/2015\/12\/StaraBaskaGalun0666-100x100.jpg 100w, https:\/\/www.stara-baska-apartments.com\/wp-content\/uploads\/2015\/12\/StaraBaskaGalun0666-150x150.jpg 150w\" sizes=\"auto, (max-width: 100px) 100vw, 100px\" \/><\/a>\n\t\t\t<\/div><\/figure><figure class='gallery-item'>\n\t\t\t<div class='gallery-icon portrait'>\n\t\t\t\t<a href='https:\/\/www.stara-baska-apartments.com\/wp-content\/uploads\/2016\/01\/StaraBaskaPlace03.jpg' rel=\"fancybox[1363]\" rel=\"fancybox[1363]\"><img loading=\"lazy\" decoding=\"async\" width=\"100\" height=\"100\" src=\"https:\/\/www.stara-baska-apartments.com\/wp-content\/uploads\/2016\/01\/StaraBaskaPlace03-100x100.jpg\" class=\"attachment-ci_featgal_small_thumb size-ci_featgal_small_thumb\" alt=\"View of Stara Baska\" srcset=\"https:\/\/www.stara-baska-apartments.com\/wp-content\/uploads\/2016\/01\/StaraBaskaPlace03-100x100.jpg 100w, https:\/\/www.stara-baska-apartments.com\/wp-content\/uploads\/2016\/01\/StaraBaskaPlace03-150x150.jpg 150w\" sizes=\"auto, (max-width: 100px) 100vw, 100px\" \/><\/a>\n\t\t\t<\/div><\/figure><figure class='gallery-item'>\n\t\t\t<div class='gallery-icon portrait'>\n\t\t\t\t<a href='https:\/\/www.stara-baska-apartments.com\/wp-content\/uploads\/2015\/12\/StaraBaskaBeach53.jpg' rel=\"fancybox[1363]\" rel=\"fancybox[1363]\"><img loading=\"lazy\" decoding=\"async\" width=\"100\" height=\"100\" src=\"https:\/\/www.stara-baska-apartments.com\/wp-content\/uploads\/2015\/12\/StaraBaskaBeach53-100x100.jpg\" class=\"attachment-ci_featgal_small_thumb size-ci_featgal_small_thumb\" alt=\"\" srcset=\"https:\/\/www.stara-baska-apartments.com\/wp-content\/uploads\/2015\/12\/StaraBaskaBeach53-100x100.jpg 100w, https:\/\/www.stara-baska-apartments.com\/wp-content\/uploads\/2015\/12\/StaraBaskaBeach53-150x150.jpg 150w\" sizes=\"auto, (max-width: 100px) 100vw, 100px\" \/><\/a>\n\t\t\t<\/div><\/figure><figure class='gallery-item'>\n\t\t\t<div class='gallery-icon portrait'>\n\t\t\t\t<a href='https:\/\/www.stara-baska-apartments.com\/wp-content\/uploads\/2012\/07\/StaraBaskaPlace22.jpg' rel=\"fancybox[1363]\" rel=\"fancybox[1363]\"><img loading=\"lazy\" decoding=\"async\" width=\"100\" height=\"100\" src=\"https:\/\/www.stara-baska-apartments.com\/wp-content\/uploads\/2012\/07\/StaraBaskaPlace22-100x100.jpg\" class=\"attachment-ci_featgal_small_thumb size-ci_featgal_small_thumb\" alt=\"\" srcset=\"https:\/\/www.stara-baska-apartments.com\/wp-content\/uploads\/2012\/07\/StaraBaskaPlace22-100x100.jpg 100w, https:\/\/www.stara-baska-apartments.com\/wp-content\/uploads\/2012\/07\/StaraBaskaPlace22-150x150.jpg 150w\" sizes=\"auto, (max-width: 100px) 100vw, 100px\" \/><\/a>\n\t\t\t<\/div><\/figure><figure class='gallery-item'>\n\t\t\t<div class='gallery-icon landscape'>\n\t\t\t\t<a href='https:\/\/www.stara-baska-apartments.com\/wp-content\/uploads\/2016\/01\/StaraBaskaPlace08.jpg' rel=\"fancybox[1363]\" rel=\"fancybox[1363]\"><img loading=\"lazy\" decoding=\"async\" width=\"100\" height=\"100\" src=\"https:\/\/www.stara-baska-apartments.com\/wp-content\/uploads\/2016\/01\/StaraBaskaPlace08-100x100.jpg\" class=\"attachment-ci_featgal_small_thumb size-ci_featgal_small_thumb\" alt=\"\" srcset=\"https:\/\/www.stara-baska-apartments.com\/wp-content\/uploads\/2016\/01\/StaraBaskaPlace08-100x100.jpg 100w, https:\/\/www.stara-baska-apartments.com\/wp-content\/uploads\/2016\/01\/StaraBaskaPlace08-150x150.jpg 150w\" sizes=\"auto, (max-width: 100px) 100vw, 100px\" \/><\/a>\n\t\t\t<\/div><\/figure><figure class='gallery-item'>\n\t\t\t<div class='gallery-icon landscape'>\n\t\t\t\t<a href='https:\/\/www.stara-baska-apartments.com\/wp-content\/uploads\/2016\/01\/StaraBaskaPlace09.jpg' rel=\"fancybox[1363]\" rel=\"fancybox[1363]\"><img loading=\"lazy\" decoding=\"async\" width=\"100\" height=\"100\" src=\"https:\/\/www.stara-baska-apartments.com\/wp-content\/uploads\/2016\/01\/StaraBaskaPlace09-100x100.jpg\" class=\"attachment-ci_featgal_small_thumb size-ci_featgal_small_thumb\" alt=\"sunset\" srcset=\"https:\/\/www.stara-baska-apartments.com\/wp-content\/uploads\/2016\/01\/StaraBaskaPlace09-100x100.jpg 100w, https:\/\/www.stara-baska-apartments.com\/wp-content\/uploads\/2016\/01\/StaraBaskaPlace09-150x150.jpg 150w\" sizes=\"auto, (max-width: 100px) 100vw, 100px\" \/><\/a>\n\t\t\t<\/div><\/figure>\n\t\t<\/div>\n<br \/>\n&nbsp;<br \/>\n&nbsp;<br \/>\n&nbsp;<br \/>\n&nbsp;<br \/>\n&nbsp;<\/p>\n","protected":false},"excerpt":{"rendered":"<p>Witamy na stronie Stara Baska Apartamenty Stara Baska Apartamenty s\u0105 ukryte w ma\u0142ej zatoce na wyspie Krk, w miejscowo\u015bci Stara Ba\u0161ka, gdzie czas p\u0142ynie wolniej ni\u017c zwykle. \u017bycie tutaj jest bardzo proste, a \u017cycie na wyspie takie cz\u0119sto jest. Nie mo\u017cemy powiedzie\u0107, \u017ce to dzi\u0119ki nami jest tutaj atmosfera, kt\u00f3ra[&#8230;]<\/p>\n","protected":false},"author":1,"featured_media":0,"parent":0,"menu_order":0,"comment_status":"open","ping_status":"open","template":"template-front.php","meta":{"sfsi_plus_gutenberg_text_before_share":"","sfsi_plus_gutenberg_show_text_before_share":"","sfsi_plus_gutenberg_icon_type":"","sfsi_plus_gutenberg_icon_alignemt":"","sfsi_plus_gutenburg_max_per_row":"","footnotes":""},"class_list":["post-1363","page","type-page","status-publish","hentry"],"yoast_head":"<!-- This site is optimized with the Yoast SEO plugin v26.9 - https:\/\/yoast.com\/product\/yoast-seo-wordpress\/ -->\n<title>Wyspa Krk - Chorwacja - Stara Baska Apartamenty<\/title>\n<meta name=\"description\" content=\"Stara Baska Apartamenty s\u0105 cz\u0119\u015bci\u0105 naszego pi\u0119knego domu w miejscowo\u015bci Stara Ba\u0161ka, kt\u00f3ry znajduje si\u0119 w pobli\u017cu pla\u017cy. Idealne miejsce dla Ciebie!\" \/>\n<meta name=\"robots\" content=\"index, follow, max-snippet:-1, max-image-preview:large, max-video-preview:-1\" \/>\n<link rel=\"canonical\" href=\"https:\/\/www.stara-baska-apartments.com\/pl\/\" \/>\n<meta property=\"og:locale\" content=\"pl_PL\" \/>\n<meta property=\"og:type\" content=\"article\" \/>\n<meta property=\"og:title\" content=\"Wyspa Krk - Chorwacja - Stara Baska Apartamenty\" \/>\n<meta property=\"og:description\" content=\"Stara Baska Apartamenty s\u0105 cz\u0119\u015bci\u0105 naszego pi\u0119knego domu w miejscowo\u015bci Stara Ba\u0161ka, kt\u00f3ry znajduje si\u0119 w pobli\u017cu pla\u017cy. Idealne miejsce dla Ciebie!\" \/>\n<meta property=\"og:url\" content=\"https:\/\/www.stara-baska-apartments.com\/pl\/\" \/>\n<meta property=\"og:site_name\" content=\"Stara Ba\u0161ka Apartments\" \/>\n<meta property=\"article:modified_time\" content=\"2016-03-10T12:22:28+00:00\" \/>\n<meta property=\"og:image\" content=\"https:\/\/www.stara-baska-apartments.com\/wp-content\/uploads\/2015\/12\/StaraBaskaGalun0667-100x100.jpg\" \/>\n<meta name=\"twitter:card\" content=\"summary_large_image\" \/>\n<meta name=\"twitter:label1\" content=\"Szacowany czas czytania\" \/>\n\t<meta name=\"twitter:data1\" content=\"2 minuty\" \/>\n<script type=\"application\/ld+json\" class=\"yoast-schema-graph\">{\"@context\":\"https:\/\/schema.org\",\"@graph\":[{\"@type\":\"WebPage\",\"@id\":\"https:\/\/www.stara-baska-apartments.com\/pl\/\",\"url\":\"https:\/\/www.stara-baska-apartments.com\/pl\/\",\"name\":\"Wyspa Krk - Chorwacja - Stara Baska Apartamenty\",\"isPartOf\":{\"@id\":\"https:\/\/www.stara-baska-apartments.com\/pl\/#website\"},\"primaryImageOfPage\":{\"@id\":\"https:\/\/www.stara-baska-apartments.com\/pl\/#primaryimage\"},\"image\":{\"@id\":\"https:\/\/www.stara-baska-apartments.com\/pl\/#primaryimage\"},\"thumbnailUrl\":\"http:\/\/www.stara-baska-apartments.com\/wp-content\/uploads\/2016\/01\/StaraBaskaHouse02-300x111.jpg\",\"datePublished\":\"2016-03-10T09:44:48+00:00\",\"dateModified\":\"2016-03-10T12:22:28+00:00\",\"description\":\"Stara Baska Apartamenty s\u0105 cz\u0119\u015bci\u0105 naszego pi\u0119knego domu w miejscowo\u015bci Stara Ba\u0161ka, kt\u00f3ry znajduje si\u0119 w pobli\u017cu pla\u017cy. Idealne miejsce dla Ciebie!\",\"breadcrumb\":{\"@id\":\"https:\/\/www.stara-baska-apartments.com\/pl\/#breadcrumb\"},\"inLanguage\":\"pl-PL\",\"potentialAction\":[{\"@type\":\"ReadAction\",\"target\":[\"https:\/\/www.stara-baska-apartments.com\/pl\/\"]}]},{\"@type\":\"ImageObject\",\"inLanguage\":\"pl-PL\",\"@id\":\"https:\/\/www.stara-baska-apartments.com\/pl\/#primaryimage\",\"url\":\"http:\/\/www.stara-baska-apartments.com\/wp-content\/uploads\/2016\/01\/StaraBaskaHouse02-300x111.jpg\",\"contentUrl\":\"http:\/\/www.stara-baska-apartments.com\/wp-content\/uploads\/2016\/01\/StaraBaskaHouse02-300x111.jpg\"},{\"@type\":\"BreadcrumbList\",\"@id\":\"https:\/\/www.stara-baska-apartments.com\/pl\/#breadcrumb\",\"itemListElement\":[{\"@type\":\"ListItem\",\"position\":1,\"name\":\"Home\",\"item\":\"https:\/\/www.stara-baska-apartments.com\/pl\/\"},{\"@type\":\"ListItem\",\"position\":2,\"name\":\"Wyspa Krk &#8211; Chorwacja\"}]},{\"@type\":\"WebSite\",\"@id\":\"https:\/\/www.stara-baska-apartments.com\/pl\/#website\",\"url\":\"https:\/\/www.stara-baska-apartments.com\/pl\/\",\"name\":\"Stara Ba\u0161ka Apartments\",\"description\":\"The most beautiful place in Island of Krk\",\"publisher\":{\"@id\":\"https:\/\/www.stara-baska-apartments.com\/pl\/#\/schema\/person\/120af8770dbc486d4cb500abe5530bcc\"},\"potentialAction\":[{\"@type\":\"SearchAction\",\"target\":{\"@type\":\"EntryPoint\",\"urlTemplate\":\"https:\/\/www.stara-baska-apartments.com\/pl\/?s={search_term_string}\"},\"query-input\":{\"@type\":\"PropertyValueSpecification\",\"valueRequired\":true,\"valueName\":\"search_term_string\"}}],\"inLanguage\":\"pl-PL\"},{\"@type\":[\"Person\",\"Organization\"],\"@id\":\"https:\/\/www.stara-baska-apartments.com\/pl\/#\/schema\/person\/120af8770dbc486d4cb500abe5530bcc\",\"name\":\"jeva\",\"image\":{\"@type\":\"ImageObject\",\"inLanguage\":\"pl-PL\",\"@id\":\"https:\/\/www.stara-baska-apartments.com\/pl\/#\/schema\/person\/image\/\",\"url\":\"https:\/\/secure.gravatar.com\/avatar\/55f1bddcac228ed6431966f123da9a710604f3bdc2ca8190637ee6aa9f669d58?s=96&d=mm&r=g\",\"contentUrl\":\"https:\/\/secure.gravatar.com\/avatar\/55f1bddcac228ed6431966f123da9a710604f3bdc2ca8190637ee6aa9f669d58?s=96&d=mm&r=g\",\"caption\":\"jeva\"},\"logo\":{\"@id\":\"https:\/\/www.stara-baska-apartments.com\/pl\/#\/schema\/person\/image\/\"}}]}<\/script>\n<!-- \/ Yoast SEO plugin. -->","yoast_head_json":{"title":"Wyspa Krk - Chorwacja - Stara Baska Apartamenty","description":"Stara Baska Apartamenty s\u0105 cz\u0119\u015bci\u0105 naszego pi\u0119knego domu w miejscowo\u015bci Stara Ba\u0161ka, kt\u00f3ry znajduje si\u0119 w pobli\u017cu pla\u017cy. Idealne miejsce dla Ciebie!","robots":{"index":"index","follow":"follow","max-snippet":"max-snippet:-1","max-image-preview":"max-image-preview:large","max-video-preview":"max-video-preview:-1"},"canonical":"https:\/\/www.stara-baska-apartments.com\/pl\/","og_locale":"pl_PL","og_type":"article","og_title":"Wyspa Krk - Chorwacja - Stara Baska Apartamenty","og_description":"Stara Baska Apartamenty s\u0105 cz\u0119\u015bci\u0105 naszego pi\u0119knego domu w miejscowo\u015bci Stara Ba\u0161ka, kt\u00f3ry znajduje si\u0119 w pobli\u017cu pla\u017cy. Idealne miejsce dla Ciebie!","og_url":"https:\/\/www.stara-baska-apartments.com\/pl\/","og_site_name":"Stara Ba\u0161ka Apartments","article_modified_time":"2016-03-10T12:22:28+00:00","og_image":[{"url":"https:\/\/www.stara-baska-apartments.com\/wp-content\/uploads\/2015\/12\/StaraBaskaGalun0667-100x100.jpg","type":"","width":"","height":""}],"twitter_card":"summary_large_image","twitter_misc":{"Szacowany czas czytania":"2 minuty"},"schema":{"@context":"https:\/\/schema.org","@graph":[{"@type":"WebPage","@id":"https:\/\/www.stara-baska-apartments.com\/pl\/","url":"https:\/\/www.stara-baska-apartments.com\/pl\/","name":"Wyspa Krk - Chorwacja - Stara Baska Apartamenty","isPartOf":{"@id":"https:\/\/www.stara-baska-apartments.com\/pl\/#website"},"primaryImageOfPage":{"@id":"https:\/\/www.stara-baska-apartments.com\/pl\/#primaryimage"},"image":{"@id":"https:\/\/www.stara-baska-apartments.com\/pl\/#primaryimage"},"thumbnailUrl":"http:\/\/www.stara-baska-apartments.com\/wp-content\/uploads\/2016\/01\/StaraBaskaHouse02-300x111.jpg","datePublished":"2016-03-10T09:44:48+00:00","dateModified":"2016-03-10T12:22:28+00:00","description":"Stara Baska Apartamenty s\u0105 cz\u0119\u015bci\u0105 naszego pi\u0119knego domu w miejscowo\u015bci Stara Ba\u0161ka, kt\u00f3ry znajduje si\u0119 w pobli\u017cu pla\u017cy. Idealne miejsce dla Ciebie!","breadcrumb":{"@id":"https:\/\/www.stara-baska-apartments.com\/pl\/#breadcrumb"},"inLanguage":"pl-PL","potentialAction":[{"@type":"ReadAction","target":["https:\/\/www.stara-baska-apartments.com\/pl\/"]}]},{"@type":"ImageObject","inLanguage":"pl-PL","@id":"https:\/\/www.stara-baska-apartments.com\/pl\/#primaryimage","url":"http:\/\/www.stara-baska-apartments.com\/wp-content\/uploads\/2016\/01\/StaraBaskaHouse02-300x111.jpg","contentUrl":"http:\/\/www.stara-baska-apartments.com\/wp-content\/uploads\/2016\/01\/StaraBaskaHouse02-300x111.jpg"},{"@type":"BreadcrumbList","@id":"https:\/\/www.stara-baska-apartments.com\/pl\/#breadcrumb","itemListElement":[{"@type":"ListItem","position":1,"name":"Home","item":"https:\/\/www.stara-baska-apartments.com\/pl\/"},{"@type":"ListItem","position":2,"name":"Wyspa Krk &#8211; Chorwacja"}]},{"@type":"WebSite","@id":"https:\/\/www.stara-baska-apartments.com\/pl\/#website","url":"https:\/\/www.stara-baska-apartments.com\/pl\/","name":"Stara Ba\u0161ka Apartments","description":"The most beautiful place in Island of Krk","publisher":{"@id":"https:\/\/www.stara-baska-apartments.com\/pl\/#\/schema\/person\/120af8770dbc486d4cb500abe5530bcc"},"potentialAction":[{"@type":"SearchAction","target":{"@type":"EntryPoint","urlTemplate":"https:\/\/www.stara-baska-apartments.com\/pl\/?s={search_term_string}"},"query-input":{"@type":"PropertyValueSpecification","valueRequired":true,"valueName":"search_term_string"}}],"inLanguage":"pl-PL"},{"@type":["Person","Organization"],"@id":"https:\/\/www.stara-baska-apartments.com\/pl\/#\/schema\/person\/120af8770dbc486d4cb500abe5530bcc","name":"jeva","image":{"@type":"ImageObject","inLanguage":"pl-PL","@id":"https:\/\/www.stara-baska-apartments.com\/pl\/#\/schema\/person\/image\/","url":"https:\/\/secure.gravatar.com\/avatar\/55f1bddcac228ed6431966f123da9a710604f3bdc2ca8190637ee6aa9f669d58?s=96&d=mm&r=g","contentUrl":"https:\/\/secure.gravatar.com\/avatar\/55f1bddcac228ed6431966f123da9a710604f3bdc2ca8190637ee6aa9f669d58?s=96&d=mm&r=g","caption":"jeva"},"logo":{"@id":"https:\/\/www.stara-baska-apartments.com\/pl\/#\/schema\/person\/image\/"}}]}},"_links":{"self":[{"href":"https:\/\/www.stara-baska-apartments.com\/pl\/wp-json\/wp\/v2\/pages\/1363","targetHints":{"allow":["GET"]}}],"collection":[{"href":"https:\/\/www.stara-baska-apartments.com\/pl\/wp-json\/wp\/v2\/pages"}],"about":[{"href":"https:\/\/www.stara-baska-apartments.com\/pl\/wp-json\/wp\/v2\/types\/page"}],"author":[{"embeddable":true,"href":"https:\/\/www.stara-baska-apartments.com\/pl\/wp-json\/wp\/v2\/users\/1"}],"replies":[{"embeddable":true,"href":"https:\/\/www.stara-baska-apartments.com\/pl\/wp-json\/wp\/v2\/comments?post=1363"}],"version-history":[{"count":0,"href":"https:\/\/www.stara-baska-apartments.com\/pl\/wp-json\/wp\/v2\/pages\/1363\/revisions"}],"wp:attachment":[{"href":"https:\/\/www.stara-baska-apartments.com\/pl\/wp-json\/wp\/v2\/media?parent=1363"}],"curies":[{"name":"wp","href":"https:\/\/api.w.org\/{rel}","templated":true}]}}