{"id":1365,"date":"2016-03-10T10:51:42","date_gmt":"2016-03-10T09:51:42","guid":{"rendered":"http:\/\/www.stara-baska-apartments.com\/pl\/?page_id=1365"},"modified":"2016-03-14T01:55:08","modified_gmt":"2016-03-14T00:55:08","slug":"lokalizacja","status":"publish","type":"page","link":"https:\/\/www.stara-baska-apartments.com\/pl\/lokalizacja\/","title":{"rendered":"Lokalizacja"},"content":{"rendered":"<div>\n<h3 class=\"excerpt\">Stara Ba\u0161ka ma oko\u0142o 2 km d\u0142ugo\u015bci. Znajduje si\u0119 500 m od wjazdu do miejscowo\u015bci Stara Ba\u0161ka i nasz prywatny parking jest tylko 100 m od kamienicy tu\u017c obok ko\u015bcio\u0142a i lokalnego sklepu Mini Market.<\/h3>\n<\/div>\n<p>&nbsp;<br \/>\n<iframe loading=\"lazy\" src=\"https:\/\/www.google.com\/maps\/d\/u\/0\/embed?mid=zg9I7bYko7lI.k2450bDo23LQ\" width=\"100%\" height=\"480\"><\/iframe><\/p>\n<p><a href=\"http:\/\/www.stara-baska-apartments.com\/wp-content\/uploads\/2012\/07\/Motor_drive.jpg\" rel=\"fancybox[1365]\"><img loading=\"lazy\" decoding=\"async\" class=\"wp-image-808 size-medium alignleft\" src=\"http:\/\/www.stara-baska-apartments.com\/wp-content\/uploads\/2012\/07\/Motor_drive-300x121.jpg\" alt=\"Motor_drive\" width=\"300\" height=\"121\" srcset=\"https:\/\/www.stara-baska-apartments.com\/wp-content\/uploads\/2012\/07\/Motor_drive-300x121.jpg 300w, https:\/\/www.stara-baska-apartments.com\/wp-content\/uploads\/2012\/07\/Motor_drive-768x310.jpg 768w, https:\/\/www.stara-baska-apartments.com\/wp-content\/uploads\/2012\/07\/Motor_drive-1024x413.jpg 1024w, https:\/\/www.stara-baska-apartments.com\/wp-content\/uploads\/2012\/07\/Motor_drive.jpg 1854w\" sizes=\"auto, (max-width: 300px) 100vw, 300px\" \/><\/a><\/p>\n<blockquote><p>Przed przyjazdem radzimy skontaktowa\u0107 si\u0119 z nami poprzez e-mail, prosz\u0119 wys\u0142a\u0107 do nas wiadomo\u015b\u0107 tekstow\u0105 lub po prostu do nas zadzwoni\u0107, mo\u017cemy spotka\u0107 si\u0119 przed ko\u015bcio\u0142em lub mo\u017cna pr\u00f3bowa\u0107 nas znale\u017a\u0107 samemu \ud83d\ude42<\/p><\/blockquote>\n<p>Zach\u0119camy do obejrzenia naszego filmu, kt\u00f3ry pokazuje, jak do nas dojecha\u0107.<\/p>\n<p><iframe loading=\"lazy\" src=\"https:\/\/www.youtube.com\/embed\/XG3g3g8Tyjk?rel=0\" width=\"560\" height=\"315\" frameborder=\"0\" allowfullscreen=\"allowfullscreen\"><\/iframe><\/p>\n<p><img loading=\"lazy\" decoding=\"async\" class=\"aligncenter wp-image-897 size-full\" src=\"http:\/\/www.stara-baska-apartments.com\/wp-content\/uploads\/2016\/01\/StaraBaskaHouse02.jpg\" alt=\"Location of our house\" width=\"930\" height=\"343\" srcset=\"https:\/\/www.stara-baska-apartments.com\/wp-content\/uploads\/2016\/01\/StaraBaskaHouse02.jpg 930w, https:\/\/www.stara-baska-apartments.com\/wp-content\/uploads\/2016\/01\/StaraBaskaHouse02-300x111.jpg 300w, https:\/\/www.stara-baska-apartments.com\/wp-content\/uploads\/2016\/01\/StaraBaskaHouse02-768x283.jpg 768w\" sizes=\"auto, (max-width: 930px) 100vw, 930px\" \/><\/p>\n<table style=\"text-align: center;\">\n<tbody>\n<tr>\n<th style=\"text-align: center;\" colspan=\"3\">Po\u0142o\u017cona na p\u00f3\u0142nocy Adriatyku wyspa Krk jest po\u0142\u0105czona g\u0142\u00f3wnym mostem. Ponadto ze wzgl\u0119du na dobre po\u0142\u0105czenia promowe, dost\u0119pne s\u0105 r\u00f3wnie\u017c inne wyspy. Jest jeszcze jeden spos\u00f3b aby dosta\u0107 si\u0119 do Krk; samochodem, samolotem, lub promem z wyspy Cres i Rab.<\/th>\n<\/tr>\n<tr>\n<td><img loading=\"lazy\" decoding=\"async\" class=\"aligncenter wp-image-785 size-full\" src=\"http:\/\/www.stara-baska-apartments.com\/wp-content\/uploads\/2012\/07\/car_gray.jpg\" alt=\"car_gray\" width=\"163\" height=\"163\" srcset=\"https:\/\/www.stara-baska-apartments.com\/wp-content\/uploads\/2012\/07\/car_gray.jpg 163w, https:\/\/www.stara-baska-apartments.com\/wp-content\/uploads\/2012\/07\/car_gray-150x150.jpg 150w, https:\/\/www.stara-baska-apartments.com\/wp-content\/uploads\/2012\/07\/car_gray-100x100.jpg 100w\" sizes=\"auto, (max-width: 163px) 100vw, 163px\" \/><\/td>\n<td><img loading=\"lazy\" decoding=\"async\" class=\"aligncenter wp-image-791 size-full\" src=\"http:\/\/www.stara-baska-apartments.com\/wp-content\/uploads\/2012\/07\/plane_gray.jpg\" alt=\"plane_gray\" width=\"163\" height=\"163\" srcset=\"https:\/\/www.stara-baska-apartments.com\/wp-content\/uploads\/2012\/07\/plane_gray.jpg 163w, https:\/\/www.stara-baska-apartments.com\/wp-content\/uploads\/2012\/07\/plane_gray-150x150.jpg 150w, https:\/\/www.stara-baska-apartments.com\/wp-content\/uploads\/2012\/07\/plane_gray-100x100.jpg 100w\" sizes=\"auto, (max-width: 163px) 100vw, 163px\" \/><\/td>\n<td><img loading=\"lazy\" decoding=\"async\" class=\"size-full wp-image-798 aligncenter\" src=\"http:\/\/www.stara-baska-apartments.com\/wp-content\/uploads\/2012\/07\/farry_gray.jpg\" alt=\"farry_gray\" width=\"163\" height=\"163\" srcset=\"https:\/\/www.stara-baska-apartments.com\/wp-content\/uploads\/2012\/07\/farry_gray.jpg 163w, https:\/\/www.stara-baska-apartments.com\/wp-content\/uploads\/2012\/07\/farry_gray-150x150.jpg 150w, https:\/\/www.stara-baska-apartments.com\/wp-content\/uploads\/2012\/07\/farry_gray-100x100.jpg 100w\" sizes=\"auto, (max-width: 163px) 100vw, 163px\" \/><\/td>\n<\/tr>\n<tr>\n<td>Wielk\u0105 zalet\u0105 wyspy jest dojazd autostrad\u0105. Op\u0142ata za wjazd na <a href=http:\/\/hac.hr\/en\/toll-rates\/pricelist\/krcki-most-340>most \u0142\u0105cz\u0105cy Krk<\/a> z l\u0105dem jest uiszczana tylko raz przy przekraczaniu od strony l\u0105du.<\/td>\n<td>Stara Ba\u0161ka znajduje si\u0119 tylko 38 km od lotniska Krk. Aby dotrze\u0107 do celu mo\u017cna wynaj\u0105\u0107 samoch\u00f3d lub taks\u00f3wk\u0119. Wi\u0119cej informacji na temat mo\u017cliwo\u015bci transportu znajduje si\u0119 na stronie <a href=\"http:\/\/www.rijeka-airport.hr\/\">oficjalnej strony lotniska<\/a>. Podczas finalizacji ustale\u0144 rezerwacji mo\u017cna r\u00f3wnie\u017c sprawdzi\u0107 dost\u0119pno\u015b\u0107 naszego prywatnego transportu z lotniska do miejscowo\u015bci Stara Ba\u0161ka.<\/td>\n<td>Island Wyspa Krk jest dobrze pod\u0142\u0105czony z wyspami Cres i Rab po\u0142\u0105czeniami promowymi. Linia Prom z Valbiska molo na wyspie Cres dzia\u0142a przez ca\u0142y rok. Aby uzyska\u0107 wi\u0119cej informacji, prosimy odwiedzi\u0107: <a href=\"http:\/\/www.jadrolinija.hr\">http:\/\/www.jadrolinija.hr<\/a><\/td>\n<\/tr>\n<\/tbody>\n<\/table>\n","protected":false},"excerpt":{"rendered":"<p>Stara Ba\u0161ka ma oko\u0142o 2 km d\u0142ugo\u015bci. Znajduje si\u0119 500 m od wjazdu do miejscowo\u015bci Stara Ba\u0161ka i nasz prywatny parking jest tylko 100 m od kamienicy tu\u017c obok ko\u015bcio\u0142a i lokalnego sklepu Mini Market. &nbsp; Przed przyjazdem radzimy skontaktowa\u0107 si\u0119 z nami poprzez e-mail, prosz\u0119 wys\u0142a\u0107 do nas wiadomo\u015b\u0107[&#8230;]<\/p>\n","protected":false},"author":1,"featured_media":0,"parent":0,"menu_order":0,"comment_status":"closed","ping_status":"closed","template":"template-full.php","meta":{"sfsi_plus_gutenberg_text_before_share":"","sfsi_plus_gutenberg_show_text_before_share":"","sfsi_plus_gutenberg_icon_type":"","sfsi_plus_gutenberg_icon_alignemt":"","sfsi_plus_gutenburg_max_per_row":"","footnotes":""},"class_list":["post-1365","page","type-page","status-publish","hentry"],"yoast_head":"<!-- This site is optimized with the Yoast SEO plugin v26.9 - https:\/\/yoast.com\/product\/yoast-seo-wordpress\/ -->\n<title>Lokalizacja - Stara Baska Apartamenty<\/title>\n<meta name=\"robots\" content=\"index, follow, max-snippet:-1, max-image-preview:large, max-video-preview:-1\" \/>\n<link rel=\"canonical\" href=\"https:\/\/www.stara-baska-apartments.com\/pl\/lokalizacja\/\" \/>\n<meta property=\"og:locale\" content=\"pl_PL\" \/>\n<meta property=\"og:type\" content=\"article\" \/>\n<meta property=\"og:title\" content=\"Lokalizacja - Stara Baska Apartamenty\" \/>\n<meta property=\"og:description\" content=\"Stara Ba\u0161ka ma oko\u0142o 2 km d\u0142ugo\u015bci. Znajduje si\u0119 500 m od wjazdu do miejscowo\u015bci Stara Ba\u0161ka i nasz prywatny parking jest tylko 100 m od kamienicy tu\u017c obok ko\u015bcio\u0142a i lokalnego sklepu Mini Market. &nbsp; Przed przyjazdem radzimy skontaktowa\u0107 si\u0119 z nami poprzez e-mail, prosz\u0119 wys\u0142a\u0107 do nas wiadomo\u015b\u0107[...]\" \/>\n<meta property=\"og:url\" content=\"https:\/\/www.stara-baska-apartments.com\/pl\/lokalizacja\/\" \/>\n<meta property=\"og:site_name\" content=\"Stara Ba\u0161ka Apartments\" \/>\n<meta property=\"article:modified_time\" content=\"2016-03-14T00:55:08+00:00\" \/>\n<meta property=\"og:image\" content=\"http:\/\/www.stara-baska-apartments.com\/wp-content\/uploads\/2012\/07\/Motor_drive-300x121.jpg\" \/>\n<meta name=\"twitter:card\" content=\"summary_large_image\" \/>\n<meta name=\"twitter:label1\" content=\"Szacowany czas czytania\" \/>\n\t<meta name=\"twitter:data1\" content=\"1 minuta\" \/>\n<script type=\"application\/ld+json\" class=\"yoast-schema-graph\">{\"@context\":\"https:\/\/schema.org\",\"@graph\":[{\"@type\":\"WebPage\",\"@id\":\"https:\/\/www.stara-baska-apartments.com\/pl\/lokalizacja\/\",\"url\":\"https:\/\/www.stara-baska-apartments.com\/pl\/lokalizacja\/\",\"name\":\"Lokalizacja - Stara Baska Apartamenty\",\"isPartOf\":{\"@id\":\"https:\/\/www.stara-baska-apartments.com\/pl\/#website\"},\"primaryImageOfPage\":{\"@id\":\"https:\/\/www.stara-baska-apartments.com\/pl\/lokalizacja\/#primaryimage\"},\"image\":{\"@id\":\"https:\/\/www.stara-baska-apartments.com\/pl\/lokalizacja\/#primaryimage\"},\"thumbnailUrl\":\"http:\/\/www.stara-baska-apartments.com\/wp-content\/uploads\/2012\/07\/Motor_drive-300x121.jpg\",\"datePublished\":\"2016-03-10T09:51:42+00:00\",\"dateModified\":\"2016-03-14T00:55:08+00:00\",\"breadcrumb\":{\"@id\":\"https:\/\/www.stara-baska-apartments.com\/pl\/lokalizacja\/#breadcrumb\"},\"inLanguage\":\"pl-PL\",\"potentialAction\":[{\"@type\":\"ReadAction\",\"target\":[\"https:\/\/www.stara-baska-apartments.com\/pl\/lokalizacja\/\"]}]},{\"@type\":\"ImageObject\",\"inLanguage\":\"pl-PL\",\"@id\":\"https:\/\/www.stara-baska-apartments.com\/pl\/lokalizacja\/#primaryimage\",\"url\":\"http:\/\/www.stara-baska-apartments.com\/wp-content\/uploads\/2012\/07\/Motor_drive-300x121.jpg\",\"contentUrl\":\"http:\/\/www.stara-baska-apartments.com\/wp-content\/uploads\/2012\/07\/Motor_drive-300x121.jpg\"},{\"@type\":\"BreadcrumbList\",\"@id\":\"https:\/\/www.stara-baska-apartments.com\/pl\/lokalizacja\/#breadcrumb\",\"itemListElement\":[{\"@type\":\"ListItem\",\"position\":1,\"name\":\"Home\",\"item\":\"https:\/\/www.stara-baska-apartments.com\/pl\/\"},{\"@type\":\"ListItem\",\"position\":2,\"name\":\"Lokalizacja\"}]},{\"@type\":\"WebSite\",\"@id\":\"https:\/\/www.stara-baska-apartments.com\/pl\/#website\",\"url\":\"https:\/\/www.stara-baska-apartments.com\/pl\/\",\"name\":\"Stara Ba\u0161ka Apartments\",\"description\":\"The most beautiful place in Island of Krk\",\"publisher\":{\"@id\":\"https:\/\/www.stara-baska-apartments.com\/pl\/#\/schema\/person\/120af8770dbc486d4cb500abe5530bcc\"},\"potentialAction\":[{\"@type\":\"SearchAction\",\"target\":{\"@type\":\"EntryPoint\",\"urlTemplate\":\"https:\/\/www.stara-baska-apartments.com\/pl\/?s={search_term_string}\"},\"query-input\":{\"@type\":\"PropertyValueSpecification\",\"valueRequired\":true,\"valueName\":\"search_term_string\"}}],\"inLanguage\":\"pl-PL\"},{\"@type\":[\"Person\",\"Organization\"],\"@id\":\"https:\/\/www.stara-baska-apartments.com\/pl\/#\/schema\/person\/120af8770dbc486d4cb500abe5530bcc\",\"name\":\"jeva\",\"image\":{\"@type\":\"ImageObject\",\"inLanguage\":\"pl-PL\",\"@id\":\"https:\/\/www.stara-baska-apartments.com\/pl\/#\/schema\/person\/image\/\",\"url\":\"https:\/\/secure.gravatar.com\/avatar\/55f1bddcac228ed6431966f123da9a710604f3bdc2ca8190637ee6aa9f669d58?s=96&d=mm&r=g\",\"contentUrl\":\"https:\/\/secure.gravatar.com\/avatar\/55f1bddcac228ed6431966f123da9a710604f3bdc2ca8190637ee6aa9f669d58?s=96&d=mm&r=g\",\"caption\":\"jeva\"},\"logo\":{\"@id\":\"https:\/\/www.stara-baska-apartments.com\/pl\/#\/schema\/person\/image\/\"}}]}<\/script>\n<!-- \/ Yoast SEO plugin. -->","yoast_head_json":{"title":"Lokalizacja - Stara Baska Apartamenty","robots":{"index":"index","follow":"follow","max-snippet":"max-snippet:-1","max-image-preview":"max-image-preview:large","max-video-preview":"max-video-preview:-1"},"canonical":"https:\/\/www.stara-baska-apartments.com\/pl\/lokalizacja\/","og_locale":"pl_PL","og_type":"article","og_title":"Lokalizacja - Stara Baska Apartamenty","og_description":"Stara Ba\u0161ka ma oko\u0142o 2 km d\u0142ugo\u015bci. Znajduje si\u0119 500 m od wjazdu do miejscowo\u015bci Stara Ba\u0161ka i nasz prywatny parking jest tylko 100 m od kamienicy tu\u017c obok ko\u015bcio\u0142a i lokalnego sklepu Mini Market. &nbsp; Przed przyjazdem radzimy skontaktowa\u0107 si\u0119 z nami poprzez e-mail, prosz\u0119 wys\u0142a\u0107 do nas wiadomo\u015b\u0107[...]","og_url":"https:\/\/www.stara-baska-apartments.com\/pl\/lokalizacja\/","og_site_name":"Stara Ba\u0161ka Apartments","article_modified_time":"2016-03-14T00:55:08+00:00","og_image":[{"url":"http:\/\/www.stara-baska-apartments.com\/wp-content\/uploads\/2012\/07\/Motor_drive-300x121.jpg","type":"","width":"","height":""}],"twitter_card":"summary_large_image","twitter_misc":{"Szacowany czas czytania":"1 minuta"},"schema":{"@context":"https:\/\/schema.org","@graph":[{"@type":"WebPage","@id":"https:\/\/www.stara-baska-apartments.com\/pl\/lokalizacja\/","url":"https:\/\/www.stara-baska-apartments.com\/pl\/lokalizacja\/","name":"Lokalizacja - Stara Baska Apartamenty","isPartOf":{"@id":"https:\/\/www.stara-baska-apartments.com\/pl\/#website"},"primaryImageOfPage":{"@id":"https:\/\/www.stara-baska-apartments.com\/pl\/lokalizacja\/#primaryimage"},"image":{"@id":"https:\/\/www.stara-baska-apartments.com\/pl\/lokalizacja\/#primaryimage"},"thumbnailUrl":"http:\/\/www.stara-baska-apartments.com\/wp-content\/uploads\/2012\/07\/Motor_drive-300x121.jpg","datePublished":"2016-03-10T09:51:42+00:00","dateModified":"2016-03-14T00:55:08+00:00","breadcrumb":{"@id":"https:\/\/www.stara-baska-apartments.com\/pl\/lokalizacja\/#breadcrumb"},"inLanguage":"pl-PL","potentialAction":[{"@type":"ReadAction","target":["https:\/\/www.stara-baska-apartments.com\/pl\/lokalizacja\/"]}]},{"@type":"ImageObject","inLanguage":"pl-PL","@id":"https:\/\/www.stara-baska-apartments.com\/pl\/lokalizacja\/#primaryimage","url":"http:\/\/www.stara-baska-apartments.com\/wp-content\/uploads\/2012\/07\/Motor_drive-300x121.jpg","contentUrl":"http:\/\/www.stara-baska-apartments.com\/wp-content\/uploads\/2012\/07\/Motor_drive-300x121.jpg"},{"@type":"BreadcrumbList","@id":"https:\/\/www.stara-baska-apartments.com\/pl\/lokalizacja\/#breadcrumb","itemListElement":[{"@type":"ListItem","position":1,"name":"Home","item":"https:\/\/www.stara-baska-apartments.com\/pl\/"},{"@type":"ListItem","position":2,"name":"Lokalizacja"}]},{"@type":"WebSite","@id":"https:\/\/www.stara-baska-apartments.com\/pl\/#website","url":"https:\/\/www.stara-baska-apartments.com\/pl\/","name":"Stara Ba\u0161ka Apartments","description":"The most beautiful place in Island of Krk","publisher":{"@id":"https:\/\/www.stara-baska-apartments.com\/pl\/#\/schema\/person\/120af8770dbc486d4cb500abe5530bcc"},"potentialAction":[{"@type":"SearchAction","target":{"@type":"EntryPoint","urlTemplate":"https:\/\/www.stara-baska-apartments.com\/pl\/?s={search_term_string}"},"query-input":{"@type":"PropertyValueSpecification","valueRequired":true,"valueName":"search_term_string"}}],"inLanguage":"pl-PL"},{"@type":["Person","Organization"],"@id":"https:\/\/www.stara-baska-apartments.com\/pl\/#\/schema\/person\/120af8770dbc486d4cb500abe5530bcc","name":"jeva","image":{"@type":"ImageObject","inLanguage":"pl-PL","@id":"https:\/\/www.stara-baska-apartments.com\/pl\/#\/schema\/person\/image\/","url":"https:\/\/secure.gravatar.com\/avatar\/55f1bddcac228ed6431966f123da9a710604f3bdc2ca8190637ee6aa9f669d58?s=96&d=mm&r=g","contentUrl":"https:\/\/secure.gravatar.com\/avatar\/55f1bddcac228ed6431966f123da9a710604f3bdc2ca8190637ee6aa9f669d58?s=96&d=mm&r=g","caption":"jeva"},"logo":{"@id":"https:\/\/www.stara-baska-apartments.com\/pl\/#\/schema\/person\/image\/"}}]}},"_links":{"self":[{"href":"https:\/\/www.stara-baska-apartments.com\/pl\/wp-json\/wp\/v2\/pages\/1365","targetHints":{"allow":["GET"]}}],"collection":[{"href":"https:\/\/www.stara-baska-apartments.com\/pl\/wp-json\/wp\/v2\/pages"}],"about":[{"href":"https:\/\/www.stara-baska-apartments.com\/pl\/wp-json\/wp\/v2\/types\/page"}],"author":[{"embeddable":true,"href":"https:\/\/www.stara-baska-apartments.com\/pl\/wp-json\/wp\/v2\/users\/1"}],"replies":[{"embeddable":true,"href":"https:\/\/www.stara-baska-apartments.com\/pl\/wp-json\/wp\/v2\/comments?post=1365"}],"version-history":[{"count":0,"href":"https:\/\/www.stara-baska-apartments.com\/pl\/wp-json\/wp\/v2\/pages\/1365\/revisions"}],"wp:attachment":[{"href":"https:\/\/www.stara-baska-apartments.com\/pl\/wp-json\/wp\/v2\/media?parent=1365"}],"curies":[{"name":"wp","href":"https:\/\/api.w.org\/{rel}","templated":true}]}}